{"id":123,"date":"2016-01-23T17:46:32","date_gmt":"2016-01-23T17:46:32","guid":{"rendered":"http:\/\/quiberonsportnature.bzh\/?page_id=123"},"modified":"2016-07-29T18:35:06","modified_gmt":"2016-07-29T18:35:06","slug":"les-mentions-legales","status":"publish","type":"page","link":"https:\/\/quiberonsportnature.bzh\/index.php\/les-mentions-legales\/","title":{"rendered":"Mentions l\u00e9gales"},"content":{"rendered":"<p>Le pr\u00e9sent site est la propri\u00e9t\u00e9 de l\u2019association <strong>Quiberon Sport Nature,<\/strong>\u00a014 rue des Bruy\u00e8res, 56170 Quiberon<br \/>\nLe site est r\u00e9alis\u00e9 par l\u2019association <strong>Quiberon Sport Nature<\/strong> qui en dirige les publications<br \/>\nLes photos du site ne sont pas libres de droit (\u00a9Droits r\u00e9serv\u00e9s)<br \/>\nLe site est h\u00e9berg\u00e9 par la soci\u00e9t\u00e9 <strong>OVH<\/strong><\/p>\n<h3><span style=\"color: #0077c6;\">1. Informations techniques<\/span><\/h3>\n<p style=\"text-align: justify;\">L&rsquo;utilisateur du pr\u00e9sent site reconna\u00eet disposer de la comp\u00e9tence des moyens n\u00e9cessaires pour acc\u00e9der et utiliser \u00e0 ce site et avoir v\u00e9rifi\u00e9 que la configuration informatique utilis\u00e9e ne contient aucun virus et qu&rsquo;elle est en parfait \u00e9tat de fonctionnement.<br \/>\nL&rsquo;utilisateur reconna\u00eet avoir \u00e9t\u00e9 inform\u00e9 que le pr\u00e9sent site est accessible 24 heures sur 24 et 7 jours sur 7, \u00e0 l&rsquo;exception des cas de force majeure, difficult\u00e9s li\u00e9es \u00e0 la structure des r\u00e9seaux de communication ou difficult\u00e9s techniques.<br \/>\nPour des raisons de maintenance, l\u2019association Quiberon Sport Nature pourra interrompre le site et s&rsquo;efforcera d&rsquo;en avertir pr\u00e9alablement les utilisateurs.<br \/>\nl&rsquo;association Quiberon Sport Nature met tout en oeuvre pour offrir aux utilisateurs des informations et\/ou outils disponibles et v\u00e9rifi\u00e9s, mais ne saurait \u00eatre tenu responsable des erreurs, d&rsquo;une absence de disponibilit\u00e9 des informations et\/ou de la pr\u00e9sence de virus sur son site.<\/p>\n<h3><span style=\"color: #0077c6;\">2. Loi informatique et libert\u00e9<\/span><\/h3>\n<p style=\"text-align: justify;\">L&rsquo;utilisateur est inform\u00e9, conform\u00e9ment \u00e0 l&rsquo;article 27 de la loi Informatique, fichiers et libert\u00e9s du 6 janvier 1978, que les informations facultatives qu&rsquo;il communique en r\u00e9pondant s&rsquo;il le souhaite aux formulaires pr\u00e9sents sur le site permettent de r\u00e9pondre \u00e0 sa demande, et sont destin\u00e9es \u00e0 l\u2019association Quiberon Sport Nature, responsable du traitement, \u00e0 des fins de gestion administrative et commerciale ainsi que, sauf opposition de sa part, aux autres soci\u00e9t\u00e9s du groupe ou aux soci\u00e9t\u00e9s partenaires de l\u2019association Quiberon Sport Nature.<br \/>\nL&rsquo;utilisateur est inform\u00e9 qu&rsquo;il dispose d&rsquo;un droit d&rsquo;acc\u00e8s et de rectification relativement \u00e0 l&rsquo;ensemble des donn\u00e9es nominatives le concernant en \u00e9crivant \u00e0 l\u2019association Quiberon Sport Nature.<\/p>\n<h3><span style=\"color: #0077c6;\">3. Propri\u00e9t\u00e9, droits d&rsquo;auteur<\/span><\/h3>\n<p style=\"text-align: justify;\">La structure g\u00e9n\u00e9rale, ainsi que les logiciels, textes, images anim\u00e9es ou non,b son savoir faire, et tous autres \u00e9l\u00e9ments composants le site sont la propri\u00e9t\u00e9 exclusive de l\u2019association Quiberon Sport Nature.<br \/>\nToute repr\u00e9sentation totale ou partielle de ce site par quelque proc\u00e9d\u00e9 que ce soit, sans l&rsquo;autorisation expresse de l\u2019association Quiberon Sport Nature est interdite et constituerait une contrefa\u00e7on sanctionn\u00e9e par les articles L.335-2 et suivants du Code de la propri\u00e9t\u00e9 intellectuelle.<br \/>\nIl en est de m\u00eame des bases de donn\u00e9es figurant sur le site web, qui sont prot\u00e9g\u00e9es par les dispositions du Code de la propri\u00e9t\u00e9 intellectuelle portant transposition de la directive europ\u00e9enne du 11 mars 1996 relative \u00e0 la protection juridique des bases de donn\u00e9es, et dont l\u2019association Quiberon Sport Nature est producteur.<br \/>\nTout utilisateur ou visiteur du site web ne peut mettre en place un hyperlien en direction de ce site sans l&rsquo;autorisation expresse et pr\u00e9alable de l\u2019association Quiberon Sport Nature.<\/p>\n<h3><span style=\"color: #0077c6;\">4. Condition d&rsquo;utilisation du service d&rsquo;envoi\u00a0d&#8217;emails promotionnels<\/span><\/h3>\n<p style=\"text-align: justify;\">Les informations et donn\u00e9es personnelles recueillies sur les formulaires de ce site font l&rsquo;objet d&rsquo;un traitement informatique nous permettant de vous informer de l&rsquo;actualit\u00e9, de nos offres commerciales et\/ou de celles de nos partenaires par e-mail. L&rsquo;absence de r\u00e9ponse aux questions facultatives n&rsquo;a aucune cons\u00e9quence, elles nous permettent seulement de mieux vous conna\u00eetre.<br \/>\nNous vous garantissons que tous les moyens sont mis en \u0153uvre pour garantir la plus grande confidentialit\u00e9 et int\u00e9grit\u00e9 des donn\u00e9es que vous nous confiez.<br \/>\nConform\u00e9ment \u00e0 la loi n\u00b0 78-17 du 6 janvier 1978, vous disposez d&rsquo;un droit d&rsquo;acc\u00e8s, de rectification et de suppression des informations vous concernant.<\/p>\n","protected":false},"excerpt":{"rendered":"<p>Le pr\u00e9sent site est la propri\u00e9t\u00e9 de l\u2019association Quiberon Sport Nature,\u00a014 rue des Bruy\u00e8res, 56170 Quiberon Le site est r\u00e9alis\u00e9 par l\u2019association Quiberon Sport Nature qui en dirige les publications Les photos du site ne sont pas libres de droit<\/p>\n","protected":false},"author":2,"featured_media":0,"parent":0,"menu_order":20,"comment_status":"closed","ping_status":"closed","template":"","meta":[],"_links":{"self":[{"href":"https:\/\/quiberonsportnature.bzh\/index.php\/wp-json\/wp\/v2\/pages\/123"}],"collection":[{"href":"https:\/\/quiberonsportnature.bzh\/index.php\/wp-json\/wp\/v2\/pages"}],"about":[{"href":"https:\/\/quiberonsportnature.bzh\/index.php\/wp-json\/wp\/v2\/types\/page"}],"author":[{"embeddable":true,"href":"https:\/\/quiberonsportnature.bzh\/index.php\/wp-json\/wp\/v2\/users\/2"}],"replies":[{"embeddable":true,"href":"https:\/\/quiberonsportnature.bzh\/index.php\/wp-json\/wp\/v2\/comments?post=123"}],"version-history":[{"count":7,"href":"https:\/\/quiberonsportnature.bzh\/index.php\/wp-json\/wp\/v2\/pages\/123\/revisions"}],"predecessor-version":[{"id":201,"href":"https:\/\/quiberonsportnature.bzh\/index.php\/wp-json\/wp\/v2\/pages\/123\/revisions\/201"}],"wp:attachment":[{"href":"https:\/\/quiberonsportnature.bzh\/index.php\/wp-json\/wp\/v2\/media?parent=123"}],"curies":[{"name":"wp","href":"https:\/\/api.w.org\/{rel}","templated":true}]}}