{"id":143,"date":"2016-01-23T19:53:00","date_gmt":"2016-01-23T19:53:00","guid":{"rendered":"http:\/\/quiberonsportnature.bzh\/?page_id=143"},"modified":"2024-10-22T20:50:13","modified_gmt":"2024-10-22T20:50:13","slug":"presse","status":"publish","type":"page","link":"https:\/\/quiberonsportnature.bzh\/index.php\/medias\/presse\/","title":{"rendered":"Presse"},"content":{"rendered":"\n<figure class=\"wp-block-image\"><img alt=\"\"\/><\/figure>\n\n\n\n<h2><strong><span class=\"has-inline-color has-vivid-cyan-blue-color\">FDL 24 &#8211; Le T\u00e9l\u00e9gramme<\/span><\/strong><\/h2>\n\n\n\n<figure class=\"wp-block-image size-large is-resized\"><img loading=\"lazy\" src=\"http:\/\/quiberonsportnature.bzh\/wp-content\/uploads\/2024\/10\/Saint-Peyre-724x1024.jpg\" alt=\"\" class=\"wp-image-6714\" width=\"776\" height=\"1098\" srcset=\"https:\/\/quiberonsportnature.bzh\/wp-content\/uploads\/2024\/10\/Saint-Peyre-724x1024.jpg 724w, https:\/\/quiberonsportnature.bzh\/wp-content\/uploads\/2024\/10\/Saint-Peyre-283x400.jpg 283w, https:\/\/quiberonsportnature.bzh\/wp-content\/uploads\/2024\/10\/Saint-Peyre-177x250.jpg 177w, https:\/\/quiberonsportnature.bzh\/wp-content\/uploads\/2024\/10\/Saint-Peyre-1086x1536.jpg 1086w, https:\/\/quiberonsportnature.bzh\/wp-content\/uploads\/2024\/10\/Saint-Peyre-1448x2048.jpg 1448w, https:\/\/quiberonsportnature.bzh\/wp-content\/uploads\/2024\/10\/Saint-Peyre-35x50.jpg 35w, https:\/\/quiberonsportnature.bzh\/wp-content\/uploads\/2024\/10\/Saint-Peyre-scaled.jpg 1810w\" sizes=\"(max-width: 776px) 100vw, 776px\" \/><\/figure>\n\n\n\n<h2><strong><span class=\"has-inline-color has-vivid-cyan-blue-color\">FDL 24 &#8211; Le T\u00e9l\u00e9gramme<\/span><\/strong><\/h2>\n\n\n\n<div class=\"wp-block-image\"><figure class=\"aligncenter size-full is-resized\"><img loading=\"lazy\" src=\"http:\/\/quiberonsportnature.bzh\/wp-content\/uploads\/2024\/10\/IMG_0583.jpg\" alt=\"\" class=\"wp-image-6713\" width=\"667\" height=\"1093\" srcset=\"https:\/\/quiberonsportnature.bzh\/wp-content\/uploads\/2024\/10\/IMG_0583.jpg 512w, https:\/\/quiberonsportnature.bzh\/wp-content\/uploads\/2024\/10\/IMG_0583-244x400.jpg 244w, https:\/\/quiberonsportnature.bzh\/wp-content\/uploads\/2024\/10\/IMG_0583-153x250.jpg 153w, https:\/\/quiberonsportnature.bzh\/wp-content\/uploads\/2024\/10\/IMG_0583-31x50.jpg 31w\" sizes=\"(max-width: 667px) 100vw, 667px\" \/><\/figure><\/div>\n\n\n\n<h2><strong><span class=\"has-inline-color has-vivid-cyan-blue-color\">FDL<span class=\"has-inline-color has-vivid-cyan-blue-color\"><\/span> 23 &#8211; OUEST FRANCE<\/span><\/strong><\/h2>\n\n\n\n<figure class=\"wp-block-image size-full\"><img loading=\"lazy\" width=\"1024\" height=\"940\" src=\"http:\/\/quiberonsportnature.bzh\/wp-content\/uploads\/2024\/10\/362563189_747940073798558_4259844048024642295_n.jpg\" alt=\"\" class=\"wp-image-6726\" srcset=\"https:\/\/quiberonsportnature.bzh\/wp-content\/uploads\/2024\/10\/362563189_747940073798558_4259844048024642295_n.jpg 1024w, https:\/\/quiberonsportnature.bzh\/wp-content\/uploads\/2024\/10\/362563189_747940073798558_4259844048024642295_n-436x400.jpg 436w, https:\/\/quiberonsportnature.bzh\/wp-content\/uploads\/2024\/10\/362563189_747940073798558_4259844048024642295_n-250x229.jpg 250w, https:\/\/quiberonsportnature.bzh\/wp-content\/uploads\/2024\/10\/362563189_747940073798558_4259844048024642295_n-50x46.jpg 50w\" sizes=\"(max-width: 1024px) 100vw, 1024px\" \/><\/figure>\n\n\n\n<h2><strong><span class=\"has-inline-color has-vivid-cyan-blue-color\">FDL 22 &#8211; Le T\u00e9l\u00e9gramme<\/span><\/strong><\/h2>\n\n\n\n<div class=\"wp-block-image\"><figure class=\"aligncenter size-full is-resized\"><img loading=\"lazy\" src=\"http:\/\/quiberonsportnature.bzh\/wp-content\/uploads\/2022\/11\/PHOTO-2022-07-20-11-00-19.jpeg\" alt=\"\" class=\"wp-image-5955\" width=\"597\" height=\"855\" srcset=\"https:\/\/quiberonsportnature.bzh\/wp-content\/uploads\/2022\/11\/PHOTO-2022-07-20-11-00-19.jpeg 540w, https:\/\/quiberonsportnature.bzh\/wp-content\/uploads\/2022\/11\/PHOTO-2022-07-20-11-00-19-279x400.jpeg 279w, https:\/\/quiberonsportnature.bzh\/wp-content\/uploads\/2022\/11\/PHOTO-2022-07-20-11-00-19-175x250.jpeg 175w, https:\/\/quiberonsportnature.bzh\/wp-content\/uploads\/2022\/11\/PHOTO-2022-07-20-11-00-19-35x50.jpeg 35w\" sizes=\"(max-width: 597px) 100vw, 597px\" \/><\/figure><\/div>\n\n\n\n<h2><strong><span class=\"has-inline-color has-vivid-cyan-blue-color\">ELO 23 &#8211; Le T\u00e9l\u00e9gramme<\/span><\/strong><\/h2>\n\n\n<h3><img loading=\"lazy\" class=\"wp-image-6722 aligncenter\" src=\"http:\/\/quiberonsportnature.bzh\/wp-content\/uploads\/2024\/10\/Article-LT-du-2203-446x400.jpg\" alt=\"\" width=\"653\" height=\"586\" srcset=\"https:\/\/quiberonsportnature.bzh\/wp-content\/uploads\/2024\/10\/Article-LT-du-2203-446x400.jpg 446w, https:\/\/quiberonsportnature.bzh\/wp-content\/uploads\/2024\/10\/Article-LT-du-2203-1024x918.jpg 1024w, https:\/\/quiberonsportnature.bzh\/wp-content\/uploads\/2024\/10\/Article-LT-du-2203-250x224.jpg 250w, https:\/\/quiberonsportnature.bzh\/wp-content\/uploads\/2024\/10\/Article-LT-du-2203-1536x1377.jpg 1536w, https:\/\/quiberonsportnature.bzh\/wp-content\/uploads\/2024\/10\/Article-LT-du-2203-2048x1835.jpg 2048w, https:\/\/quiberonsportnature.bzh\/wp-content\/uploads\/2024\/10\/Article-LT-du-2203-50x45.jpg 50w\" sizes=\"(max-width: 653px) 100vw, 653px\" \/><\/h3>\n<h3>&nbsp;<\/h3>\n<h3><span style=\"color: #0077c6;\">FDL 2019&nbsp; &#8211; Le T\u00e9l\u00e9gramme<\/span><\/h3>\n<p><a href=\"http:\/\/quiberonsportnature.bzh\/index.php\/medias\/presse\/capture-decran-2019-04-25-a-08-30-34\/\" rel=\"attachment wp-att-4720\"><img loading=\"lazy\" class=\"alignright size-full wp-image-4720\" src=\"http:\/\/quiberonsportnature.bzh\/wp-content\/uploads\/2019\/04\/Capture-d\u2019\u00e9cran-2019-04-25-\u00e0-08.30.34.png\" alt=\"\" width=\"852\" height=\"638\" srcset=\"https:\/\/quiberonsportnature.bzh\/wp-content\/uploads\/2019\/04\/Capture-d\u2019\u00e9cran-2019-04-25-\u00e0-08.30.34.png 852w, https:\/\/quiberonsportnature.bzh\/wp-content\/uploads\/2019\/04\/Capture-d\u2019\u00e9cran-2019-04-25-\u00e0-08.30.34-250x187.png 250w, https:\/\/quiberonsportnature.bzh\/wp-content\/uploads\/2019\/04\/Capture-d\u2019\u00e9cran-2019-04-25-\u00e0-08.30.34-534x400.png 534w, https:\/\/quiberonsportnature.bzh\/wp-content\/uploads\/2019\/04\/Capture-d\u2019\u00e9cran-2019-04-25-\u00e0-08.30.34-50x37.png 50w\" sizes=\"(max-width: 852px) 100vw, 852px\" \/><\/a><\/p>\n<h3>&nbsp;<\/h3>\n<h3>&nbsp;<\/h3>\n<h3>&nbsp;<\/h3>\n<h3>&nbsp;<\/h3>\n<h3>&nbsp;<\/h3>\n<h3><span style=\"color: #0077c6;\">2018.10.15 &#8211; Ouest France<\/span><\/h3>\n<h3><a href=\"http:\/\/quiberonsportnature.bzh\/wp-content\/uploads\/2018\/10\/55-adh\u00e9rents-OF-15-OCTOBRE.jpg\"><img loading=\"lazy\" class=\"size-full wp-image-4492 alignleft\" src=\"http:\/\/quiberonsportnature.bzh\/wp-content\/uploads\/2018\/10\/55-adh\u00e9rents-OF-15-OCTOBRE.jpg\" alt=\"\" width=\"614\" height=\"920\"><\/a><\/h3>\n<p><\/p>\n<h3>&nbsp;<\/h3>\n<h3>&nbsp;<\/h3>\n<h3>&nbsp;<\/h3>\n<h3>&nbsp;<\/h3>\n<h3>&nbsp;<\/h3>\n<h3>&nbsp;<\/h3>\n<h3>&nbsp;<\/h3>\n<h3>&nbsp;<\/h3>\n<h3>&nbsp;<\/h3>\n<h3>&nbsp;<\/h3>\n<h3>&nbsp;<\/h3>\n<h3>&nbsp;<\/h3>\n<h3>&nbsp;<\/h3>\n<h3>&nbsp;<\/h3>\n<h3>&nbsp;<\/h3>\n<h3>&nbsp;<\/h3>\n<h3>&nbsp;<\/h3>\n<h3>&nbsp;<\/h3>\n<h3>&nbsp;<\/h3>\n<h3>&nbsp;<\/h3>\n<h3><span style=\"color: #0077c6;\">2018.07.30 &#8211; Le T\u00e9l\u00e9gramme<br><\/span><\/h3>\n<p><a href=\"http:\/\/quiberonsportnature.bzh\/wp-content\/uploads\/2018\/08\/Ouest-France-\u00e0-juillet.jpg\"><img loading=\"lazy\" class=\"size-full wp-image-4426 alignleft\" src=\"http:\/\/quiberonsportnature.bzh\/wp-content\/uploads\/2018\/08\/Ouest-France-\u00e0-juillet.jpg\" alt=\"\" width=\"631\" height=\"939\"><\/a><\/p>\n<p><\/p>\n<h3>&nbsp;<\/h3>\n<h3>&nbsp;<\/h3>\n<h3>&nbsp;<\/h3>\n<h3>&nbsp;<\/h3>\n<h3>&nbsp;<\/h3>\n<h3>&nbsp;<\/h3>\n<h3>&nbsp;<\/h3>\n<h3>&nbsp;<\/h3>\n<h3>&nbsp;<\/h3>\n<h3>&nbsp;<\/h3>\n<h3>&nbsp;<\/h3>\n<h3>&nbsp;<\/h3>\n<h3>&nbsp;<\/h3>\n<h3>&nbsp;<\/h3>\n<h3>&nbsp;<\/h3>\n<h3>&nbsp;<\/h3>\n<h3>&nbsp;<\/h3>\n<h3>&nbsp;<\/h3>\n<h3>&nbsp;<\/h3>\n<h3>&nbsp;<\/h3>\n<h3><span style=\"color: #0077c6;\">2018.07.21 &#8211; Le T\u00e9l\u00e9gramme<\/span><\/h3>\n<h3><a href=\"http:\/\/quiberonsportnature.bzh\/wp-content\/uploads\/2018\/08\/2018-07-21-Le-Telegramme.jpg\"><img loading=\"lazy\" class=\"size-full wp-image-4420 alignleft\" src=\"http:\/\/quiberonsportnature.bzh\/wp-content\/uploads\/2018\/08\/2018-07-21-Le-Telegramme.jpg\" alt=\"\" width=\"733\" height=\"735\" srcset=\"https:\/\/quiberonsportnature.bzh\/wp-content\/uploads\/2018\/08\/2018-07-21-Le-Telegramme.jpg 733w, https:\/\/quiberonsportnature.bzh\/wp-content\/uploads\/2018\/08\/2018-07-21-Le-Telegramme-250x250.jpg 250w, https:\/\/quiberonsportnature.bzh\/wp-content\/uploads\/2018\/08\/2018-07-21-Le-Telegramme-399x400.jpg 399w, https:\/\/quiberonsportnature.bzh\/wp-content\/uploads\/2018\/08\/2018-07-21-Le-Telegramme-230x230.jpg 230w, https:\/\/quiberonsportnature.bzh\/wp-content\/uploads\/2018\/08\/2018-07-21-Le-Telegramme-330x330.jpg 330w\" sizes=\"(max-width: 733px) 100vw, 733px\" \/><\/a><\/h3>\n<p><\/p>\n<p><\/p>\n<h3><span style=\"color: #0077c6;\">2018.07.19 &#8211; Ouest France<br><\/span><\/h3>\n<p><a href=\"http:\/\/quiberonsportnature.bzh\/wp-content\/uploads\/2018\/07\/2018_07_19_OUEST-FRANCE.jpg\"><img loading=\"lazy\" class=\"size-full wp-image-4381 alignleft\" src=\"http:\/\/quiberonsportnature.bzh\/wp-content\/uploads\/2018\/07\/2018_07_19_OUEST-FRANCE.jpg\" alt=\"\" width=\"545\" height=\"892\" srcset=\"https:\/\/quiberonsportnature.bzh\/wp-content\/uploads\/2018\/07\/2018_07_19_OUEST-FRANCE.jpg 545w, https:\/\/quiberonsportnature.bzh\/wp-content\/uploads\/2018\/07\/2018_07_19_OUEST-FRANCE-153x250.jpg 153w, https:\/\/quiberonsportnature.bzh\/wp-content\/uploads\/2018\/07\/2018_07_19_OUEST-FRANCE-244x400.jpg 244w\" sizes=\"(max-width: 545px) 100vw, 545px\" \/><\/a><\/p>\n<h3>&nbsp;<\/h3>\n<h3>&nbsp;<\/h3>\n<h3>&nbsp;<\/h3>\n<h3>&nbsp;<\/h3>\n<h3>&nbsp;<\/h3>\n<h3>&nbsp;<\/h3>\n<h3>&nbsp;<\/h3>\n<h3>&nbsp;<\/h3>\n<h3>&nbsp;<\/h3>\n<h3>&nbsp;<\/h3>\n<h3>&nbsp;<\/h3>\n<h3>&nbsp;<\/h3>\n<h3>&nbsp;<\/h3>\n<h3>&nbsp;<\/h3>\n<h3>&nbsp;<\/h3>\n<h3>&nbsp;<\/h3>\n<h3>&nbsp;<\/h3>\n<h3>&nbsp;<\/h3>\n<h3>&nbsp;<\/h3>\n<h3><span style=\"color: #0077c6;\">2018.07.19 &#8211; Le T\u00e9l\u00e9gramme<\/span><\/h3>\n<p><a href=\"http:\/\/quiberonsportnature.bzh\/wp-content\/uploads\/2018\/07\/2018_07_19-le-telegramme.jpg\"><img loading=\"lazy\" class=\"alignnone size-full wp-image-4361\" src=\"http:\/\/quiberonsportnature.bzh\/wp-content\/uploads\/2018\/07\/2018_07_19-le-telegramme.jpg\" alt=\"\" width=\"811\" height=\"904\" srcset=\"https:\/\/quiberonsportnature.bzh\/wp-content\/uploads\/2018\/07\/2018_07_19-le-telegramme.jpg 811w, https:\/\/quiberonsportnature.bzh\/wp-content\/uploads\/2018\/07\/2018_07_19-le-telegramme-224x250.jpg 224w, https:\/\/quiberonsportnature.bzh\/wp-content\/uploads\/2018\/07\/2018_07_19-le-telegramme-359x400.jpg 359w\" sizes=\"(max-width: 811px) 100vw, 811px\" \/><\/a><\/p>\n<p><\/p>\n<hr>\n<h3><span style=\"color: #0077c6;\">25.07.2017 &#8211; Ouest France<\/span><\/h3>\n<p><a href=\"http:\/\/quiberonsportnature.bzh\/wp-content\/uploads\/2016\/01\/2017-07-25-ouest-france.jpg\"><img loading=\"lazy\" class=\"alignnone size-full wp-image-4169\" src=\"http:\/\/quiberonsportnature.bzh\/wp-content\/uploads\/2016\/01\/2017-07-25-ouest-france.jpg\" alt=\"\" width=\"433\" height=\"322\" srcset=\"https:\/\/quiberonsportnature.bzh\/wp-content\/uploads\/2016\/01\/2017-07-25-ouest-france.jpg 433w, https:\/\/quiberonsportnature.bzh\/wp-content\/uploads\/2016\/01\/2017-07-25-ouest-france-250x186.jpg 250w, https:\/\/quiberonsportnature.bzh\/wp-content\/uploads\/2016\/01\/2017-07-25-ouest-france-50x37.jpg 50w\" sizes=\"(max-width: 433px) 100vw, 433px\" \/><\/a><\/p>\n<h3><span style=\"color: #0077c6;\">24.07.2017 &#8211; Le T\u00e9l\u00e9gramme<\/span><\/h3>\n<p><a href=\"http:\/\/quiberonsportnature.bzh\/wp-content\/uploads\/2016\/01\/Le-T\u00e9l\u00e9gramme1-24.07.2017.jpg\"><img loading=\"lazy\" class=\"size-full wp-image-4172 alignleft\" src=\"http:\/\/quiberonsportnature.bzh\/wp-content\/uploads\/2016\/01\/Le-T\u00e9l\u00e9gramme1-24.07.2017.jpg\" alt=\"\" width=\"1000\" height=\"670\" srcset=\"https:\/\/quiberonsportnature.bzh\/wp-content\/uploads\/2016\/01\/Le-T\u00e9l\u00e9gramme1-24.07.2017.jpg 1000w, https:\/\/quiberonsportnature.bzh\/wp-content\/uploads\/2016\/01\/Le-T\u00e9l\u00e9gramme1-24.07.2017-250x168.jpg 250w, https:\/\/quiberonsportnature.bzh\/wp-content\/uploads\/2016\/01\/Le-T\u00e9l\u00e9gramme1-24.07.2017-597x400.jpg 597w, https:\/\/quiberonsportnature.bzh\/wp-content\/uploads\/2016\/01\/Le-T\u00e9l\u00e9gramme1-24.07.2017-50x34.jpg 50w\" sizes=\"(max-width: 1000px) 100vw, 1000px\" \/><\/a><\/p>\n<h3><span style=\"color: #0077c6;\"><a href=\"http:\/\/quiberonsportnature.bzh\/wp-content\/uploads\/2016\/01\/Le-T\u00e9l\u00e9gramme2-24.07.2017.jpg\"><img loading=\"lazy\" class=\"alignnone size-full wp-image-4173\" src=\"http:\/\/quiberonsportnature.bzh\/wp-content\/uploads\/2016\/01\/Le-T\u00e9l\u00e9gramme2-24.07.2017.jpg\" alt=\"\" width=\"1000\" height=\"804\" srcset=\"https:\/\/quiberonsportnature.bzh\/wp-content\/uploads\/2016\/01\/Le-T\u00e9l\u00e9gramme2-24.07.2017.jpg 1000w, https:\/\/quiberonsportnature.bzh\/wp-content\/uploads\/2016\/01\/Le-T\u00e9l\u00e9gramme2-24.07.2017-250x201.jpg 250w, https:\/\/quiberonsportnature.bzh\/wp-content\/uploads\/2016\/01\/Le-T\u00e9l\u00e9gramme2-24.07.2017-498x400.jpg 498w, https:\/\/quiberonsportnature.bzh\/wp-content\/uploads\/2016\/01\/Le-T\u00e9l\u00e9gramme2-24.07.2017-50x40.jpg 50w\" sizes=\"(max-width: 1000px) 100vw, 1000px\" \/><\/a><\/span><\/h3>\n<p><\/p>\n<h3><span style=\"color: #0077c6;\">21.07.2017 &#8211; Le T\u00e9l\u00e9gramme<\/span><\/h3>\n<p><a href=\"http:\/\/quiberonsportnature.bzh\/wp-content\/uploads\/2016\/01\/Le-T\u00e9l\u00e9gramme-21.07.2017.jpg\"><img loading=\"lazy\" class=\"size-full wp-image-3942 alignnone\" src=\"http:\/\/quiberonsportnature.bzh\/wp-content\/uploads\/2016\/01\/Le-T\u00e9l\u00e9gramme-21.07.2017.jpg\" alt=\"\" width=\"535\" height=\"815\" srcset=\"https:\/\/quiberonsportnature.bzh\/wp-content\/uploads\/2016\/01\/Le-T\u00e9l\u00e9gramme-21.07.2017.jpg 535w, https:\/\/quiberonsportnature.bzh\/wp-content\/uploads\/2016\/01\/Le-T\u00e9l\u00e9gramme-21.07.2017-164x250.jpg 164w, https:\/\/quiberonsportnature.bzh\/wp-content\/uploads\/2016\/01\/Le-T\u00e9l\u00e9gramme-21.07.2017-263x400.jpg 263w, https:\/\/quiberonsportnature.bzh\/wp-content\/uploads\/2016\/01\/Le-T\u00e9l\u00e9gramme-21.07.2017-33x50.jpg 33w\" sizes=\"(max-width: 535px) 100vw, 535px\" \/><\/a><\/p>\n<h3><span style=\"color: #0077c6;\">18.07.2017 &#8211; Le T\u00e9l\u00e9gramme<\/span><\/h3>\n<p><a href=\"http:\/\/quiberonsportnature.bzh\/wp-content\/uploads\/2016\/01\/Le-T\u00e9l\u00e9gramme-18.07.2017.jpg\"><img loading=\"lazy\" class=\"size-medium wp-image-3918 alignnone\" src=\"http:\/\/quiberonsportnature.bzh\/wp-content\/uploads\/2016\/01\/Le-T\u00e9l\u00e9gramme-18.07.2017-559x400.jpg\" alt=\"\" width=\"559\" height=\"400\" srcset=\"https:\/\/quiberonsportnature.bzh\/wp-content\/uploads\/2016\/01\/Le-T\u00e9l\u00e9gramme-18.07.2017-559x400.jpg 559w, https:\/\/quiberonsportnature.bzh\/wp-content\/uploads\/2016\/01\/Le-T\u00e9l\u00e9gramme-18.07.2017-250x179.jpg 250w, https:\/\/quiberonsportnature.bzh\/wp-content\/uploads\/2016\/01\/Le-T\u00e9l\u00e9gramme-18.07.2017-50x36.jpg 50w, https:\/\/quiberonsportnature.bzh\/wp-content\/uploads\/2016\/01\/Le-T\u00e9l\u00e9gramme-18.07.2017.jpg 750w\" sizes=\"(max-width: 559px) 100vw, 559px\" \/><\/a><\/p>\n<p><\/p>\n<h3><span style=\"color: #0077c6;\">10.07.2017 &#8211; Le T\u00e9l\u00e9gramme<\/span><\/h3>\n<p><a href=\"http:\/\/quiberonsportnature.bzh\/wp-content\/uploads\/2016\/01\/Le-T\u00e9l\u00e9gramme-10.07.2017.jpg\"><img loading=\"lazy\" class=\"size-medium wp-image-3809 alignnone\" src=\"http:\/\/quiberonsportnature.bzh\/wp-content\/uploads\/2016\/01\/Le-T\u00e9l\u00e9gramme-10.07.2017-517x400.jpg\" alt=\"\" width=\"517\" height=\"400\" srcset=\"https:\/\/quiberonsportnature.bzh\/wp-content\/uploads\/2016\/01\/Le-T\u00e9l\u00e9gramme-10.07.2017-517x400.jpg 517w, https:\/\/quiberonsportnature.bzh\/wp-content\/uploads\/2016\/01\/Le-T\u00e9l\u00e9gramme-10.07.2017-250x193.jpg 250w, https:\/\/quiberonsportnature.bzh\/wp-content\/uploads\/2016\/01\/Le-T\u00e9l\u00e9gramme-10.07.2017-50x39.jpg 50w, https:\/\/quiberonsportnature.bzh\/wp-content\/uploads\/2016\/01\/Le-T\u00e9l\u00e9gramme-10.07.2017.jpg 551w\" sizes=\"(max-width: 517px) 100vw, 517px\" \/><\/a><\/p>\n<h3>&nbsp;<\/h3>\n<h3><span style=\"color: #0077c6;\">23.06.2017 &#8211; Le T\u00e9l\u00e9gramme<\/span><\/h3>\n<h3><a href=\"http:\/\/quiberonsportnature.bzh\/wp-content\/uploads\/2016\/01\/Capture-d-e-cran-2017-06-23-a-09.54.29.png\"><img loading=\"lazy\" class=\"alignnone size-medium wp-image-3784\" src=\"http:\/\/quiberonsportnature.bzh\/wp-content\/uploads\/2016\/01\/Capture-d-e-cran-2017-06-23-a-09.54.29-383x400.png\" alt=\"\" width=\"383\" height=\"400\" srcset=\"https:\/\/quiberonsportnature.bzh\/wp-content\/uploads\/2016\/01\/Capture-d-e-cran-2017-06-23-a-09.54.29-383x400.png 383w, https:\/\/quiberonsportnature.bzh\/wp-content\/uploads\/2016\/01\/Capture-d-e-cran-2017-06-23-a-09.54.29-239x250.png 239w, https:\/\/quiberonsportnature.bzh\/wp-content\/uploads\/2016\/01\/Capture-d-e-cran-2017-06-23-a-09.54.29-48x50.png 48w, https:\/\/quiberonsportnature.bzh\/wp-content\/uploads\/2016\/01\/Capture-d-e-cran-2017-06-23-a-09.54.29.png 724w\" sizes=\"(max-width: 383px) 100vw, 383px\" \/><\/a><\/h3>\n<h3><span style=\"color: #0077c6;\">12.06.2017-Ouest-France<\/span><\/h3>\n<p style=\"padding-left: 30px;\">Running. Maryse Le Gallo, l&rsquo;athl\u00e9 \u00e0 vie<\/p>\n<p style=\"padding-left: 30px;\"><span style=\"color: #0077c6;\"><a style=\"color: #0077c6;\" href=\"http:\/\/www.ouest-france.fr\/sport\/running\/running-maryse-le-gallo-l-athle-vie-5057735\" target=\"_blank\" rel=\"noopener noreferrer\">Lire l&rsquo;article &gt; <\/a><\/span><\/p>\n<p><\/p>\n<h3><span style=\"color: #0077c6;\">12.06.2017-Le T\u00e9l\u00e9gramme<\/span><\/h3>\n<p><a href=\"http:\/\/quiberonsportnature.bzh\/wp-content\/uploads\/2016\/01\/Capture-d-e-cran-2017-06-12-a-15.17.56.png\"><img loading=\"lazy\" class=\"alignnone wp-image-3739\" src=\"http:\/\/quiberonsportnature.bzh\/wp-content\/uploads\/2016\/01\/Capture-d-e-cran-2017-06-12-a-15.17.56-397x400.png\" alt=\"\" width=\"535\" height=\"539\" srcset=\"https:\/\/quiberonsportnature.bzh\/wp-content\/uploads\/2016\/01\/Capture-d-e-cran-2017-06-12-a-15.17.56-397x400.png 397w, https:\/\/quiberonsportnature.bzh\/wp-content\/uploads\/2016\/01\/Capture-d-e-cran-2017-06-12-a-15.17.56-248x250.png 248w, https:\/\/quiberonsportnature.bzh\/wp-content\/uploads\/2016\/01\/Capture-d-e-cran-2017-06-12-a-15.17.56-50x50.png 50w, https:\/\/quiberonsportnature.bzh\/wp-content\/uploads\/2016\/01\/Capture-d-e-cran-2017-06-12-a-15.17.56.png 706w\" sizes=\"(max-width: 535px) 100vw, 535px\" \/><\/a><\/p>\n<hr>\n<h3><span style=\"color: #0077c6;\">30.06.2016-Le T\u00e9l\u00e9gramme<\/span><\/h3>\n<h3><span style=\"color: #0077c6;\"><a href=\"http:\/\/quiberonsportnature.bzh\/index.php\/presse\/capture-decran-2016-06-30-a-11-18-11\/\" rel=\"attachment wp-att-1046\"><img loading=\"lazy\" class=\"alignnone wp-image-1046 size-full\" src=\"http:\/\/quiberonsportnature.bzh\/wp-content\/uploads\/2016\/01\/Capture-d\u2019\u00e9cran-2016-06-30-\u00e0-11.18.11.png\" alt=\"Capture d\u2019\u00e9cran 2016-06-30 \u00e0 11.18.11\" width=\"684\" height=\"517\" srcset=\"https:\/\/quiberonsportnature.bzh\/wp-content\/uploads\/2016\/01\/Capture-d\u2019\u00e9cran-2016-06-30-\u00e0-11.18.11.png 684w, https:\/\/quiberonsportnature.bzh\/wp-content\/uploads\/2016\/01\/Capture-d\u2019\u00e9cran-2016-06-30-\u00e0-11.18.11-250x189.png 250w, https:\/\/quiberonsportnature.bzh\/wp-content\/uploads\/2016\/01\/Capture-d\u2019\u00e9cran-2016-06-30-\u00e0-11.18.11-529x400.png 529w, https:\/\/quiberonsportnature.bzh\/wp-content\/uploads\/2016\/01\/Capture-d\u2019\u00e9cran-2016-06-30-\u00e0-11.18.11-50x38.png 50w\" sizes=\"(max-width: 684px) 100vw, 684px\" \/><\/a><\/span><\/h3>\n<hr>\n<h3><span style=\"color: #0077c6;\">29.10.2015-Le T\u00e9l\u00e9gramme<\/span><\/h3>\n<h3><img loading=\"lazy\" class=\"wp-image-290 alignnone\" src=\"http:\/\/quiberonsportnature.bzh\/wp-content\/uploads\/2016\/01\/2015-10-29-Le-Telegramme-485x400.jpg\" alt=\"2015-10-29-Le Telegramme\" width=\"632\" height=\"521\" srcset=\"https:\/\/quiberonsportnature.bzh\/wp-content\/uploads\/2016\/01\/2015-10-29-Le-Telegramme-485x400.jpg 485w, https:\/\/quiberonsportnature.bzh\/wp-content\/uploads\/2016\/01\/2015-10-29-Le-Telegramme-250x206.jpg 250w, https:\/\/quiberonsportnature.bzh\/wp-content\/uploads\/2016\/01\/2015-10-29-Le-Telegramme-50x41.jpg 50w, https:\/\/quiberonsportnature.bzh\/wp-content\/uploads\/2016\/01\/2015-10-29-Le-Telegramme.jpg 685w\" sizes=\"(max-width: 632px) 100vw, 632px\" \/><\/h3>\n<h3 style=\"text-align: left;\"><span style=\"color: #0077c6;\">25.10.2015-Le T\u00e9l\u00e9gramme<\/span><\/h3>\n<p><img loading=\"lazy\" class=\"size-full wp-image-289 alignnone\" src=\"http:\/\/quiberonsportnature.bzh\/wp-content\/uploads\/2016\/01\/2015-07-25-Le-Telegramme.jpg\" alt=\"2015-07-25-Le Telegramme\" width=\"705\" height=\"391\" srcset=\"https:\/\/quiberonsportnature.bzh\/wp-content\/uploads\/2016\/01\/2015-07-25-Le-Telegramme.jpg 705w, https:\/\/quiberonsportnature.bzh\/wp-content\/uploads\/2016\/01\/2015-07-25-Le-Telegramme-250x139.jpg 250w, https:\/\/quiberonsportnature.bzh\/wp-content\/uploads\/2016\/01\/2015-07-25-Le-Telegramme-50x28.jpg 50w\" sizes=\"(max-width: 705px) 100vw, 705px\" \/><\/p>\n<p><\/p>\n<h3>&nbsp;<\/h3>\n<h3>&nbsp;<\/h3>\n<h3>&nbsp;<\/h3>\n<h3><span style=\"color: #0077c6;\">27.11.2014-Le T\u00e9l\u00e9gramme<\/span><\/h3>\n<p><\/p>\n<p><img loading=\"lazy\" class=\" wp-image-388 alignnone\" src=\"http:\/\/quiberonsportnature.bzh\/wp-content\/uploads\/2016\/01\/presse-18.11.2014.jpg\" alt=\"presse-18.11.2014\" width=\"582\" height=\"503\" srcset=\"https:\/\/quiberonsportnature.bzh\/wp-content\/uploads\/2016\/01\/presse-18.11.2014.jpg 450w, https:\/\/quiberonsportnature.bzh\/wp-content\/uploads\/2016\/01\/presse-18.11.2014-250x216.jpg 250w, https:\/\/quiberonsportnature.bzh\/wp-content\/uploads\/2016\/01\/presse-18.11.2014-50x43.jpg 50w\" sizes=\"(max-width: 582px) 100vw, 582px\" \/><\/p>\n<p><\/p>\n<p>&lt; &nbsp;<a href=\"http:\/\/quiberonsportnature.bzh\/index.php\/medias\/\">Retour<\/a><\/p>","protected":false},"excerpt":{"rendered":"<p>FDL 24 &#8211; Le T\u00e9l\u00e9gramme FDL 24 &#8211; Le T\u00e9l\u00e9gramme FDL 23 &#8211; OUEST FRANCE FDL 22 &#8211; Le T\u00e9l\u00e9gramme ELO 23 &#8211; Le T\u00e9l\u00e9gramme &nbsp; FDL 2019&nbsp; &#8211; Le T\u00e9l\u00e9gramme &nbsp; &nbsp; &nbsp; &nbsp; &nbsp; 2018.10.15 &#8211; Ouest France<\/p>\n","protected":false},"author":2,"featured_media":0,"parent":79,"menu_order":17,"comment_status":"closed","ping_status":"closed","template":"","meta":[],"_links":{"self":[{"href":"https:\/\/quiberonsportnature.bzh\/index.php\/wp-json\/wp\/v2\/pages\/143"}],"collection":[{"href":"https:\/\/quiberonsportnature.bzh\/index.php\/wp-json\/wp\/v2\/pages"}],"about":[{"href":"https:\/\/quiberonsportnature.bzh\/index.php\/wp-json\/wp\/v2\/types\/page"}],"author":[{"embeddable":true,"href":"https:\/\/quiberonsportnature.bzh\/index.php\/wp-json\/wp\/v2\/users\/2"}],"replies":[{"embeddable":true,"href":"https:\/\/quiberonsportnature.bzh\/index.php\/wp-json\/wp\/v2\/comments?post=143"}],"version-history":[{"count":65,"href":"https:\/\/quiberonsportnature.bzh\/index.php\/wp-json\/wp\/v2\/pages\/143\/revisions"}],"predecessor-version":[{"id":6727,"href":"https:\/\/quiberonsportnature.bzh\/index.php\/wp-json\/wp\/v2\/pages\/143\/revisions\/6727"}],"up":[{"embeddable":true,"href":"https:\/\/quiberonsportnature.bzh\/index.php\/wp-json\/wp\/v2\/pages\/79"}],"wp:attachment":[{"href":"https:\/\/quiberonsportnature.bzh\/index.php\/wp-json\/wp\/v2\/media?parent=143"}],"curies":[{"name":"wp","href":"https:\/\/api.w.org\/{rel}","templated":true}]}}