{"id":16,"date":"2016-01-20T17:37:57","date_gmt":"2016-01-20T17:37:57","guid":{"rendered":"http:\/\/quiberonsportnature.bzh\/?page_id=16"},"modified":"2026-01-06T10:32:22","modified_gmt":"2026-01-06T10:32:22","slug":"le-club","status":"publish","type":"page","link":"https:\/\/quiberonsportnature.bzh\/index.php\/le-club\/","title":{"rendered":"Le club"},"content":{"rendered":"\n<figure class=\"wp-block-image\"><img src=\"http:\/\/quiberonsportnature.bzh\/wp-content\/uploads\/2019\/08\/cropped-ELO-1-1024x272.jpg\" alt=\"L\u2019attribut alt de cette image est vide, son nom de fichier est cropped-ELO-1-1024x272.jpg.\"\/><\/figure>\n\n\n<h3 style=\"text-align: center;\">QSN est principalement un club organisateur, quelques membres sont licenci\u00e9s en \u00ab\u00a0Running\u00a0\u00bb et participent aux comp\u00e9titions r\u00e9gionales.<\/h3>\n<h3><img loading=\"lazy\" class=\"wp-image-281 aligncenter\" src=\"http:\/\/quiberonsportnature.bzh\/wp-content\/uploads\/2016\/01\/logo-FFA.jpg\" alt=\"F\u00e9d\u00e9ration Fran\u00e7aise d'Athl\u00e9tisme\" width=\"207\" height=\"207\" srcset=\"https:\/\/quiberonsportnature.bzh\/wp-content\/uploads\/2016\/01\/logo-FFA.jpg 198w, https:\/\/quiberonsportnature.bzh\/wp-content\/uploads\/2016\/01\/logo-FFA-50x50.jpg 50w\" sizes=\"(max-width: 207px) 100vw, 207px\" \/><\/h3>\n<h3><span style=\"color: #0077c6;\">Le bureau\u00a0<\/span><\/h3>\n<figure id=\"attachment_4195\" aria-describedby=\"caption-attachment-4195\" style=\"width: 163px\" class=\"wp-caption alignleft\"><a href=\"http:\/\/quiberonsportnature.bzh\/wp-content\/uploads\/2016\/01\/St\u00e9phane.jpg\"><img loading=\"lazy\" class=\" wp-image-4195\" src=\"http:\/\/quiberonsportnature.bzh\/wp-content\/uploads\/2016\/01\/St\u00e9phane.jpg\" alt=\"\" width=\"163\" height=\"164\" \/><\/a><figcaption id=\"caption-attachment-4195\" class=\"wp-caption-text\">St\u00e9phane Boutet, Pr\u00e9sident<\/figcaption><\/figure>\n<figure id=\"attachment_4570\" aria-describedby=\"caption-attachment-4570\" style=\"width: 129px\" class=\"wp-caption alignleft\"><a href=\"http:\/\/quiberonsportnature.bzh\/index.php\/le-club\/capture-decran-2018-12-18-a-12-10-27\/\" rel=\"attachment wp-att-4570\"><img loading=\"lazy\" class=\"wp-image-4570\" src=\"http:\/\/quiberonsportnature.bzh\/wp-content\/uploads\/2018\/12\/Capture-d\u2019\u00e9cran-2018-12-18-\u00e0-12.10.27.png\" alt=\"\" width=\"129\" height=\"167\" srcset=\"https:\/\/quiberonsportnature.bzh\/wp-content\/uploads\/2018\/12\/Capture-d\u2019\u00e9cran-2018-12-18-\u00e0-12.10.27.png 202w, https:\/\/quiberonsportnature.bzh\/wp-content\/uploads\/2018\/12\/Capture-d\u2019\u00e9cran-2018-12-18-\u00e0-12.10.27-193x250.png 193w, https:\/\/quiberonsportnature.bzh\/wp-content\/uploads\/2018\/12\/Capture-d\u2019\u00e9cran-2018-12-18-\u00e0-12.10.27-39x50.png 39w\" sizes=\"(max-width: 129px) 100vw, 129px\" \/><\/a><figcaption id=\"caption-attachment-4570\" class=\"wp-caption-text\">Bernard Charrel Martin, Tr\u00e9sorier<\/figcaption><\/figure>\n<h3>\u00a0<\/h3>\n<p>\u00a0<\/p>\n<p>Marie Jos\u00e9 Boutet \u00a0<\/p>\n<p>Secret\u00e9taire<\/p>\n<h3>\u00a0<\/h3>\n<h3 style=\"text-align: center;\">&#8212;&#8212;&#8212;&#8212;&#8212;&#8212;&#8212;&#8212;&#8212;&#8212;&#8212;&#8212;&#8212;&#8212;&#8212;&#8212;&#8212;&#8212;&#8212;&#8212;&#8212;&#8212;&#8212;&#8212;&#8212;&#8212;&#8212;&#8212;&#8212;&#8212;&#8212;&#8212;&#8212;&#8212;&#8212;&#8212;&#8212;&#8212;&#8211;<\/h3>\n<h3>Les entra\u00eeneurs de Quiberon Triathlon :<\/h3>\n<h4><img loading=\"lazy\" class=\"wp-image-397 alignleft\" src=\"http:\/\/quiberonsportnature.bzh\/wp-content\/uploads\/2016\/01\/Jacques-Leroy-enta\u00eeneur.jpg\" alt=\"Jacques-Leroy, entraineur course\" width=\"133\" height=\"157\" srcset=\"https:\/\/quiberonsportnature.bzh\/wp-content\/uploads\/2016\/01\/Jacques-Leroy-enta\u00eeneur.jpg 200w, https:\/\/quiberonsportnature.bzh\/wp-content\/uploads\/2016\/01\/Jacques-Leroy-enta\u00eeneur-42x50.jpg 42w\" sizes=\"(max-width: 133px) 100vw, 133px\" \/>Jacques Leroy<\/h4>\n<p>Entraineur FFA 2\u00e8 degr\u00e9, et pr\u00e9sident de Quiberon Triathlon .<\/p>\n<h2>\u00a0<\/h2>\n<h2>\u00a0<\/h2>\n<h4><img loading=\"lazy\" class=\"wp-image-6694 alignleft\" src=\"http:\/\/quiberonsportnature.bzh\/wp-content\/uploads\/2024\/10\/Capture-de\u0301cran-2024-10-22-a\u0300-21.15.23-271x400.png\" alt=\"\" width=\"120\" height=\"177\" srcset=\"https:\/\/quiberonsportnature.bzh\/wp-content\/uploads\/2024\/10\/Capture-de\u0301cran-2024-10-22-a\u0300-21.15.23-271x400.png 271w, https:\/\/quiberonsportnature.bzh\/wp-content\/uploads\/2024\/10\/Capture-de\u0301cran-2024-10-22-a\u0300-21.15.23-169x250.png 169w, https:\/\/quiberonsportnature.bzh\/wp-content\/uploads\/2024\/10\/Capture-de\u0301cran-2024-10-22-a\u0300-21.15.23-34x50.png 34w, https:\/\/quiberonsportnature.bzh\/wp-content\/uploads\/2024\/10\/Capture-de\u0301cran-2024-10-22-a\u0300-21.15.23.png 372w\" sizes=\"(max-width: 120px) 100vw, 120px\" \/>Thierry Vallon<\/h4>\n<p>Coach de Quiberon Triathlon , il anime les entrainements dirig\u00e9s en semaine\u00a0<\/p>\n<h2>\u00a0<\/h2>\n<h2>\u00a0<\/h2>\n<hr \/>\n<h3><a href=\"http:\/\/quiberonsportnature.bzh\/img_6103\/\"><img loading=\"lazy\" class=\" wp-image-4441 alignleft\" src=\"http:\/\/quiberonsportnature.bzh\/wp-content\/uploads\/2018\/09\/IMG_6103-733x1024.jpg\" alt=\"\" width=\"273\" height=\"382\" srcset=\"https:\/\/quiberonsportnature.bzh\/wp-content\/uploads\/2018\/09\/IMG_6103-733x1024.jpg 733w, https:\/\/quiberonsportnature.bzh\/wp-content\/uploads\/2018\/09\/IMG_6103-179x250.jpg 179w\" sizes=\"(max-width: 273px) 100vw, 273px\" \/><\/a>S&rsquo;inscrire\u00a0au club<\/h3>\n<p><img loading=\"lazy\" class=\"alignright size-full wp-image-864\" src=\"http:\/\/quiberonsportnature.bzh\/wp-content\/uploads\/2016\/01\/logo2-club.jpg\" alt=\"Quiberon Club Nature\" width=\"200\" height=\"200\" srcset=\"https:\/\/quiberonsportnature.bzh\/wp-content\/uploads\/2016\/01\/logo2-club.jpg 200w, https:\/\/quiberonsportnature.bzh\/wp-content\/uploads\/2016\/01\/logo2-club-50x50.jpg 50w\" sizes=\"(max-width: 200px) 100vw, 200px\" \/><strong>La cotisation 2024\/2025 est de 75 \u20ac<\/strong> \u00a0( 65\u20ac pour la licence Running FFA et 10\u20ac d&rsquo;adh\u00e9sion au club ).<\/p>\n<p>Page d&rsquo;information : <a href=\"http:\/\/quiberonsportnature.bzh\/index.php\/activites\/course-a-pied\/\"><strong>Course \u00e0 pied<\/strong><\/a><\/p>\n<p>Pour adh\u00e9rer, il vous suffit de de remplir votre demande de licence et de demander un certificat m\u00e9dical \u00e0 votre m\u00e9decin traitant \u00e0 t\u00e9l\u00e9charger\u00a0ici :<\/p>\n<p><strong><a href=\"http:\/\/quiberonsportnature.bzh\/wp-content\/uploads\/2021\/01\/Licence-.pdf\">\u2666<\/a> <a href=\"http:\/\/quiberonsportnature.bzh\/wp-content\/uploads\/2021\/01\/Licence-.pdf\">Demande-de-Licence<\/a><\/strong><\/p>\n<p><strong>\u2666 <a href=\"http:\/\/quiberonsportnature.bzh\/wp-content\/uploads\/2018\/09\/Certif-med-1819.jpg\">Certificat-medical-Running<\/a><\/strong><\/p>\n<p>Ces documents sont \u00e0 retourner accompagn\u00e9s de votre r\u00e8glement \u00e0\u00a0l&rsquo;adresse suivante :<\/p>\n<p><strong>Quiberon Sport Nature &#8211; 14 rue des bruy\u00e8res &#8211; 56170 Quiberon \u00a0 \u00a0<\/strong><\/p>\n<p>Pour toute pr\u00e9cision, \u00e9crivez-nous ! \u00a0\u00a0<a href=\"mailto:quiberonsportnature@gmail.com\" target=\"_blank\" rel=\"noopener noreferrer\">quiberonsportnature@gmail.com<\/a><\/p>\n<hr \/>\n<h3>Nos fid\u00e8les partenaires\u00a0<\/h3>\n<p>\u00a0<\/p>\n<h2>\u00a0<\/h2>\n<h2>\u00a0<\/h2>\n<hr \/>\n<h3>\u00a0<\/h3>\n\n\n<div class=\"wp-block-image\"><figure class=\"aligncenter size-large is-resized\"><a href=\"https:\/\/www.tri4fun.bzh\/\"><img loading=\"lazy\" src=\"http:\/\/quiberonsportnature.bzh\/wp-content\/uploads\/2025\/10\/logo_magasin-Tri4fun.ai--1024x644.jpg\" alt=\"\" class=\"wp-image-7052\" width=\"555\" height=\"349\" srcset=\"https:\/\/quiberonsportnature.bzh\/wp-content\/uploads\/2025\/10\/logo_magasin-Tri4fun.ai--1024x644.jpg 1024w, https:\/\/quiberonsportnature.bzh\/wp-content\/uploads\/2025\/10\/logo_magasin-Tri4fun.ai--636x400.jpg 636w, https:\/\/quiberonsportnature.bzh\/wp-content\/uploads\/2025\/10\/logo_magasin-Tri4fun.ai--250x157.jpg 250w, https:\/\/quiberonsportnature.bzh\/wp-content\/uploads\/2025\/10\/logo_magasin-Tri4fun.ai--1536x966.jpg 1536w, https:\/\/quiberonsportnature.bzh\/wp-content\/uploads\/2025\/10\/logo_magasin-Tri4fun.ai--2048x1288.jpg 2048w, https:\/\/quiberonsportnature.bzh\/wp-content\/uploads\/2025\/10\/logo_magasin-Tri4fun.ai--50x31.jpg 50w\" sizes=\"(max-width: 555px) 100vw, 555px\" \/><\/a><\/figure><\/div>\n\n\n\n<hr class=\"wp-block-separator\"\/>\n\n\n\n<figure class=\"wp-block-image size-large\"><a href=\"https:\/\/www.sofitel-quiberon-thalassa.com\/\"><img loading=\"lazy\" width=\"1024\" height=\"359\" src=\"http:\/\/quiberonsportnature.bzh\/wp-content\/uploads\/2024\/04\/SofitelQuiberon_Logo_Black_Link_CMYK-2024-1024x359.jpg\" alt=\"\" class=\"wp-image-6425\" srcset=\"https:\/\/quiberonsportnature.bzh\/wp-content\/uploads\/2024\/04\/SofitelQuiberon_Logo_Black_Link_CMYK-2024-1024x359.jpg 1024w, https:\/\/quiberonsportnature.bzh\/wp-content\/uploads\/2024\/04\/SofitelQuiberon_Logo_Black_Link_CMYK-2024-750x263.jpg 750w, https:\/\/quiberonsportnature.bzh\/wp-content\/uploads\/2024\/04\/SofitelQuiberon_Logo_Black_Link_CMYK-2024-250x88.jpg 250w, https:\/\/quiberonsportnature.bzh\/wp-content\/uploads\/2024\/04\/SofitelQuiberon_Logo_Black_Link_CMYK-2024-1536x539.jpg 1536w, https:\/\/quiberonsportnature.bzh\/wp-content\/uploads\/2024\/04\/SofitelQuiberon_Logo_Black_Link_CMYK-2024-2048x719.jpg 2048w, https:\/\/quiberonsportnature.bzh\/wp-content\/uploads\/2024\/04\/SofitelQuiberon_Logo_Black_Link_CMYK-2024-50x18.jpg 50w\" sizes=\"(max-width: 1024px) 100vw, 1024px\" \/><\/a><\/figure>\n","protected":false},"excerpt":{"rendered":"<p>QSN est principalement un club organisateur, quelques membres sont licenci\u00e9s en \u00ab\u00a0Running\u00a0\u00bb et participent aux comp\u00e9titions r\u00e9gionales. Le bureau\u00a0 \u00a0 \u00a0 Marie Jos\u00e9 Boutet \u00a0 Secret\u00e9taire \u00a0 &#8212;&#8212;&#8212;&#8212;&#8212;&#8212;&#8212;&#8212;&#8212;&#8212;&#8212;&#8212;&#8212;&#8212;&#8212;&#8212;&#8212;&#8212;&#8212;&#8212;&#8212;&#8212;&#8212;&#8212;&#8212;&#8212;&#8212;&#8212;&#8212;&#8212;&#8212;&#8212;&#8212;&#8212;&#8212;&#8212;&#8212;&#8212;&#8211; Les entra\u00eeneurs de Quiberon Triathlon : Jacques Leroy Entraineur FFA 2\u00e8 degr\u00e9,<\/p>\n","protected":false},"author":1,"featured_media":0,"parent":0,"menu_order":2,"comment_status":"closed","ping_status":"closed","template":"","meta":[],"_links":{"self":[{"href":"https:\/\/quiberonsportnature.bzh\/index.php\/wp-json\/wp\/v2\/pages\/16"}],"collection":[{"href":"https:\/\/quiberonsportnature.bzh\/index.php\/wp-json\/wp\/v2\/pages"}],"about":[{"href":"https:\/\/quiberonsportnature.bzh\/index.php\/wp-json\/wp\/v2\/types\/page"}],"author":[{"embeddable":true,"href":"https:\/\/quiberonsportnature.bzh\/index.php\/wp-json\/wp\/v2\/users\/1"}],"replies":[{"embeddable":true,"href":"https:\/\/quiberonsportnature.bzh\/index.php\/wp-json\/wp\/v2\/comments?post=16"}],"version-history":[{"count":166,"href":"https:\/\/quiberonsportnature.bzh\/index.php\/wp-json\/wp\/v2\/pages\/16\/revisions"}],"predecessor-version":[{"id":7102,"href":"https:\/\/quiberonsportnature.bzh\/index.php\/wp-json\/wp\/v2\/pages\/16\/revisions\/7102"}],"wp:attachment":[{"href":"https:\/\/quiberonsportnature.bzh\/index.php\/wp-json\/wp\/v2\/media?parent=16"}],"curies":[{"name":"wp","href":"https:\/\/api.w.org\/{rel}","templated":true}]}}