{"id":181,"date":"2016-01-24T14:09:57","date_gmt":"2016-01-24T14:09:57","guid":{"rendered":"http:\/\/quiberonsportnature.bzh\/?page_id=181"},"modified":"2025-10-11T08:16:34","modified_gmt":"2025-10-11T08:16:34","slug":"course-a-pied","status":"publish","type":"page","link":"https:\/\/quiberonsportnature.bzh\/index.php\/activites\/course-a-pied\/","title":{"rendered":"Course \u00e0 pied"},"content":{"rendered":"<p><img loading=\"lazy\" class=\"aligncenter size-full wp-image-367\" src=\"http:\/\/quiberonsportnature.bzh\/wp-content\/uploads\/2016\/01\/course-a-pieds-1-1.jpg\" alt=\"Course \u00e0 pied\" width=\"1850\" height=\"500\" srcset=\"https:\/\/quiberonsportnature.bzh\/wp-content\/uploads\/2016\/01\/course-a-pieds-1-1.jpg 1850w, https:\/\/quiberonsportnature.bzh\/wp-content\/uploads\/2016\/01\/course-a-pieds-1-1-250x68.jpg 250w, https:\/\/quiberonsportnature.bzh\/wp-content\/uploads\/2016\/01\/course-a-pieds-1-1-750x203.jpg 750w, https:\/\/quiberonsportnature.bzh\/wp-content\/uploads\/2016\/01\/course-a-pieds-1-1-1024x277.jpg 1024w, https:\/\/quiberonsportnature.bzh\/wp-content\/uploads\/2016\/01\/course-a-pieds-1-1-50x14.jpg 50w\" sizes=\"(max-width: 1850px) 100vw, 1850px\" \/><\/p>\n<h2>\u00a0<\/h2>\n<p><span style=\"color: #ff0000;\">\u00a0<\/span><\/p>\n<h5 style=\"text-align: center;\">\u00a0<\/h5>\n<h3><img loading=\"lazy\" class=\"wp-image-252 aligncenter\" src=\"http:\/\/quiberonsportnature.bzh\/wp-content\/uploads\/2016\/01\/diaporama-2-750x250.jpg\" alt=\"Sortie Quiberon Sport Nature\" width=\"852\" height=\"284\" srcset=\"https:\/\/quiberonsportnature.bzh\/wp-content\/uploads\/2016\/01\/diaporama-2-750x250.jpg 750w, https:\/\/quiberonsportnature.bzh\/wp-content\/uploads\/2016\/01\/diaporama-2-250x83.jpg 250w, https:\/\/quiberonsportnature.bzh\/wp-content\/uploads\/2016\/01\/diaporama-2-1024x342.jpg 1024w, https:\/\/quiberonsportnature.bzh\/wp-content\/uploads\/2016\/01\/diaporama-2-50x17.jpg 50w, https:\/\/quiberonsportnature.bzh\/wp-content\/uploads\/2016\/01\/diaporama-2.jpg 1499w\" sizes=\"(max-width: 852px) 100vw, 852px\" \/><\/h3>\n<h2><span style=\"color: #0077c6;\">Entrainement en commun avec le club de Quiberon Triathlon :<\/span><\/h2>\n<p><strong>Le mercredi \u00e0 18h45\u00a0 : rendez-vous au Stade, Parc des Korriguans<\/strong><\/p>\n<h4><span style=\"color: #ff0000;\">\u00a0<\/span><a href=\"http:\/\/quiberonsportnature.bzh\/index.php\/activites\/course-a-pied\/_mg_8672\/\" rel=\"attachment wp-att-4444\"><img loading=\"lazy\" class=\"alignright wp-image-4444\" src=\"http:\/\/quiberonsportnature.bzh\/wp-content\/uploads\/2018\/09\/MG_8672-1024x683.jpg\" alt=\"\" width=\"368\" height=\"245\" srcset=\"https:\/\/quiberonsportnature.bzh\/wp-content\/uploads\/2018\/09\/MG_8672-1024x683.jpg 1024w, https:\/\/quiberonsportnature.bzh\/wp-content\/uploads\/2018\/09\/MG_8672-250x167.jpg 250w, https:\/\/quiberonsportnature.bzh\/wp-content\/uploads\/2018\/09\/MG_8672-600x400.jpg 600w\" sizes=\"(max-width: 368px) 100vw, 368px\" \/><\/a><\/h4>\n<p>Entrainement de course \u00e0 pied avec le coach de Quiberon Triathlon, et en compagnie des triathl\u00e8tes.<\/p>\n<p>Travail en fractionn\u00e9 et des \u00e9ducatifs pendant environ une heure.<\/p>\n<p><em><span style=\"color: #ff0000;\">R\u00e9gularit\u00e9 obligatoire afin de ne pas perturber l&rsquo;avancement logique des s\u00e9ances<\/span>.<\/em><\/p>\n<div>Conseils du coach:<\/div>\n<div>Les s\u00e9ances d&rsquo;entrainement sont progressives tant en volume qu&rsquo;en intensit\u00e9 afin de vous permettre d&rsquo;arriver \u00e0 votre meilleur niveau pour les premi\u00e8res comp\u00e9titions. Il est imp\u00e9ratif que vous participiez \u00e0 un maximum de s\u00e9ances d&rsquo;entrainement. Vous diminuerez ainsi les risques de blessures, le manque de \u00ab\u00a0niveau\u00a0\u00bb par rapport aux plus assidus, voire une d\u00e9motivation. Mais \u00e9galement, par respect pour le coach qui prendra plaisir \u00e0 vous faire progresser et qui n&rsquo;aura pas \u00e0 g\u00e9rer plusieurs groupes et ce pour le b\u00e9n\u00e9fice de tous.<\/div>\n<p><strong>Animateurs :\u00a0 Thierry Vallon<\/strong><\/p>\n<h3>\u00a0<\/h3>\n<div class=\"\"><strong>Prenez contact avec <a href=\"quiberonsportnature@gmail.com\">QSN<\/a>\u00a0qui vous expliquera la nature et le contenu des s\u00e9ances d&rsquo;entra\u00eenement.<\/strong><\/div>\n<div class=\"\">\u00a0<\/div>\n<div><strong>06 76 85 07 88<\/strong><\/div>\n<div class=\"\"><a href=\"mailto:quiberonsportnature@gmail.com\" target=\"_blank\" rel=\"noopener noreferrer\"><strong>quiberonsportnature@gmail.com<\/strong><\/a><\/div>\n<div><a href=\"http:\/\/quiberonsportnature.bzh\/index.php\/le-club\/\"><strong>S&rsquo;inscrire \u00e0 QSN<\/strong><\/a><\/div>\n<h5>\u00a0<\/h5>\n<h4 style=\"text-align: center;\"><span style=\"color: #339966;\">Les sorties en milieu naturel le dimanche sont \u00e0 l&rsquo;initiative des adh\u00e9rents.<\/span><\/h4>\n\n\n<div class=\"wp-block-image\"><figure class=\"aligncenter size-large is-resized\"><img loading=\"lazy\" src=\"http:\/\/quiberonsportnature.bzh\/wp-content\/uploads\/2018\/09\/Run-CS-1024x616.jpg\" alt=\"\" class=\"wp-image-4445\" width=\"922\" height=\"554\" srcset=\"https:\/\/quiberonsportnature.bzh\/wp-content\/uploads\/2018\/09\/Run-CS-1024x616.jpg 1024w, https:\/\/quiberonsportnature.bzh\/wp-content\/uploads\/2018\/09\/Run-CS-250x150.jpg 250w, https:\/\/quiberonsportnature.bzh\/wp-content\/uploads\/2018\/09\/Run-CS-665x400.jpg 665w\" sizes=\"(max-width: 922px) 100vw, 922px\" \/><\/figure><\/div>\n\n\n\n<p><\/p>\n\n\n\n<p><\/p>\n","protected":false},"excerpt":{"rendered":"<p>\u00a0 \u00a0 \u00a0 Entrainement en commun avec le club de Quiberon Triathlon : Le mercredi \u00e0 18h45\u00a0 : rendez-vous au Stade, Parc des Korriguans \u00a0 Entrainement de course \u00e0 pied avec le coach de Quiberon Triathlon, et en compagnie des<\/p>\n","protected":false},"author":2,"featured_media":0,"parent":24,"menu_order":4,"comment_status":"closed","ping_status":"closed","template":"","meta":[],"_links":{"self":[{"href":"https:\/\/quiberonsportnature.bzh\/index.php\/wp-json\/wp\/v2\/pages\/181"}],"collection":[{"href":"https:\/\/quiberonsportnature.bzh\/index.php\/wp-json\/wp\/v2\/pages"}],"about":[{"href":"https:\/\/quiberonsportnature.bzh\/index.php\/wp-json\/wp\/v2\/types\/page"}],"author":[{"embeddable":true,"href":"https:\/\/quiberonsportnature.bzh\/index.php\/wp-json\/wp\/v2\/users\/2"}],"replies":[{"embeddable":true,"href":"https:\/\/quiberonsportnature.bzh\/index.php\/wp-json\/wp\/v2\/comments?post=181"}],"version-history":[{"count":108,"href":"https:\/\/quiberonsportnature.bzh\/index.php\/wp-json\/wp\/v2\/pages\/181\/revisions"}],"predecessor-version":[{"id":7048,"href":"https:\/\/quiberonsportnature.bzh\/index.php\/wp-json\/wp\/v2\/pages\/181\/revisions\/7048"}],"up":[{"embeddable":true,"href":"https:\/\/quiberonsportnature.bzh\/index.php\/wp-json\/wp\/v2\/pages\/24"}],"wp:attachment":[{"href":"https:\/\/quiberonsportnature.bzh\/index.php\/wp-json\/wp\/v2\/media?parent=181"}],"curies":[{"name":"wp","href":"https:\/\/api.w.org\/{rel}","templated":true}]}}