{"id":24,"date":"2016-01-20T17:36:25","date_gmt":"2016-01-20T17:36:25","guid":{"rendered":"http:\/\/quiberonsportnature.bzh\/?page_id=24"},"modified":"2021-01-07T21:32:23","modified_gmt":"2021-01-07T21:32:23","slug":"activites","status":"publish","type":"page","link":"https:\/\/quiberonsportnature.bzh\/index.php\/activites\/","title":{"rendered":"Les activit\u00e9s"},"content":{"rendered":"<h2><a href=\"http:\/\/quiberonsportnature.bzh\/index.php\/entre-landes-et-ocean\/version-2\/\" rel=\"attachment wp-att-4250\"><img loading=\"lazy\" class=\"wp-image-4250 aligncenter\" src=\"http:\/\/quiberonsportnature.bzh\/wp-content\/uploads\/2018\/02\/2018_Course-nature-Quiberon-1024x374.jpg\" alt=\"\" width=\"913\" height=\"333\" srcset=\"https:\/\/quiberonsportnature.bzh\/wp-content\/uploads\/2018\/02\/2018_Course-nature-Quiberon-1024x374.jpg 1024w, https:\/\/quiberonsportnature.bzh\/wp-content\/uploads\/2018\/02\/2018_Course-nature-Quiberon-250x91.jpg 250w, https:\/\/quiberonsportnature.bzh\/wp-content\/uploads\/2018\/02\/2018_Course-nature-Quiberon-750x274.jpg 750w, https:\/\/quiberonsportnature.bzh\/wp-content\/uploads\/2018\/02\/2018_Course-nature-Quiberon.jpg 1800w\" sizes=\"(max-width: 913px) 100vw, 913px\" \/><\/a><\/h2>\n<h1><\/h1>\n<h2><span style=\"color: #0077c6;\">La course \u00e0 pied<a href=\"http:\/\/quiberonsportnature.bzh\/index.php\/trail-dhennebont\/hennebont-45\/\" rel=\"attachment wp-att-3287\"><img loading=\"lazy\" class=\"wp-image-3287 alignleft\" src=\"http:\/\/quiberonsportnature.bzh\/wp-content\/uploads\/2016\/12\/Hennebont-45-688x1024.jpg\" alt=\"\" width=\"174\" height=\"259\" srcset=\"https:\/\/quiberonsportnature.bzh\/wp-content\/uploads\/2016\/12\/Hennebont-45-688x1024.jpg 688w, https:\/\/quiberonsportnature.bzh\/wp-content\/uploads\/2016\/12\/Hennebont-45-168x250.jpg 168w, https:\/\/quiberonsportnature.bzh\/wp-content\/uploads\/2016\/12\/Hennebont-45-269x400.jpg 269w, https:\/\/quiberonsportnature.bzh\/wp-content\/uploads\/2016\/12\/Hennebont-45-34x50.jpg 34w\" sizes=\"(max-width: 174px) 100vw, 174px\" \/><\/a><\/span><\/h2>\n<p>Et courir de plaisir !<\/p>\n<p style=\"text-align: justify;\">Loin de toute id\u00e9e de performance ou de record, on peut tr\u00e8s rapidement \u00e9prouver du plaisir en courant pour peu que l\u2019on sache mettre en place une foul\u00e9e correcte et une respiration bien contr\u00f4l\u00e9e&#8230;<\/p>\n<p>&nbsp;<\/p>\n<p><a href=\"http:\/\/quiberonsportnature.bzh\/index.php\/activites\/course-a-pied\/\"><span style=\"color: #0000ff;\"><strong>Renseignements ici<\/strong><\/span><\/a><\/p>\n<pre><\/pre>\n<h2><\/h2>\n<h1><\/h1>\n<h1><\/h1>\n<h2><\/h2>\n<h2 style=\"text-align: left;\"><span style=\"color: #0077c6;\">Les Comp\u00e9titions de QSN<img loading=\"lazy\" class=\" wp-image-4959 alignright\" src=\"http:\/\/quiberonsportnature.bzh\/wp-content\/uploads\/2020\/01\/IMG_0344-555x400.jpg\" alt=\"\" width=\"325\" height=\"235\" srcset=\"https:\/\/quiberonsportnature.bzh\/wp-content\/uploads\/2020\/01\/IMG_0344-555x400.jpg 555w, https:\/\/quiberonsportnature.bzh\/wp-content\/uploads\/2020\/01\/IMG_0344-250x180.jpg 250w, https:\/\/quiberonsportnature.bzh\/wp-content\/uploads\/2020\/01\/IMG_0344-1024x738.jpg 1024w, https:\/\/quiberonsportnature.bzh\/wp-content\/uploads\/2020\/01\/IMG_0344-50x36.jpg 50w\" sizes=\"(max-width: 325px) 100vw, 325px\" \/><br \/>\n<\/span><\/h2>\n<p>Nous avons le plaisir d&rsquo;organiser 2 \u00e9v\u00e8nements d\u00e9di\u00e9s \u00e0 la course \u00e0 pied :<\/p>\n<ul>\n<li><a href=\"http:\/\/quiberonsportnature.bzh\/index.php\/foulees-du-large\/\"><span style=\"color: #0000ff;\"><strong>Les Foul\u00e9es du Large<\/strong><\/span><\/a> en \u00e9t\u00e9 : 5 et 10 km sur route en bord de mer et centre ville au profit de <a href=\"https:\/\/www.tribucancer.org\/\"><span style=\"color: #0000ff;\">Tribu Cancer<\/span><\/a><\/li>\n<li><a href=\"http:\/\/quiberonsportnature.bzh\/index.php\/entre-landes-et-ocean\/\"><span style=\"color: #0000ff;\"><strong>Entre Lande et Oc\u00e9an<\/strong><\/span><\/a> au printemps : Courses natures de 10 et 20 Km dans les sentiers et le long de la C\u00f4te Sauvage.<\/li>\n<\/ul>\n","protected":false},"excerpt":{"rendered":"<p>La course \u00e0 pied Et courir de plaisir ! Loin de toute id\u00e9e de performance ou de record, on peut tr\u00e8s rapidement \u00e9prouver du plaisir en courant pour peu que l\u2019on sache mettre en place une foul\u00e9e correcte et une<\/p>\n","protected":false},"author":1,"featured_media":0,"parent":0,"menu_order":3,"comment_status":"closed","ping_status":"closed","template":"","meta":[],"_links":{"self":[{"href":"https:\/\/quiberonsportnature.bzh\/index.php\/wp-json\/wp\/v2\/pages\/24"}],"collection":[{"href":"https:\/\/quiberonsportnature.bzh\/index.php\/wp-json\/wp\/v2\/pages"}],"about":[{"href":"https:\/\/quiberonsportnature.bzh\/index.php\/wp-json\/wp\/v2\/types\/page"}],"author":[{"embeddable":true,"href":"https:\/\/quiberonsportnature.bzh\/index.php\/wp-json\/wp\/v2\/users\/1"}],"replies":[{"embeddable":true,"href":"https:\/\/quiberonsportnature.bzh\/index.php\/wp-json\/wp\/v2\/comments?post=24"}],"version-history":[{"count":44,"href":"https:\/\/quiberonsportnature.bzh\/index.php\/wp-json\/wp\/v2\/pages\/24\/revisions"}],"predecessor-version":[{"id":5324,"href":"https:\/\/quiberonsportnature.bzh\/index.php\/wp-json\/wp\/v2\/pages\/24\/revisions\/5324"}],"wp:attachment":[{"href":"https:\/\/quiberonsportnature.bzh\/index.php\/wp-json\/wp\/v2\/media?parent=24"}],"curies":[{"name":"wp","href":"https:\/\/api.w.org\/{rel}","templated":true}]}}