{"id":4232,"date":"2018-02-06T16:11:55","date_gmt":"2018-02-06T16:11:55","guid":{"rendered":"http:\/\/quiberonsportnature.bzh\/?page_id=4232"},"modified":"2020-01-07T09:18:13","modified_gmt":"2020-01-07T09:18:13","slug":"foulees-du-large-2018","status":"publish","type":"page","link":"https:\/\/quiberonsportnature.bzh\/index.php\/foulees-du-large\/foulees-du-large-2018\/","title":{"rendered":"FDL  2018"},"content":{"rendered":"<div class=\"page\" title=\"Page 1\">\n<div class=\"section\">\n<div class=\"layoutArea\" style=\"text-align: left;\">\n<h2><a href=\"http:\/\/quiberonsportnature.bzh\/wp-content\/uploads\/2018\/02\/2018-course_10km@Brigitte_Zagni.jpg\"><img loading=\"lazy\" class=\"aligncenter size-full wp-image-4236\" src=\"http:\/\/quiberonsportnature.bzh\/wp-content\/uploads\/2018\/02\/2018-course_10km@Brigitte_Zagni.jpg\" alt=\"Une course en bord de mer\" width=\"1023\" height=\"407\" srcset=\"https:\/\/quiberonsportnature.bzh\/wp-content\/uploads\/2018\/02\/2018-course_10km@Brigitte_Zagni.jpg 1023w, https:\/\/quiberonsportnature.bzh\/wp-content\/uploads\/2018\/02\/2018-course_10km@Brigitte_Zagni-250x99.jpg 250w, https:\/\/quiberonsportnature.bzh\/wp-content\/uploads\/2018\/02\/2018-course_10km@Brigitte_Zagni-750x298.jpg 750w\" sizes=\"(max-width: 1023px) 100vw, 1023px\" \/><\/a><\/h2>\n<h2 style=\"text-align: center;\"><a href=\"http:\/\/quiberonsportnature.bzh\/wp-content\/uploads\/2018\/06\/Affiche-Foulees-2018-web.jpg\"><img loading=\"lazy\" class=\"alignright size-full wp-image-4324\" src=\"http:\/\/quiberonsportnature.bzh\/wp-content\/uploads\/2018\/06\/Affiche-Foulees-2018-web.jpg\" alt=\"Foul\u00e9es du Large 2018\" width=\"283\" height=\"400\" srcset=\"https:\/\/quiberonsportnature.bzh\/wp-content\/uploads\/2018\/06\/Affiche-Foulees-2018-web.jpg 283w, https:\/\/quiberonsportnature.bzh\/wp-content\/uploads\/2018\/06\/Affiche-Foulees-2018-web-177x250.jpg 177w\" sizes=\"(max-width: 283px) 100vw, 283px\" \/><\/a> <span style=\"color: #0077c6;\">Les Foul\u00e9es du Large &#8211; 6\u00e8 \u00e9dition<\/span><\/h2>\n<h2 style=\"text-align: center;\"><span style=\"color: #0077c6;\"> Le dimanche 29 juillet 2018<\/span><\/h2>\n<p>&nbsp;<\/p>\n<\/div>\n<\/div>\n<\/div>\n<p>&nbsp;<\/p>\n<div class=\"page\" title=\"Page 1\">\n<div class=\"section\">\n<div class=\"layoutArea\" style=\"text-align: left;\">\n<p style=\"text-align: left;\">Pour cette 6\u00e8me \u00e9dition, les courses se d\u00e9roule un <strong>Dimanche matin<\/strong> !<\/p>\n<p style=\"text-align: left;\">Le trac\u00e9 du parcours des <strong>courses<\/strong> est toujours le m\u00eame, avec un d\u00e9part de l&rsquo;Esplanade Hoche et deux boucles : une boucle \u00ab Centre Ville \u00bb de 1 km et une boucle \u00ab Bord de Mer \u00bb de 4 km ; pour deux distances, 5 km et 10 km ( Label FFA ). En ouverture des comp\u00e9titions , deux courses \u00ab\u00a0jeunes\u00a0\u00bb de 1 km et 2 km sur la boucle du centre ville.<\/p>\n<p><strong>Une marche randonn\u00e9e <\/strong>sur les sentiers, d\u00e9part et arriv\u00e9e place Hoche, sera aussi propos\u00e9e \u00e0 tous ceux qui veulent participer et se bouger pour la <strong>Tribu<\/strong> .<\/p>\n<p style=\"text-align: left;\">Les profits sont toujours revers\u00e9s \u00e0 l\u2019association <strong><span style=\"color: #0077c6;\"><a style=\"color: #0077c6;\" href=\"http:\/\/www.tribucancer.org\" target=\"_blank\" rel=\"noopener noreferrer\">Tribu Cancer<\/a><\/span><\/strong>.<\/p>\n<div class=\"page\" title=\"Page 1\">\n<div class=\"section\">\n<div class=\"layoutArea\">\n<div class=\"column\" style=\"text-align: center;\"><strong>&gt; <a href=\"http:\/\/quiberonsportnature.bzh\/wp-content\/uploads\/2018\/06\/Affiche-Foulees-2018.pdf\" target=\"_blank\" rel=\"noopener\"><span style=\"color: #0077c6;\">T\u00e9l\u00e9charger l&rsquo;affiche Foul\u00e9es du Large 2018<\/span><\/a><\/strong><\/div>\n<\/div>\n<\/div>\n<\/div>\n<\/div>\n<\/div>\n<\/div>\n<div><\/div>\n<div class=\"column\">\n<hr \/>\n<h2><span style=\"color: #0077c6;\">La Marche Randonn\u00e9e<\/span><\/h2>\n<\/div>\n<div class=\"column\"><strong>\u25ca A 9h00, \u00a0d\u00e9part de le Place Hoche \u00a0(d\u00e9part et arriv\u00e9e des courses).<br \/>\n<\/strong><\/div>\n<div class=\"column\">Pour un parcours de 8 \u00e0 10 km, ouvert \u00e0 tous, sans condition.<\/div>\n<div>D&rsquo;une dur\u00e9e de 2h15 en bord de mer avec un retour place Hoche, juste avant la grande course des 10 km , label FFA.<\/div>\n<div>Une participation de 5\u20ac est demand\u00e9e comme don , au b\u00e9n\u00e9fice de Tribu Cancer. Gratuit pour les enfants.<\/div>\n<div>L&rsquo;encadrement est assur\u00e9 par la section <a href=\"http:\/\/www.loisirsetculture.fr\/component\/content\/article.html?id=444.html\">Randonn\u00e9e de Loisirs et Culture de Saint Pierre<\/a><\/div>\n<div><\/div>\n<div>\n<h2><\/h2>\n<\/div>\n<div class=\"column\">\n<h2><span style=\"color: #0077c6;\">Le programme des courses<\/span><\/h2>\n<\/div>\n<div class=\"page\" title=\"Page 2\">\n<div class=\"layoutArea\">\n<div class=\"column\"><strong>\u25ca A 10h00, \u00a0courses \u00ab jeunes \u00bb 1 km et 2 km.<br \/>\n<\/strong><\/div>\n<div class=\"column\">\u00a01 km pour les Poussins \u00a0(n\u00e9s en 2007 et 2008) \u00a0 \u00a0&#8211; \u00a0 \u00a02 km pour les Benjamins \u00a0(n\u00e9s en 2005 et 2006)<\/div>\n<div class=\"column\"><strong>\u25ca A\u00a010h30, course de 5 km.<\/strong><\/div>\n<div class=\"column\">n\u00e9s en 2004 et avant.<\/div>\n<div>R\u00e9compense et Coupe sur le Podium pour les 3 Premiers (\u00e8res)au scratch et pour le Premier\u00a0(\u00e8re)\u00a0de chaque cat\u00e9gorie des Minimes aux Masters 4<\/div>\n<div class=\"column\"><strong>\u25ca A 11h30, course de 10 km, Label FFA.<\/strong><\/div>\n<div class=\"column\">n\u00e9s en 2002 et avant.<\/div>\n<div>R\u00e9compense et Coupe sur le Podium pour les 3 Premiers (\u00e8res)au scratch et pour le Premier (\u00e8re)\u00a0de chaque cat\u00e9gorie des Cadets (tes) aux Masters 4<\/div>\n<\/div>\n<div class=\"column\"><\/div>\n<div class=\"column\">Et toujours possibilit\u00e9 de participer au\u00a0<strong>Challenge Entreprises Quiberonnaises<\/strong> sur le 10 km<\/div>\n<\/div>\n<div>\n<h2><\/h2>\n<\/div>\n<div>\n<h2><span style=\"color: #0077c6;\">Le r\u00e8glement des \u00e9preuves\u00a0<\/span><\/h2>\n<p><a href=\"http:\/\/quiberonsportnature.bzh\/wp-content\/uploads\/2018\/07\/R\u00e8glement-courses-FDL-2018.pdf\">R\u00e8glement des FDL 2018<\/a><\/p>\n<p>&nbsp;<\/p>\n<\/div>\n<div>\n<h2><span style=\"color: #0077c6;\">Les parcours<\/span><\/h2>\n<div class=\"column\"><strong>\u25ca 2 boucles sont utilis\u00e9es :<br \/>\n<\/strong><\/div>\n<div class=\"column\">&#8211; \u00a0une petite de 1 km \u00ab\u00a0Centre Ville\u00a0\u00bb<\/div>\n<div class=\"column\">&#8211; \u00a0une grande boucle de 4 km \u00ab\u00a0Bord de mer\u00a0\u00bb<\/div>\n<div>\n<div class=\"column\"><strong>\u25ca Courses jeunes :<\/strong><\/div>\n<div class=\"column\">Le parcours utilise la petite boucle de 1 km, \u00e0 parcourir une ou deux fois selon la cat\u00e9gorie.<\/div>\n<\/div>\n<div class=\"column\"><strong>\u25ca Course de 5 km :<\/strong><\/div>\n<div class=\"column\">Le parcours enchaine une petite boucle, puis une grande<\/div>\n<div>\n<div class=\"column\"><strong>\u25ca Course de 10 km avec label FFA :<\/strong><\/div>\n<div class=\"column\">C&rsquo;est pour commencer 2 petites boucles de 1 km puis ensuite 2 boucles de 4 km , ce qui fait donc 4 passages sur la place Hoche<\/div>\n<\/div>\n<\/div>\n<div>\n<div class=\"column\"><strong>\u25ca Plan : <a href=\"http:\/\/quiberonsportnature.bzh\/wp-content\/uploads\/2018\/07\/Plan-g\u00e9n\u00e9ral-du-Parcours.pdf\">ici\u00a0<\/a><\/strong><\/div>\n<\/div>\n<div>\n<h2><\/h2>\n<\/div>\n<div>\n<h2><\/h2>\n<\/div>\n<div>\n<h2><span style=\"color: #0077c6;\">R\u00e9sultats des FDL 2018 :<\/span><\/h2>\n<\/div>\n<div>\n<div class=\"page\" title=\"Page 1\">\n<div class=\"section\">\n<div class=\"layoutArea\" style=\"text-align: left;\">\n<h2 style=\"text-align: center;\"><\/h2>\n<\/div>\n<p>Directement sur le site d&rsquo;inscription ici:\u00a0<a href=\"http:\/\/www.sportinnovation.fr\/resultats\/\">sportinnovation.fr<\/a><\/p>\n<p>Ou ici :<\/p>\n<p>&#8211; <a href=\"http:\/\/quiberonsportnature.bzh\/wp-content\/uploads\/2018\/07\/5km-FDL-2018.pdf\">5 Km<\/a><\/p>\n<p>&#8211;<a href=\"http:\/\/quiberonsportnature.bzh\/wp-content\/uploads\/2018\/07\/10km-Label-FFA-FDL-2018.pdf\"> 10 Km Label FFA<\/a><\/p>\n<p>&#8211; <a href=\"http:\/\/quiberonsportnature.bzh\/wp-content\/uploads\/2018\/07\/challenge-entreprise.pdf\">Challenge Entreprise sur le 10 Km<\/a><\/p>\n<p>Bient\u00f4t les photos &#8230;. humides !<\/p>\n<\/div>\n<\/div>\n<p>&nbsp;<\/p>\n<\/div>\n<div>\n<hr \/>\n<\/div>\n<h2><span style=\"color: #0077c6;\">Revue de Presse<\/span><\/h2>\n<div><a href=\"http:\/\/quiberonsportnature.bzh\/index.php\/medias\/presse\/\" target=\"_blank\" rel=\"noopener\">La presse \u00e0 propos des Foul\u00e9es du large 2018 &gt;<\/a><\/div>\n<div><\/div>\n<div>\n<hr \/>\n<\/div>\n<p><img loading=\"lazy\" class=\"size-full wp-image-3629 alignright\" src=\"http:\/\/quiberonsportnature.bzh\/wp-content\/uploads\/2017\/03\/Logo-foulees.jpg\" alt=\"Foul\u00e9es du Large\" width=\"150\" height=\"150\" srcset=\"https:\/\/quiberonsportnature.bzh\/wp-content\/uploads\/2017\/03\/Logo-foulees.jpg 150w, https:\/\/quiberonsportnature.bzh\/wp-content\/uploads\/2017\/03\/Logo-foulees-50x50.jpg 50w\" sizes=\"(max-width: 150px) 100vw, 150px\" \/><\/p>\n<h2 class=\"column\"><span style=\"color: #0077c6;\">Inscriptions<\/span><\/h2>\n<div class=\"page\" title=\"Page 2\">\n<div class=\"layoutArea\">\n<div class=\"column\"><b>Elles se feront par courrier en t\u00e9l\u00e9chargeant le \u00a0<a href=\"http:\/\/quiberonsportnature.bzh\/wp-content\/uploads\/2018\/02\/Bulletin-dinscription-2018.pdf\">Bulletin d&rsquo;inscription 2018<\/a><\/b><\/div>\n<div class=\"column\"><b>ou<\/b><strong>\u00a0en ligne<\/strong> sur<a href=\"http:\/\/www.sportinnovation.fr\/inscriptions\/Les-Foulees-du-Large-2017_e_723.html\">\u00a0<\/a><strong><a href=\"http:\/\/www.sportinnovation.fr\/inscriptions\/Les%20Foul%EF%BF%BDes%20du%20Large%202018_e_1093.html\">Sportinnovation.fr<\/a><\/strong><\/div>\n<div class=\"column\">\n<p><strong>Contact inscriptions :<\/strong>\u00a0\u00a0T\u00e9l. 06 24 15 73 09 \u00a0et \u00a0\u00a0<a href=\"mailto:fouleesdularge@gmail.com\">fouleesdularge@gmail.com<\/a><\/p>\n<p><strong>Tarif des inscriptions<\/strong>\u00a0: \u00a0<span style=\"color: #0077c6;\"><strong>5\u20ac<\/strong><\/span> pour les courses \u00ab Jeunes \u00bb, <span style=\"color: #0077c6;\"><strong>8<\/strong><\/span><span style=\"color: #0077c6;\"><strong>\u20ac<\/strong><\/span> pour le 5 km et <span style=\"color: #0077c6;\"><strong>12<\/strong><\/span><span style=\"color: #0077c6;\"><strong>\u20ac\u00a0<\/strong><\/span>pour le 10 km, profits revers\u00e9s \u00e0\u00a0<strong>Tribu Cancer<\/strong>.<\/p>\n<p style=\"padding-left: 30px;\"><span style=\"color: #0077c6;\"><strong>A SAVOIR<\/strong><\/span><\/p>\n<p style=\"padding-left: 60px;\"><strong>\u25ca Retrait des dossards \u00a0: <\/strong>sur place le dimanche matin , \u00e0 partir de 9h00.<\/p>\n<p style=\"padding-left: 60px;\"><strong>\u25ca Challenge Entreprises Quiberonnaises<\/strong>\u00a0<strong>sur le 10 km<\/strong> : <em>prendre contact avec les organisateurs<\/em>\u00a0au 06 24 15 73 09 pour l&rsquo;inscription des \u00e9quipes.<\/p>\n<p style=\"padding-left: 60px;\"><strong>\u25ca Inscriptions possibles sur place<\/strong>\u00a0: <span style=\"color: #0077c6;\"><strong>10<\/strong><\/span><span style=\"color: #0077c6;\"><strong>\u20ac<\/strong><\/span> pour le 5 km et <span style=\"color: #0077c6;\"><strong>14<\/strong><\/span><span style=\"color: #0077c6;\"><strong>\u20ac\u00a0<\/strong><\/span>pour le 10 km,<strong>\u00a0Attention\u00a0<\/strong>l<em>e nombre de dossards est limit\u00e9.<\/em><\/p>\n<p style=\"padding-left: 60px;\"><strong>\u25ca Pour les courses 5 km et 10 km : <\/strong><em>le certificat m\u00e9dical est obligatoire<\/em>.<br \/>\n<strong>\u00a0 \u00a0 Pour les courses \u00ab\u00a0jeunes\u00a0\u00bb<\/strong> : <em>le certificat m\u00e9dical n&rsquo;est pas demand\u00e9 et il n&rsquo;y a pas de classement officiel<\/em><\/p>\n<\/div>\n<\/div>\n<p class=\"column\" style=\"padding-left: 30px;\"><strong><span style=\"color: #0077c6;\">INFORMATIONS PRATIQUES<\/span><\/strong><\/p>\n<p style=\"padding-left: 60px;\"><strong>\u25ca Douche possible :<\/strong> sur la grande plage de Quiberon \u00e0 300m<\/p>\n<p style=\"padding-left: 60px;\"><strong>\u25ca Parking limit\u00e9<\/strong> \u00e0 200m<\/p>\n<p style=\"padding-left: 60px;\"><strong>\u25ca Transports<\/strong> \u00e0 Quiberon : <a href=\"http:\/\/www.quiberon.com\/pratique\/venir-et-se-deplacer-quiberon\">ici<\/a><\/p>\n<p style=\"padding-left: 60px;\"><strong>\u25ca Possibilit\u00e9 de rejoindre Quiberon<\/strong> par le TER le \u00ab\u00a0<strong>Tire Bouchon\u00a0\u00bb<\/strong> depuis Auray ou Plouharnel.<\/p>\n<p style=\"padding-left: 60px;\"><strong>\u25ca H\u00e9bergements<\/strong> : contactez l&rsquo;Office de Tourisme de Quiberon: \u00a0 02 97 50 07 84 &#8211; <a href=\"http:\/\/www.quiberon.com\" target=\"_blank\" rel=\"noopener noreferrer\">www.quiberon.com<\/a><\/p>\n<\/div>\n<hr \/>\n<h2><span style=\"color: #0077c6;\">Partenariat<\/span><\/h2>\n<div class=\"page\" title=\"Page 1\">\n<div class=\"section\">\n<div class=\"layoutArea\">\n<div class=\"column\">\n<p style=\"text-align: left;\">Devenez partenaire des Foul\u00e9es du Large soit par \u00a0un\u00a0partenariat financier: c\u2019est gagnant gagnant ! Vous \u00eates une entreprise, ou un particulier, vous pouvez nous aider en faisant un don ou un sponsoring, soit par un\u00a0partenariat en nature :\u00a0Lots et troph\u00e9es, ravitaillement, assistance technique, transports, mat\u00e9riels d\u2019organisation, animation&#8230; Vous pouvez nous aider \u00e0 r\u00e9unir tous les moyens humains et mat\u00e9riels pour la r\u00e9ussite de l\u2019\u00e9v\u00e9nement !<\/p>\n<p><span style=\"color: #0077c6;\">VOUS ETES INTERESSES ? Contactez-nous !<\/span><\/p>\n<p>Partenariat en nature : St\u00e9phane Boutet, Tel : 06 76 85 07 88 &#8211; quiberonsportnature@gmail.com<br \/>\nPartenariat financier : Jean-Louis Laporte, Tel : 06 08 00 26 22 &#8211; laporte3@gmail.com<\/p>\n<\/div>\n<\/div>\n<\/div>\n<\/div>\n<div class=\"page\" title=\"Page 2\">\n<div class=\"layoutArea\">\n<div class=\"column\">\n<hr \/>\n<\/div>\n<\/div>\n<h2><span style=\"color: #0077c6;\">Organisation<\/span><\/h2>\n<p><strong>QUIBERON SPORT NATURE<\/strong> \u00a0 &#8211; \u00a0T\u00e9l. 06 76 85 07 88 \u00a0&#8211; \u00a0fouleesdularge@gmail.com<\/p>\n<p><strong>Conseiller technique<\/strong>\u00a0: Maryse Le Gallo, marathonienne de haut niveau.<\/p>\n<p>&nbsp;<\/p>\n<div class=\"layoutArea\">\n<div class=\"column\">\n<hr \/>\n<h2><span style=\"color: #0077c6;\">Tribu Cancer<\/span><\/h2>\n<p>L&rsquo;association <span style=\"color: #0077c6;\"><a style=\"color: #0077c6;\" href=\"http:\/\/tribucancer.org\"><strong>Tribu Cancer<\/strong><\/a><\/span> est n\u00e9e \u00e0 Quiberon et y est toujours tr\u00e8s pr\u00e9sente malgr\u00e9 son rayonnement national.<img loading=\"lazy\" class=\"alignright size-full wp-image-221\" src=\"http:\/\/quiberonsportnature.bzh\/wp-content\/uploads\/2016\/01\/Logo-Tribu-Cancer.jpg\" alt=\"\" width=\"300\" height=\"150\" srcset=\"https:\/\/quiberonsportnature.bzh\/wp-content\/uploads\/2016\/01\/Logo-Tribu-Cancer.jpg 300w, https:\/\/quiberonsportnature.bzh\/wp-content\/uploads\/2016\/01\/Logo-Tribu-Cancer-250x125.jpg 250w, https:\/\/quiberonsportnature.bzh\/wp-content\/uploads\/2016\/01\/Logo-Tribu-Cancer-50x25.jpg 50w\" sizes=\"(max-width: 300px) 100vw, 300px\" \/> Son but est de rompre l&rsquo;isolement du malade en proposant un soutien \u00e0 distance et aussi en l&rsquo;aidant \u00e0 r\u00e9aliser des projets.<\/p>\n<p>Un voilier bas\u00e9 \u00e0 Quiberon permet aux malades <a href=\"http:\/\/www.tribucancer.org\/sevader\">des \u00e9vasions nautiques.<\/a><\/p>\n<p>Contact : Tribu Cancer <a href=\"http:\/\/www.tribucancer.org\">www.tribucancer.org<\/a><\/p>\n<p>Pr\u00e9sident : Jean-Louis Laporte<\/p>\n<\/div>\n<\/div>\n<p>&nbsp;<\/p>\n<hr \/>\n<h2><span style=\"color: #0077c6;\">Nos Partenaires<\/span><\/h2>\n<p><a href=\"http:\/\/breizhcafe.com\/fr\/\" target=\"_blank\" rel=\"noopener noreferrer\"><img loading=\"lazy\" class=\"alignnone wp-image-657\" src=\"http:\/\/quiberonsportnature.bzh\/wp-content\/uploads\/2016\/02\/2015-Breizh-caf%C3%A9.jpg\" alt=\"Breizh caf\u00e9\" width=\"375\" height=\"116\" \/><\/a>\u00a0 <a href=\"http:\/\/www.sofitel.com\/gb\/hotel-0557-sofitel-quiberon-thalassa-sea-spa\/index.shtml\" target=\"_blank\" rel=\"noopener noreferrer\"><img loading=\"lazy\" class=\"wp-image-409 alignnone\" src=\"http:\/\/quiberonsportnature.bzh\/wp-content\/uploads\/2016\/01\/sofitel.jpg\" alt=\"Sofitel Thalassa Quiberon\" width=\"262\" height=\"131\" \/><\/a>\u00a0 \u00a0 \u00a0 \u00a0 \u00a0 \u00a0 \u00a0<a href=\"http:\/\/www.maison-armorine.com\" target=\"_blank\" rel=\"noopener\"><img loading=\"lazy\" class=\"alignnone wp-image-4316 size-full\" src=\"http:\/\/quiberonsportnature.bzh\/wp-content\/uploads\/2018\/06\/niniches-2018.jpg\" alt=\"\" width=\"119\" height=\"120\" \/><\/a><\/p>\n<p>&nbsp;<\/p>\n<\/div>\n<div class=\"page\" title=\"Page 2\">\n<p><a href=\"http:\/\/www.letelegramme.fr\/\" target=\"_blank\" rel=\"noopener noreferrer\"><img loading=\"lazy\" class=\"alignnone wp-image-662 size-full\" src=\"http:\/\/quiberonsportnature.bzh\/wp-content\/uploads\/2016\/02\/2015-Le-Telegramme.jpg\" sizes=\"(max-width: 152px) 100vw, 152px\" srcset=\"http:\/\/quiberonsportnature.bzh\/wp-content\/uploads\/2016\/02\/2015-Le-Telegramme.jpg 152w, http:\/\/quiberonsportnature.bzh\/wp-content\/uploads\/2016\/02\/2015-Le-Telegramme-50x33.jpg 50w\" alt=\"Le T\u00e9l\u00e9gramme\" width=\"152\" height=\"100\" \/><\/a><a href=\"https:\/\/www.sobhi-sport.com\" target=\"_blank\" rel=\"noopener\"><img loading=\"lazy\" class=\"alignnone wp-image-4314 size-full\" src=\"http:\/\/quiberonsportnature.bzh\/wp-content\/uploads\/2018\/06\/sobhi-vannes.jpg\" alt=\"\" width=\"329\" height=\"100\" \/><\/a><a href=\"http:\/\/ville-quiberon.fr\" target=\"_blank\" rel=\"noopener\"><img loading=\"lazy\" class=\"alignnone wp-image-4328 size-full\" src=\"http:\/\/quiberonsportnature.bzh\/wp-content\/uploads\/2018\/06\/LOGO-VILLE-2018.jpg\" alt=\"\" width=\"262\" height=\"97\" srcset=\"https:\/\/quiberonsportnature.bzh\/wp-content\/uploads\/2018\/06\/LOGO-VILLE-2018.jpg 262w, https:\/\/quiberonsportnature.bzh\/wp-content\/uploads\/2018\/06\/LOGO-VILLE-2018-250x93.jpg 250w\" sizes=\"(max-width: 262px) 100vw, 262px\" \/><\/a><a href=\"http:\/\/www.carrefour.fr\/magasin\/city-quiberon?utm_medium=flux_opm&amp;utm_source=flux_opm\" target=\"_blank\" rel=\"noopener\"><img loading=\"lazy\" class=\"alignnone wp-image-665 size-full\" src=\"http:\/\/quiberonsportnature.bzh\/wp-content\/uploads\/2016\/02\/2015-Carrefour-City.jpg\" alt=\"Carrefour City\" width=\"122\" height=\"100\" srcset=\"https:\/\/quiberonsportnature.bzh\/wp-content\/uploads\/2016\/02\/2015-Carrefour-City.jpg 122w, https:\/\/quiberonsportnature.bzh\/wp-content\/uploads\/2016\/02\/2015-Carrefour-City-50x41.jpg 50w\" sizes=\"(max-width: 122px) 100vw, 122px\" \/><\/a><img loading=\"lazy\" class=\"alignnone wp-image-670 size-full\" src=\"http:\/\/quiberonsportnature.bzh\/wp-content\/uploads\/2016\/02\/2015-ACM.jpg\" sizes=\"(max-width: 84px) 100vw, 84px\" srcset=\"http:\/\/quiberonsportnature.bzh\/wp-content\/uploads\/2016\/02\/2015-ACM.jpg 84w, http:\/\/quiberonsportnature.bzh\/wp-content\/uploads\/2016\/02\/2015-ACM-42x50.jpg 42w\" alt=\"ACM\" width=\"84\" height=\"100\" \/><img loading=\"lazy\" class=\"alignnone wp-image-661 size-full\" src=\"http:\/\/quiberonsportnature.bzh\/wp-content\/uploads\/2016\/02\/2015-Saint-Pierre.jpg\" sizes=\"(max-width: 129px) 100vw, 129px\" srcset=\"http:\/\/quiberonsportnature.bzh\/wp-content\/uploads\/2016\/02\/2015-Saint-Pierre.jpg 129w, http:\/\/quiberonsportnature.bzh\/wp-content\/uploads\/2016\/02\/2015-Saint-Pierre-50x39.jpg 50w\" alt=\"Ville de Saint Pierre Quiberon\" width=\"129\" height=\"100\" \/><\/p>\n<p><a href=\"http:\/\/www.laquiberonnaise.fr\/\" target=\"_blank\" rel=\"noopener noreferrer\"><img loading=\"lazy\" class=\"alignnone wp-image-663 size-full\" src=\"http:\/\/quiberonsportnature.bzh\/wp-content\/uploads\/2016\/02\/2015-Quiberonnaise.jpg\" sizes=\"(max-width: 104px) 100vw, 104px\" srcset=\"http:\/\/quiberonsportnature.bzh\/wp-content\/uploads\/2016\/02\/2015-Quiberonnaise.jpg 104w, http:\/\/quiberonsportnature.bzh\/wp-content\/uploads\/2016\/02\/2015-Quiberonnaise-50x48.jpg 50w\" alt=\"La Quiberonnaise\" width=\"104\" height=\"100\" \/><\/a><a href=\"http:\/\/www.comptoir-de-locean.fr\" target=\"_blank\" rel=\"noopener\"><img loading=\"lazy\" class=\"alignnone wp-image-4319 size-full\" src=\"http:\/\/quiberonsportnature.bzh\/wp-content\/uploads\/2018\/06\/LOGO_2018_COMPTOIR_OCEAN-web.jpg\" alt=\"\" width=\"177\" height=\"100\" \/><\/a><img loading=\"lazy\" class=\"alignnone wp-image-673 size-full\" src=\"http:\/\/quiberonsportnature.bzh\/wp-content\/uploads\/2016\/02\/2015-CMB.jpg\" sizes=\"(max-width: 95px) 100vw, 95px\" srcset=\"http:\/\/quiberonsportnature.bzh\/wp-content\/uploads\/2016\/02\/2015-CMB.jpg 95w, http:\/\/quiberonsportnature.bzh\/wp-content\/uploads\/2016\/02\/2015-CMB-48x50.jpg 48w\" alt=\"Cr\u00e9dit Mutuel de Bretagne\" width=\"95\" height=\"100\" \/><img loading=\"lazy\" class=\"alignnone wp-image-3682 size-full\" src=\"http:\/\/quiberonsportnature.bzh\/wp-content\/uploads\/2017\/03\/Un-ete-a-la-Mer-logo.jpg\" sizes=\"(max-width: 100px) 100vw, 100px\" srcset=\"http:\/\/quiberonsportnature.bzh\/wp-content\/uploads\/2017\/03\/Un-ete-a-la-Mer-logo.jpg 100w, http:\/\/quiberonsportnature.bzh\/wp-content\/uploads\/2017\/03\/Un-ete-a-la-Mer-logo-50x50.jpg 50w\" alt=\"Un \u00e9t\u00e9 \u00e0 la Mer \u00e0 Quiberon\" width=\"100\" height=\"102\" \/><a href=\"http:\/\/www.kakicrazy.fr\/\" target=\"_blank\" rel=\"noopener noreferrer\"><img loading=\"lazy\" class=\"alignnone wp-image-671 size-full\" src=\"http:\/\/quiberonsportnature.bzh\/wp-content\/uploads\/2016\/02\/2015-Kaki-Crazy.jpg\" sizes=\"(max-width: 105px) 100vw, 105px\" srcset=\"http:\/\/quiberonsportnature.bzh\/wp-content\/uploads\/2016\/02\/2015-Kaki-Crazy.jpg 105w, http:\/\/quiberonsportnature.bzh\/wp-content\/uploads\/2016\/02\/2015-Kaki-Crazy-50x48.jpg 50w\" alt=\"Kaki Crazy\" width=\"105\" height=\"100\" \/><\/a><a href=\"http:\/\/www.velocean.com\/\" target=\"_blank\" rel=\"noopener noreferrer\"><img loading=\"lazy\" class=\"alignnone wp-image-3636 size-full\" src=\"http:\/\/quiberonsportnature.bzh\/wp-content\/uploads\/2017\/03\/logo-velocean-e1493656599517.jpg\" alt=\"V\u00e9loc\u00e9an\" width=\"214\" height=\"60\" \/><\/a><a href=\"https:\/\/www.facebook.com\/pages\/Restaurant-La-Cabana-%C3%80-Quiberon-Plage\/233985896648302\" target=\"_blank\" rel=\"noopener noreferrer\"><img loading=\"lazy\" class=\"alignnone wp-image-1013 size-full\" src=\"http:\/\/quiberonsportnature.bzh\/wp-content\/uploads\/2016\/02\/la-cabana.jpg\" sizes=\"(max-width: 65px) 100vw, 65px\" srcset=\"http:\/\/quiberonsportnature.bzh\/wp-content\/uploads\/2016\/02\/la-cabana.jpg 65w, http:\/\/quiberonsportnature.bzh\/wp-content\/uploads\/2016\/02\/la-cabana-33x50.jpg 33w\" alt=\"\" width=\"65\" height=\"100\" \/><\/a><a href=\"http:\/\/www.hotelibis-quiberon.com\/\" target=\"_blank\" rel=\"noopener noreferrer\"><img loading=\"lazy\" class=\"wp-image-3593 size-full alignnone\" src=\"http:\/\/quiberonsportnature.bzh\/wp-content\/uploads\/2017\/03\/ibis.jpg\" sizes=\"(max-width: 105px) 100vw, 105px\" srcset=\"http:\/\/quiberonsportnature.bzh\/wp-content\/uploads\/2017\/03\/ibis.jpg 105w, http:\/\/quiberonsportnature.bzh\/wp-content\/uploads\/2017\/03\/ibis-50x50.jpg 50w\" alt=\"H\u00f4tel Ibis Quiberon\" width=\"105\" height=\"103\" \/><img loading=\"lazy\" class=\"wp-image-3631 size-full alignnone\" src=\"http:\/\/quiberonsportnature.bzh\/wp-content\/uploads\/2017\/03\/Logo-Riguidel.jpg\" sizes=\"(max-width: 167px) 100vw, 167px\" srcset=\"http:\/\/quiberonsportnature.bzh\/wp-content\/uploads\/2017\/03\/Logo-Riguidel.jpg 167w, http:\/\/quiberonsportnature.bzh\/wp-content\/uploads\/2017\/03\/Logo-Riguidel-50x28.jpg 50w\" alt=\"Boulangerie Riguidel Quiberon\" width=\"167\" height=\"94\" \/><\/a>\u00a0\u00a0\u00a0\u00a0\u00a0\u00a0\u00a0\u00a0\u00a0\u00a0\u00a0\u00a0<a href=\"http:\/\/www.restaurant-galets-port.fr\" target=\"_blank\" rel=\"noopener\"><img loading=\"lazy\" class=\"alignnone wp-image-4334 size-full\" src=\"http:\/\/quiberonsportnature.bzh\/wp-content\/uploads\/2018\/07\/Logo-Les-Galets-du-Port.jpg\" alt=\"\" width=\"100\" height=\"106\" \/><\/a><\/p>\n<\/div>\n","protected":false},"excerpt":{"rendered":"<p>Les Foul\u00e9es du Large &#8211; 6\u00e8 \u00e9dition Le dimanche 29 juillet 2018 &nbsp; &nbsp; Pour cette 6\u00e8me \u00e9dition, les courses se d\u00e9roule un Dimanche matin ! Le trac\u00e9 du parcours des courses est toujours le m\u00eame, avec un d\u00e9part de<\/p>\n","protected":false},"author":2,"featured_media":0,"parent":26,"menu_order":9,"comment_status":"closed","ping_status":"closed","template":"","meta":[],"_links":{"self":[{"href":"https:\/\/quiberonsportnature.bzh\/index.php\/wp-json\/wp\/v2\/pages\/4232"}],"collection":[{"href":"https:\/\/quiberonsportnature.bzh\/index.php\/wp-json\/wp\/v2\/pages"}],"about":[{"href":"https:\/\/quiberonsportnature.bzh\/index.php\/wp-json\/wp\/v2\/types\/page"}],"author":[{"embeddable":true,"href":"https:\/\/quiberonsportnature.bzh\/index.php\/wp-json\/wp\/v2\/users\/2"}],"replies":[{"embeddable":true,"href":"https:\/\/quiberonsportnature.bzh\/index.php\/wp-json\/wp\/v2\/comments?post=4232"}],"version-history":[{"count":67,"href":"https:\/\/quiberonsportnature.bzh\/index.php\/wp-json\/wp\/v2\/pages\/4232\/revisions"}],"predecessor-version":[{"id":4652,"href":"https:\/\/quiberonsportnature.bzh\/index.php\/wp-json\/wp\/v2\/pages\/4232\/revisions\/4652"}],"up":[{"embeddable":true,"href":"https:\/\/quiberonsportnature.bzh\/index.php\/wp-json\/wp\/v2\/pages\/26"}],"wp:attachment":[{"href":"https:\/\/quiberonsportnature.bzh\/index.php\/wp-json\/wp\/v2\/media?parent=4232"}],"curies":[{"name":"wp","href":"https:\/\/api.w.org\/{rel}","templated":true}]}}