{"id":427,"date":"2016-02-04T06:43:45","date_gmt":"2016-02-04T06:43:45","guid":{"rendered":"http:\/\/quiberonsportnature.bzh\/?page_id=427"},"modified":"2026-04-14T17:52:23","modified_gmt":"2026-04-14T17:52:23","slug":"bienvenue","status":"publish","type":"page","link":"https:\/\/quiberonsportnature.bzh\/","title":{"rendered":"Bienvenue"},"content":{"rendered":"\n<hr class=\"wp-block-separator\"\/>\n\n\n\n<div class=\"wp-block-image\"><figure class=\"aligncenter size-large\"><img loading=\"lazy\" width=\"716\" height=\"1024\" src=\"https:\/\/quiberonsportnature.bzh\/wp-content\/uploads\/2026\/04\/Inscrip-FDL-2026-716x1024.png\" alt=\"\" class=\"wp-image-7239\" srcset=\"https:\/\/quiberonsportnature.bzh\/wp-content\/uploads\/2026\/04\/Inscrip-FDL-2026-716x1024.png 716w, https:\/\/quiberonsportnature.bzh\/wp-content\/uploads\/2026\/04\/Inscrip-FDL-2026-280x400.png 280w, https:\/\/quiberonsportnature.bzh\/wp-content\/uploads\/2026\/04\/Inscrip-FDL-2026-175x250.png 175w, https:\/\/quiberonsportnature.bzh\/wp-content\/uploads\/2026\/04\/Inscrip-FDL-2026-1074x1536.png 1074w, https:\/\/quiberonsportnature.bzh\/wp-content\/uploads\/2026\/04\/Inscrip-FDL-2026-35x50.png 35w, https:\/\/quiberonsportnature.bzh\/wp-content\/uploads\/2026\/04\/Inscrip-FDL-2026.png 1092w\" sizes=\"(max-width: 716px) 100vw, 716px\" \/><\/figure><\/div>\n\n\n<h2 style=\"text-align: center;\"><strong>Bienvenue \u00e0 QUIBERON SPORT NATURE !<\/strong><\/h2>\n<p style=\"text-align: justify;\">Association d\u00e9di\u00e9e \u00e0 l&rsquo;organisation de <span style=\"color: #3366ff;\"><a style=\"color: #3366ff;\" href=\"http:\/\/quiberonsportnature.bzh\/index.php\/activites\/competitions\/\" target=\"_blank\" rel=\"noopener\"><strong>comp\u00e9titions de courses \u00e0 pied<\/strong><\/a><\/span> et \u00e0 la pratique du <span style=\"color: #3366ff;\"><a style=\"color: #3366ff;\" href=\"http:\/\/quiberonsportnature.bzh\/index.php\/activites\/course-a-pied\/\" target=\"_blank\" rel=\"noopener\"><strong>Running<\/strong><\/a><\/span>&nbsp;dans le superbe d\u00e9cor de la Presqu\u2019\u00eele de Quiberon. Les chemins \u00e0 travers la lande et le bord de mer sont notre merveilleux terrain de jeux.<\/p>\n<p style=\"text-align: center;\">&#8212;&#8212;&#8212;&#8212;&#8212;&#8212;&#8212;-<\/p>\n<p style=\"text-align: justify;\">Depuis 14 ans, nous organisons <span style=\"color: #0000ff;\"><span style=\"color: #3366ff;\"><a style=\"color: #3366ff;\" href=\"http:\/\/quiberonsportnature.bzh\/index.php\/fdl-2025\/\" target=\"_blank\" rel=\"noopener\"><strong>Les Foul\u00e9es du Large<\/strong><\/a><\/span><strong>&nbsp;<\/strong><\/span>, au profit de&nbsp;l&rsquo;Association d&rsquo;aide aux malades, <a href=\"https:\/\/www.tribucancer.com\/\"><span style=\"color: #0000ff;\"><strong>Tribu Cancer<\/strong><\/span><\/a>. Cette manifestation caritative rencontre chaque ann\u00e9e plus de succ\u00e8s et rassemble maintenant pr\u00e8s de 800 participants sur la journ\u00e9e !<\/p>\n<p><strong>Un Grand Merci aux b\u00e9n\u00e9voles pour leur fid\u00e9lit\u00e9 et aux coureurs pour leur g\u00e9n\u00e9rosit\u00e9 !<\/strong><\/p>\n<p style=\"text-align: justify;\">Hors saison, c&rsquo;est le tour d&rsquo;<span style=\"color: #3366ff;\"><a style=\"color: #3366ff;\" href=\"http:\/\/quiberonsportnature.bzh\/index.php\/elo-2025\/\"><strong>Entre Lande et Oc\u00e9an<\/strong><\/a><\/span> de vous faire d\u00e9couvrir la beaut\u00e9 de nos chemins, \u00e0 travers la Presqu&rsquo;ile et en bord de C\u00f4te Sauvage.<\/p>\n<p style=\"text-align: justify;\"><strong><span style=\"color: #000000;\">&nbsp;<\/span><\/strong><\/p>\n<p>Le prochain rendez-vous est maintenant <strong><span style=\"color: #ff0000;\">le 19 Juillet pour les <a href=\"https:\/\/quiberonsportnature.bzh\/index.php\/fdl-2026\/\">FDL 2026<\/a> !<\/span><br><\/strong><\/p>\n<p><\/p>\n<p>Bonne visite sur ce site et \u00e0 tr\u00e8s bient\u00f4t sur les chemins c\u00f4tiers !<\/p>\n<p><strong>St\u00e9phane Boutet. Pr\u00e9sident de QSN.<\/strong><\/p>\n<p>Page Facebook : <a href=\"https:\/\/www.facebook.com\/quiberonsportnature\/\"><strong><span style=\"color: #3366ff;\">QSN<\/span><\/strong><\/a><\/p>\n\n\n<p>Instagram : <a href=\"https:\/\/www.instagram.com\/quiberon_sport_nature\/\"><strong><span style=\"color:#1a28ed\" class=\"has-inline-color\">quiberon_sport_nature<\/span><\/strong><\/a><\/p>\n","protected":false},"excerpt":{"rendered":"<p>Bienvenue \u00e0 QUIBERON SPORT NATURE ! Association d\u00e9di\u00e9e \u00e0 l&rsquo;organisation de comp\u00e9titions de courses \u00e0 pied et \u00e0 la pratique du Running&nbsp;dans le superbe d\u00e9cor de la Presqu\u2019\u00eele de Quiberon. Les chemins \u00e0 travers la lande et le bord de<\/p>\n","protected":false},"author":2,"featured_media":0,"parent":0,"menu_order":0,"comment_status":"closed","ping_status":"closed","template":"","meta":[],"_links":{"self":[{"href":"https:\/\/quiberonsportnature.bzh\/index.php\/wp-json\/wp\/v2\/pages\/427"}],"collection":[{"href":"https:\/\/quiberonsportnature.bzh\/index.php\/wp-json\/wp\/v2\/pages"}],"about":[{"href":"https:\/\/quiberonsportnature.bzh\/index.php\/wp-json\/wp\/v2\/types\/page"}],"author":[{"embeddable":true,"href":"https:\/\/quiberonsportnature.bzh\/index.php\/wp-json\/wp\/v2\/users\/2"}],"replies":[{"embeddable":true,"href":"https:\/\/quiberonsportnature.bzh\/index.php\/wp-json\/wp\/v2\/comments?post=427"}],"version-history":[{"count":156,"href":"https:\/\/quiberonsportnature.bzh\/index.php\/wp-json\/wp\/v2\/pages\/427\/revisions"}],"predecessor-version":[{"id":7244,"href":"https:\/\/quiberonsportnature.bzh\/index.php\/wp-json\/wp\/v2\/pages\/427\/revisions\/7244"}],"wp:attachment":[{"href":"https:\/\/quiberonsportnature.bzh\/index.php\/wp-json\/wp\/v2\/media?parent=427"}],"curies":[{"name":"wp","href":"https:\/\/api.w.org\/{rel}","templated":true}]}}