{"id":4522,"date":"2018-11-01T15:32:09","date_gmt":"2018-11-01T15:32:09","guid":{"rendered":"http:\/\/quiberonsportnature.bzh\/?page_id=4522"},"modified":"2019-02-27T22:21:52","modified_gmt":"2019-02-27T22:21:52","slug":"entre-lande-et-ocean-2018","status":"publish","type":"page","link":"https:\/\/quiberonsportnature.bzh\/index.php\/entre-landes-et-ocean\/entre-lande-et-ocean-2018\/","title":{"rendered":"ELO  2018"},"content":{"rendered":"<h2 style=\"text-align: center;\"><span style=\"color: #0077c6;\"><a href=\"http:\/\/quiberonsportnature.bzh\/wp-content\/uploads\/2018\/09\/FlyerCourse-EntreLandeetOcean-e1541084340959.jpg\"><img loading=\"lazy\" class=\"alignright wp-image-4458 size-large\" src=\"http:\/\/quiberonsportnature.bzh\/wp-content\/uploads\/2018\/09\/FlyerCourse-EntreLandeetOcean-733x1024.jpg\" alt=\"Course Entre Lande et Oc\u00e9an\" width=\"710\" height=\"992\" \/><\/a>Course Nature<\/span><\/h2>\n<h2 style=\"text-align: center;\"><span style=\"color: #0077c6;\">\u00ab\u00a0Entre Lande et Oc\u00e9an\u00a0\u00bb<\/span><\/h2>\n<h2 style=\"text-align: center;\"><span style=\"color: #0077c6;\">Le dimanche 14 octobre 2018<\/span><\/h2>\n<h3><\/h3>\n<p>Une course nature de 15 kilom\u00e8tres par les chemins dans la lande, en traversant un village et en longeant la C\u00f4te Sauvage de Quiberon.<br \/>\nUn trac\u00e9 en pleine nature pour une \u00e9preuve iod\u00e9e !<\/p>\n<p>&nbsp;<\/p>\n<div class=\"column\">\n<h2><span style=\"color: #0077c6;\">Programme<\/span><\/h2>\n<\/div>\n<div class=\"page\" title=\"Page 2\">\n<div class=\"layoutArea\">\n<div class=\"column\"><strong>\u25ca Retrait des dossards : entre 8h et 10h<br \/>\n<\/strong><\/div>\n<div class=\"column\"><strong>\u25ca D\u00e9part course\u00a0nature : \u00a010h30<br \/>\n<\/strong><\/div>\n<\/div>\n<\/div>\n<div class=\"column\"><\/div>\n<h2><\/h2>\n<h2><\/h2>\n<h2 class=\"column\"><span style=\"color: #0077c6;\">Inscriptions<\/span><\/h2>\n<div class=\"page\" title=\"Page 2\">\n<div class=\"layoutArea\">\n<div class=\"column\"><b><strong>\u25ca<\/strong> Par courrier en t\u00e9l\u00e9chargeant le <a href=\"http:\/\/quiberonsportnature.bzh\/wp-content\/uploads\/2018\/07\/bulletin-dinscription-ELO.odt\">bulletin d\u2019inscription 2018<\/a><\/b><\/div>\n<div class=\"column\"><b><strong>\u25ca<\/strong> E<\/b><strong>n ligne sur \u00a0<a href=\"https:\/\/event.izir.fr\/event\/5b55ae63c6d18f00243cb6b2\">event.izir.fr<\/a><\/strong><\/div>\n<div class=\"column\">\n<p><strong>Contact inscriptions :<\/strong>\u00a0\u00a0T\u00e9l. 06 24 15 73 09<br \/>\n<a href=\"mailto:quiberonsportnature@gmail.com\">quiberonsportnature@gmail.com<\/a><\/p>\n<p><strong>Tarif des inscriptions<\/strong>\u00a0: \u00a010\u00a0\u20ac<\/p>\n<h2><\/h2>\n<\/div>\n<\/div>\n<h2><\/h2>\n<h2><\/h2>\n<h2><span style=\"color: #0077c6;\">R\u00e9sultats :<\/span> \u00a0<span style=\"color: #000000;\"><a style=\"color: #000000;\" href=\"https:\/\/www.klikego.com\/resultats\/entre-lande-et-ocean-2018\/1506137238968-1\"><span style=\"color: #333300;\"><span style=\"color: #808080;\">ici<\/span><\/span><\/a><\/span><\/h2>\n<\/div>\n<h2><\/h2>\n<p>&nbsp;<\/p>\n<p>&nbsp;<\/p>\n<p>&nbsp;<\/p>\n<h2><\/h2>\n<p>&nbsp;<\/p>\n<hr \/>\n<div class=\"page\" title=\"Page 2\">\n<div class=\"layoutArea\">\n<div class=\"column\">\n<h2><span style=\"color: #0077c6;\">Photos : 2 Albums (cliquez sur titres ci-dessous)<\/span><\/h2>\n<figure id=\"attachment_4499\" aria-describedby=\"caption-attachment-4499\" style=\"width: 399px\" class=\"wp-caption alignleft\"><a href=\"https:\/\/www.facebook.com\/pg\/quiberonsportnature\/photos\/?tab=album&amp;album_id=2132604923619674&amp;__xts__%5B0%5D=68.ARA9HCrRTiSD3CJs7sjTLivKNeVAv_aup0MZnuhLzEwa2yA_wDD0ynZERV_DOFs_5D2m_ckhpMY1ZImI7P76Ed9r5wbpu-EP-P9YYFeUx_eyGc3MahJVLmI4fPGqIUhtQRbgXWFaNIM8NQNuYBPh9aUkAQysvfKFFSLqZ2pucRZndOMVR1vUFg&amp;__tn__=-UC-R\" target=\"_blank\" rel=\"noopener\"><img loading=\"lazy\" class=\"wp-image-4499\" src=\"http:\/\/quiberonsportnature.bzh\/wp-content\/uploads\/2018\/10\/DSC6770-1024x708.jpg\" sizes=\"(max-width: 399px) 100vw, 399px\" srcset=\"http:\/\/quiberonsportnature.bzh\/wp-content\/uploads\/2018\/10\/DSC6770-1024x708.jpg 1024w, http:\/\/quiberonsportnature.bzh\/wp-content\/uploads\/2018\/10\/DSC6770-250x173.jpg 250w, http:\/\/quiberonsportnature.bzh\/wp-content\/uploads\/2018\/10\/DSC6770-578x400.jpg 578w\" alt=\"ELO Organisation et b\u00e9n\u00e9voles\" width=\"399\" height=\"276\" \/><\/a><figcaption id=\"caption-attachment-4499\" class=\"wp-caption-text\">ELO Organisation et b\u00e9n\u00e9voles<\/figcaption><\/figure>\n<\/div>\n<\/div>\n<\/div>\n<div class=\"page\" title=\"Page 2\">\n<div class=\"layoutArea\">\n<div class=\"column\">\n<figure id=\"attachment_4498\" aria-describedby=\"caption-attachment-4498\" style=\"width: 511px\" class=\"wp-caption alignleft\"><a href=\"https:\/\/www.facebook.com\/pg\/quiberonsportnature\/photos\/?tab=album&amp;album_id=2132476456965854\" target=\"_blank\" rel=\"noopener\"><img loading=\"lazy\" class=\"wp-image-4498\" src=\"http:\/\/quiberonsportnature.bzh\/wp-content\/uploads\/2018\/10\/DSC06769-1024x579.jpg\" sizes=\"(max-width: 511px) 100vw, 511px\" srcset=\"http:\/\/quiberonsportnature.bzh\/wp-content\/uploads\/2018\/10\/DSC06769-1024x579.jpg 1024w, http:\/\/quiberonsportnature.bzh\/wp-content\/uploads\/2018\/10\/DSC06769-250x141.jpg 250w, http:\/\/quiberonsportnature.bzh\/wp-content\/uploads\/2018\/10\/DSC06769-707x400.jpg 707w\" alt=\"ELO Course et Podium\" width=\"511\" height=\"289\" \/><\/a><figcaption id=\"caption-attachment-4498\" class=\"wp-caption-text\">ELO Course et Podium<\/figcaption><\/figure>\n<h2><\/h2>\n<\/div>\n<\/div>\n<\/div>\n<p>&nbsp;<\/p>\n<p>&nbsp;<\/p>\n<p>&nbsp;<\/p>\n<p>&nbsp;<\/p>\n<p>&nbsp;<\/p>\n<p>&nbsp;<\/p>\n<p>&nbsp;<\/p>\n<p>&nbsp;<\/p>\n<p>&nbsp;<\/p>\n<p>&nbsp;<\/p>\n<div class=\"page\" title=\"Page 2\">\n<div class=\"layoutArea\">\n<div class=\"column\">\n<hr \/>\n<h2><span style=\"color: #0077c6;\">Revue de presse<\/span><\/h2>\n<\/div>\n<\/div>\n<\/div>\n<h2><a href=\"http:\/\/quiberonsportnature.bzh\/wp-content\/uploads\/2018\/10\/218-coureurs-entre-lande-et-oc\u00e9an.jpg\"><img loading=\"lazy\" class=\"size-full wp-image-4511 alignleft\" src=\"http:\/\/quiberonsportnature.bzh\/wp-content\/uploads\/2018\/10\/218-coureurs-entre-lande-et-oc\u00e9an.jpg\" sizes=\"(max-width: 603px) 100vw, 603px\" srcset=\"http:\/\/quiberonsportnature.bzh\/wp-content\/uploads\/2018\/10\/218-coureurs-entre-lande-et-oc\u00e9an.jpg 603w, http:\/\/quiberonsportnature.bzh\/wp-content\/uploads\/2018\/10\/218-coureurs-entre-lande-et-oc\u00e9an-160x250.jpg 160w, http:\/\/quiberonsportnature.bzh\/wp-content\/uploads\/2018\/10\/218-coureurs-entre-lande-et-oc\u00e9an-256x400.jpg 256w\" alt=\"\" width=\"603\" height=\"941\" \/><\/a><a href=\"http:\/\/quiberonsportnature.bzh\/wp-content\/uploads\/2018\/10\/Entre-lande-et-oc\u00e9an-une-premi\u00e8re-pour-Langin.jpg\"><img loading=\"lazy\" class=\"size-full wp-image-4512 alignnone\" src=\"http:\/\/quiberonsportnature.bzh\/wp-content\/uploads\/2018\/10\/Entre-lande-et-oc\u00e9an-une-premi\u00e8re-pour-Langin.jpg\" sizes=\"(max-width: 619px) 100vw, 619px\" srcset=\"http:\/\/quiberonsportnature.bzh\/wp-content\/uploads\/2018\/10\/Entre-lande-et-oc\u00e9an-une-premi\u00e8re-pour-Langin.jpg 619w, http:\/\/quiberonsportnature.bzh\/wp-content\/uploads\/2018\/10\/Entre-lande-et-oc\u00e9an-une-premi\u00e8re-pour-Langin-187x250.jpg 187w, http:\/\/quiberonsportnature.bzh\/wp-content\/uploads\/2018\/10\/Entre-lande-et-oc\u00e9an-une-premi\u00e8re-pour-Langin-299x400.jpg 299w\" alt=\"\" width=\"619\" height=\"829\" \/><\/a><\/h2>\n<div class=\"page\" title=\"Page 2\">\n<div class=\"layoutArea\">\n<div class=\"column\">\n<h2><\/h2>\n<h2><\/h2>\n<h2><a href=\"http:\/\/quiberonsportnature.bzh\/wp-content\/uploads\/2018\/10\/Entre-lande-et-oc\u00e9an-une-belle-premi\u00e8re-\u00e9dition.jpg\"><img loading=\"lazy\" class=\"size-full wp-image-4513 alignleft\" src=\"http:\/\/quiberonsportnature.bzh\/wp-content\/uploads\/2018\/10\/Entre-lande-et-oc\u00e9an-une-belle-premi\u00e8re-\u00e9dition.jpg\" sizes=\"(max-width: 650px) 100vw, 650px\" srcset=\"http:\/\/quiberonsportnature.bzh\/wp-content\/uploads\/2018\/10\/Entre-lande-et-oc\u00e9an-une-belle-premi\u00e8re-\u00e9dition.jpg 650w, http:\/\/quiberonsportnature.bzh\/wp-content\/uploads\/2018\/10\/Entre-lande-et-oc\u00e9an-une-belle-premi\u00e8re-\u00e9dition-169x250.jpg 169w, http:\/\/quiberonsportnature.bzh\/wp-content\/uploads\/2018\/10\/Entre-lande-et-oc\u00e9an-une-belle-premi\u00e8re-\u00e9dition-270x400.jpg 270w\" alt=\"\" width=\"650\" height=\"964\" \/><\/a><\/h2>\n<h2><\/h2>\n<h2><\/h2>\n<h2><\/h2>\n<h2><\/h2>\n<h2><\/h2>\n<h2><\/h2>\n<h2><\/h2>\n<h2><\/h2>\n<h2><\/h2>\n<h2><\/h2>\n<h2><\/h2>\n<h2><\/h2>\n<h2><\/h2>\n<h2><\/h2>\n<h2><\/h2>\n<h2><\/h2>\n<h2><\/h2>\n<\/div>\n<\/div>\n<\/div>\n<h2><\/h2>\n<p>&nbsp;<\/p>\n<div class=\"page\" title=\"Page 2\">\n<div class=\"layoutArea\">\n<div class=\"column\">\n<h2><\/h2>\n<h2><\/h2>\n<h2><\/h2>\n<h2><\/h2>\n<h2><\/h2>\n<hr \/>\n<h2><span style=\"color: #0077c6;\">Parcours<br \/>\n<\/span><\/h2>\n<p><a href=\"http:\/\/quiberonsportnature.bzh\/wp-content\/uploads\/2018\/03\/2018-carte-ELO.jpg\"><img loading=\"lazy\" class=\"wp-image-4286 aligncenter\" src=\"http:\/\/quiberonsportnature.bzh\/wp-content\/uploads\/2018\/03\/2018-carte-ELO.jpg\" sizes=\"(max-width: 693px) 100vw, 693px\" srcset=\"http:\/\/quiberonsportnature.bzh\/wp-content\/uploads\/2018\/03\/2018-carte-ELO.jpg 438w, http:\/\/quiberonsportnature.bzh\/wp-content\/uploads\/2018\/03\/2018-carte-ELO-199x250.jpg 199w, http:\/\/quiberonsportnature.bzh\/wp-content\/uploads\/2018\/03\/2018-carte-ELO-318x400.jpg 318w\" alt=\"\" width=\"693\" height=\"872\" \/><\/a><\/p>\n<p>&nbsp;<\/p>\n<\/div>\n<\/div>\n<\/div>\n<p>&nbsp;<\/p>\n<p>&nbsp;<\/p>\n<p>&nbsp;<\/p>\n<p>&nbsp;<\/p>\n<p>&nbsp;<\/p>\n<p>&nbsp;<\/p>\n<p>&nbsp;<\/p>\n<p>&nbsp;<\/p>\n<p>&nbsp;<\/p>\n<p>&nbsp;<\/p>\n<p>&nbsp;<\/p>\n<p>&nbsp;<\/p>\n<p>&nbsp;<\/p>\n<p>&nbsp;<\/p>\n<p>&nbsp;<\/p>\n<p>&nbsp;<\/p>\n<p>&nbsp;<\/p>\n<p>&nbsp;<\/p>\n<p>&nbsp;<\/p>\n<p>&nbsp;<\/p>\n<p>&nbsp;<\/p>\n<hr \/>\n<div class=\"page\" title=\"Page 2\">\n<h2 class=\"column\"><span style=\"color: #0077c6;\">Informations pratiques<\/span><\/h2>\n<p><strong>D\u00e9part et arriv\u00e9e :<\/strong> \u00a0Camping de Kern\u00e9, C\u00f4te Sauvage , Quiberon<\/p>\n<p><strong>Douche possible :<\/strong> sur\u00a0le site du d\u00e9part<\/p>\n<p><strong>Parking : <\/strong>sur le site du d\u00e9part<\/p>\n<p><b>Informations diverses sur Quiberon :<br \/>\n<\/b>Office de Tourisme de Quiberon : 02 97 50 07 84 \u2013 <a href=\"http:\/\/www.quiberon.com\/\" target=\"_blank\" rel=\"noopener noreferrer\">www.quiberon.com<\/a><\/p>\n<p><a href=\"http:\/\/quiberonsportnature.bzh\/plan-situation-camping-kerne\/\"><img loading=\"lazy\" class=\"wp-image-4489 aligncenter\" src=\"http:\/\/quiberonsportnature.bzh\/wp-content\/uploads\/2018\/10\/Plan-situation-Camping-Kern\u00e9.jpg\" sizes=\"(max-width: 657px) 100vw, 657px\" srcset=\"http:\/\/quiberonsportnature.bzh\/wp-content\/uploads\/2018\/10\/Plan-situation-Camping-Kern\u00e9.jpg 842w, http:\/\/quiberonsportnature.bzh\/wp-content\/uploads\/2018\/10\/Plan-situation-Camping-Kern\u00e9-250x210.jpg 250w, http:\/\/quiberonsportnature.bzh\/wp-content\/uploads\/2018\/10\/Plan-situation-Camping-Kern\u00e9-476x400.jpg 476w\" alt=\"\" width=\"657\" height=\"552\" \/><\/a><\/p>\n<\/div>\n<div class=\"page\" title=\"Page 2\">\n<div class=\"layoutArea\">\n<div class=\"column\">\n<hr \/>\n<\/div>\n<\/div>\n<p>&nbsp;<\/p>\n<h2><span style=\"color: #0077c6;\"><strong>Organisation<\/strong><\/span><\/h2>\n<p><a href=\"http:\/\/quiberonsportnature.bzh\/\"> QUIBERON SPORT NATURE<\/a><\/p>\n<p>T\u00e9l. 06 76 85 07 88<\/p>\n<p>quiberonsportnature@gmail.com<\/p>\n<h2><\/h2>\n<h2><span style=\"color: #0077c6;\">Nos partenaires<br \/>\n<\/span><\/h2>\n<p><a href=\"http:\/\/quiberonsportnature.bzh\/capture-decran-2018-09-10-a-17-10-11\/\"><img loading=\"lazy\" class=\" wp-image-4463 aligncenter\" src=\"http:\/\/quiberonsportnature.bzh\/wp-content\/uploads\/2018\/09\/Capture-d\u2019\u00e9cran-2018-09-10-\u00e0-17.10.11.png\" sizes=\"(max-width: 692px) 100vw, 692px\" srcset=\"http:\/\/quiberonsportnature.bzh\/wp-content\/uploads\/2018\/09\/Capture-d\u2019\u00e9cran-2018-09-10-\u00e0-17.10.11.png 743w, http:\/\/quiberonsportnature.bzh\/wp-content\/uploads\/2018\/09\/Capture-d\u2019\u00e9cran-2018-09-10-\u00e0-17.10.11-250x104.png 250w\" alt=\"\" width=\"692\" height=\"289\" \/><\/a><\/p>\n<\/div>\n","protected":false},"excerpt":{"rendered":"<p>Course Nature \u00ab\u00a0Entre Lande et Oc\u00e9an\u00a0\u00bb Le dimanche 14 octobre 2018 Une course nature de 15 kilom\u00e8tres par les chemins dans la lande, en traversant un village et en longeant la C\u00f4te Sauvage de Quiberon. Un trac\u00e9 en pleine nature<\/p>\n","protected":false},"author":2,"featured_media":0,"parent":4242,"menu_order":14,"comment_status":"closed","ping_status":"closed","template":"","meta":[],"_links":{"self":[{"href":"https:\/\/quiberonsportnature.bzh\/index.php\/wp-json\/wp\/v2\/pages\/4522"}],"collection":[{"href":"https:\/\/quiberonsportnature.bzh\/index.php\/wp-json\/wp\/v2\/pages"}],"about":[{"href":"https:\/\/quiberonsportnature.bzh\/index.php\/wp-json\/wp\/v2\/types\/page"}],"author":[{"embeddable":true,"href":"https:\/\/quiberonsportnature.bzh\/index.php\/wp-json\/wp\/v2\/users\/2"}],"replies":[{"embeddable":true,"href":"https:\/\/quiberonsportnature.bzh\/index.php\/wp-json\/wp\/v2\/comments?post=4522"}],"version-history":[{"count":14,"href":"https:\/\/quiberonsportnature.bzh\/index.php\/wp-json\/wp\/v2\/pages\/4522\/revisions"}],"predecessor-version":[{"id":4658,"href":"https:\/\/quiberonsportnature.bzh\/index.php\/wp-json\/wp\/v2\/pages\/4522\/revisions\/4658"}],"up":[{"embeddable":true,"href":"https:\/\/quiberonsportnature.bzh\/index.php\/wp-json\/wp\/v2\/pages\/4242"}],"wp:attachment":[{"href":"https:\/\/quiberonsportnature.bzh\/index.php\/wp-json\/wp\/v2\/media?parent=4522"}],"curies":[{"name":"wp","href":"https:\/\/api.w.org\/{rel}","templated":true}]}}