{"id":4773,"date":"2019-08-21T07:55:47","date_gmt":"2019-08-21T07:55:47","guid":{"rendered":"http:\/\/quiberonsportnature.bzh\/?page_id=4773"},"modified":"2019-10-14T19:00:38","modified_gmt":"2019-10-14T19:00:38","slug":"elo-2019","status":"publish","type":"page","link":"https:\/\/quiberonsportnature.bzh\/index.php\/entre-landes-et-ocean\/elo-2019\/","title":{"rendered":"ELO 2019"},"content":{"rendered":"<h3><img loading=\"lazy\" class=\"wp-image-4890 aligncenter\" src=\"http:\/\/quiberonsportnature.bzh\/wp-content\/uploads\/2019\/08\/ELO-1-750x380.jpg\" alt=\"\" width=\"943\" height=\"478\" srcset=\"https:\/\/quiberonsportnature.bzh\/wp-content\/uploads\/2019\/08\/ELO-1-750x380.jpg 750w, https:\/\/quiberonsportnature.bzh\/wp-content\/uploads\/2019\/08\/ELO-1-250x127.jpg 250w, https:\/\/quiberonsportnature.bzh\/wp-content\/uploads\/2019\/08\/ELO-1-1024x519.jpg 1024w, https:\/\/quiberonsportnature.bzh\/wp-content\/uploads\/2019\/08\/ELO-1-50x25.jpg 50w\" sizes=\"(max-width: 943px) 100vw, 943px\" \/><\/h3>\n<h1 style=\"text-align: center;\"><strong><span style=\"color: #0077c6;\">Course Nature \u00ab\u00a0Entre Lande et Oc\u00e9an\u00a0\u00bb2019<\/span><\/strong><\/h1>\n<h2><span style=\"color: #0077c6;\">Le dimanche 13 octobre 2019<\/span><\/h2>\n<p>Deux courses natures, de<strong> 8\u00a0et 18 km,\u00a0<\/strong>par les chemins de la <strong>lande Quiberonnaise et la C\u00f4te Sauvage.<br \/>\n<\/strong><\/p>\n<p>D\u00e9part et arriv\u00e9e au <strong>Camping de Kern\u00e9<\/strong> \u00e0 Quiberon<\/p>\n<h3><\/h3>\n<h3><span style=\"color: #0077c6;\"><br \/>\n<img loading=\"lazy\" class=\" wp-image-4907 alignleft\" src=\"http:\/\/quiberonsportnature.bzh\/wp-content\/uploads\/2019\/09\/EntreLandeOcean-Flyer-092019-282x400.jpg\" alt=\"\" width=\"384\" height=\"544\" srcset=\"https:\/\/quiberonsportnature.bzh\/wp-content\/uploads\/2019\/09\/EntreLandeOcean-Flyer-092019-282x400.jpg 282w, https:\/\/quiberonsportnature.bzh\/wp-content\/uploads\/2019\/09\/EntreLandeOcean-Flyer-092019-176x250.jpg 176w, https:\/\/quiberonsportnature.bzh\/wp-content\/uploads\/2019\/09\/EntreLandeOcean-Flyer-092019-722x1024.jpg 722w, https:\/\/quiberonsportnature.bzh\/wp-content\/uploads\/2019\/09\/EntreLandeOcean-Flyer-092019-35x50.jpg 35w, https:\/\/quiberonsportnature.bzh\/wp-content\/uploads\/2019\/09\/EntreLandeOcean-Flyer-092019.jpg 1748w\" sizes=\"(max-width: 384px) 100vw, 384px\" \/>Programme<\/span><\/h3>\n<p>&nbsp;<\/p>\n<p>\u25ca Retraits des dossards : sur place, entre 8 h et 10 heures<\/p>\n<p>\u25ca D\u00e9parts des courses :<\/p>\n<ul>\n<li>9h45 pour le 8 km<\/li>\n<li>10h00 pour le 18 km<\/li>\n<\/ul>\n<h2><\/h2>\n<h2><\/h2>\n<h2><\/h2>\n<h2><\/h2>\n<p>&nbsp;<\/p>\n<p>&nbsp;<\/p>\n<h2 class=\"column\"><span style=\"color: #0077c6;\">R\u00e8glement de l&rsquo;\u00e9preuve :\u00a0<\/span><\/h2>\n<p><a href=\"http:\/\/quiberonsportnature.bzh\/wp-content\/uploads\/2019\/08\/R\u00e8glement-courses-ELO-2019-2.pdf\"><strong>Ici<\/strong><\/a><\/p>\n<h2 class=\"column\"><span style=\"color: #0077c6;\">\u00a0<\/span><\/h2>\n<p>&nbsp;<\/p>\n<p>&nbsp;<\/p>\n<p>&nbsp;<\/p>\n<p>&nbsp;<\/p>\n<p>&nbsp;<\/p>\n<h2>Les articles de presse sur ELO 2019 :<\/h2>\n<p><a href=\"https:\/\/www.letelegramme.fr\/morbihan\/quiberon\/entre-lande-et-ocean-300-participants-sous-la-pluie-diapo-13-10-2019-12407504.php\">Le T\u00e9l\u00e9gramme du 14 Octobre<\/a><\/p>\n<p><a href=\"https:\/\/www.letelegramme.fr\/course-sur-route\/entre-landes-et-ocean-a-quiberon-le-gallo-et-valin-dans-le-vent-13-10-2019-12407754.php\">Le T\u00e9l\u00e9gramme Sport du 14 Octobre<\/a><\/p>\n<p>&nbsp;<\/p>\n<p>&nbsp;<\/p>\n<h2 class=\"column\">R\u00e9sultats :<\/h2>\n<p><a href=\"http:\/\/quiberonsportnature.bzh\/wp-content\/uploads\/2019\/10\/ELO-2019-8km.pdf\">Course de 8 km<\/a><\/p>\n<p><a href=\"http:\/\/quiberonsportnature.bzh\/wp-content\/uploads\/2019\/10\/ELO-2019-18km.pdf\">Course de 18 km<\/a><\/p>\n<p>&nbsp;<\/p>\n<p>&nbsp;<\/p>\n<h2 class=\"column\"><span style=\"color: #0077c6;\">Trac\u00e9s des courses<img loading=\"lazy\" class=\" wp-image-4853 alignright\" src=\"http:\/\/quiberonsportnature.bzh\/wp-content\/uploads\/2019\/08\/Capture-d\u2019\u00e9cran-2019-08-21-\u00e0-09.14.38.png\" alt=\"\" width=\"443\" height=\"280\" srcset=\"https:\/\/quiberonsportnature.bzh\/wp-content\/uploads\/2019\/08\/Capture-d\u2019\u00e9cran-2019-08-21-\u00e0-09.14.38.png 503w, https:\/\/quiberonsportnature.bzh\/wp-content\/uploads\/2019\/08\/Capture-d\u2019\u00e9cran-2019-08-21-\u00e0-09.14.38-250x158.png 250w, https:\/\/quiberonsportnature.bzh\/wp-content\/uploads\/2019\/08\/Capture-d\u2019\u00e9cran-2019-08-21-\u00e0-09.14.38-50x32.png 50w\" sizes=\"(max-width: 443px) 100vw, 443px\" \/><br \/>\n<\/span><\/h2>\n<p><a href=\"http:\/\/quiberonsportnature.bzh\/wp-content\/uploads\/2019\/08\/Trac\u00e9-8-km.pdf\">Parcours 8 Km<\/a><\/p>\n<p><a href=\"http:\/\/quiberonsportnature.bzh\/wp-content\/uploads\/2019\/08\/Trac\u00e9-18-km.pdf\">Parcours 18 km<\/a><\/p>\n<h2><\/h2>\n<p>&nbsp;<\/p>\n<h2 class=\"column\"><span style=\"color: #0077c6;\">Ravitaillement en course :\u00a0<\/span><\/h2>\n<div class=\"page\" title=\"Page 2\">\n<div class=\"layoutArea\">\n<div class=\"column\"><b><strong>\u25ca<\/strong>\u00a0Au kilom\u00e8tre 5 pour la course de 8 km<\/b><\/div>\n<div class=\"column\"><b><strong>\u25ca<\/strong> Au kilom\u00e8tre 7 pour la course de 18 km<\/b><\/div>\n<\/div>\n<div>\n<div class=\"page\" title=\"Page 2\">\n<div class=\"layoutArea\">\n<div><\/div>\n<\/div>\n<\/div>\n<\/div>\n<\/div>\n<h2 class=\"column\"><\/h2>\n<p>&nbsp;<\/p>\n<div class=\"page\" title=\"Page 2\">\n<div class=\"layoutArea\">\n<div><\/div>\n<\/div>\n<\/div>\n<h2 class=\"column\"><span style=\"color: #0077c6;\">Inscriptions\u00a0<\/span><\/h2>\n<div class=\"page\" title=\"Page 2\">\n<div class=\"layoutArea\">\n<div class=\"column\"><b><strong>\u25ca<\/strong> Par courrier en t\u00e9l\u00e9chargeant le bulletin d&rsquo;inscription : <a href=\"http:\/\/quiberonsportnature.bzh\/wp-content\/uploads\/2019\/08\/Bulletin-dinscription-ELO-2019-3.pdf\">Ici<\/a><\/b><\/div>\n<div class=\"column\"><b><strong>\u25ca<\/strong> E<\/b><strong>n ligne \u00a0 \u00a0: \u00a0<a href=\"https:\/\/www.klikego.com\/inscription\/entre-lande-et-ocean-2019\/course-a-pied-running\/1507195793301-4\">Klikego<\/a><\/strong><\/div>\n<div class=\"column\">\n<p><strong>Contact inscriptions :<\/strong>\u00a0\u00a0T\u00e9l. 06 79 77 22 54<br \/>\n<a href=\"mailto:quiberonsportnature@gmail.com\">quiberonsportnature@gmail.com<\/a><\/p>\n<p><strong>Tarif des inscriptions<\/strong>\u00a0:<\/p>\n<ul>\n<li>8\u20ac pour le 8km ( 10\u20ac sur place )<\/li>\n<li>12 \u20ac pour le 18km ( 14\u20ac sur place )<\/li>\n<\/ul>\n<\/div>\n<\/div>\n<\/div>\n<h2><\/h2>\n<h2><span style=\"color: #0077c6;\"><strong><img loading=\"lazy\" class=\"wp-image-4843 alignleft\" src=\"http:\/\/quiberonsportnature.bzh\/wp-content\/uploads\/2019\/08\/Capture-d\u2019\u00e9cran-2019-08-21-\u00e0-08.24.55.png\" alt=\"\" width=\"390\" height=\"269\" srcset=\"https:\/\/quiberonsportnature.bzh\/wp-content\/uploads\/2019\/08\/Capture-d\u2019\u00e9cran-2019-08-21-\u00e0-08.24.55.png 498w, https:\/\/quiberonsportnature.bzh\/wp-content\/uploads\/2019\/08\/Capture-d\u2019\u00e9cran-2019-08-21-\u00e0-08.24.55-250x172.png 250w, https:\/\/quiberonsportnature.bzh\/wp-content\/uploads\/2019\/08\/Capture-d\u2019\u00e9cran-2019-08-21-\u00e0-08.24.55-50x34.png 50w\" sizes=\"(max-width: 390px) 100vw, 390px\" \/>Organisation<\/strong><\/span><\/h2>\n<p>&nbsp;<\/p>\n<p><a href=\"http:\/\/quiberonsportnature.bzh\/\"> QUIBERON SPORT NATURE<\/a><\/p>\n<p>T\u00e9l. 06 50 45 07 73<\/p>\n<p><a href=\"mailto:quiberonsportnature@gmail.com\">quiberonsportnature@gmail.com<\/a><\/p>\n<h2><\/h2>\n<h2 class=\"column\"><\/h2>\n<p>&nbsp;<\/p>\n<p>&nbsp;<\/p>\n<p>&nbsp;<\/p>\n<p>&nbsp;<\/p>\n<h2 class=\"column\">Informations pratiques<\/h2>\n<p><strong>D\u00e9part et arriv\u00e9e :<\/strong> \u00a0Camping de Kern\u00e9, C\u00f4te Sauvage , Quiberon<\/p>\n<p><img loading=\"lazy\" class=\" wp-image-4489 alignright\" src=\"http:\/\/quiberonsportnature.bzh\/wp-content\/uploads\/2018\/10\/Plan-situation-Camping-Kern\u00e9-476x400.jpg\" alt=\"\" width=\"472\" height=\"396\" srcset=\"https:\/\/quiberonsportnature.bzh\/wp-content\/uploads\/2018\/10\/Plan-situation-Camping-Kern\u00e9-476x400.jpg 476w, https:\/\/quiberonsportnature.bzh\/wp-content\/uploads\/2018\/10\/Plan-situation-Camping-Kern\u00e9-250x210.jpg 250w, https:\/\/quiberonsportnature.bzh\/wp-content\/uploads\/2018\/10\/Plan-situation-Camping-Kern\u00e9.jpg 842w\" sizes=\"(max-width: 472px) 100vw, 472px\" \/><\/p>\n<p><strong>Douche possible :<\/strong> sur\u00a0le site du d\u00e9part<\/p>\n<p><strong>Parking : <\/strong>sur le site du d\u00e9part<\/p>\n<p><b>Informations diverses sur Quiberon :<br \/>\n<\/b>Office de Tourisme de Quiberon : 02 97 50 07 84 \u2013 <a href=\"http:\/\/www.quiberon.com\/\" target=\"_blank\" rel=\"noopener noreferrer\">www.quiberon.com<\/a><\/p>\n<h2><\/h2>\n<p>&nbsp;<\/p>\n","protected":false},"excerpt":{"rendered":"<p>Course Nature \u00ab\u00a0Entre Lande et Oc\u00e9an\u00a0\u00bb2019 Le dimanche 13 octobre 2019 Deux courses natures, de 8\u00a0et 18 km,\u00a0par les chemins de la lande Quiberonnaise et la C\u00f4te Sauvage. D\u00e9part et arriv\u00e9e au Camping de Kern\u00e9 \u00e0 Quiberon Programme &nbsp; \u25ca<\/p>\n","protected":false},"author":2,"featured_media":0,"parent":4242,"menu_order":14,"comment_status":"closed","ping_status":"closed","template":"","meta":[],"_links":{"self":[{"href":"https:\/\/quiberonsportnature.bzh\/index.php\/wp-json\/wp\/v2\/pages\/4773"}],"collection":[{"href":"https:\/\/quiberonsportnature.bzh\/index.php\/wp-json\/wp\/v2\/pages"}],"about":[{"href":"https:\/\/quiberonsportnature.bzh\/index.php\/wp-json\/wp\/v2\/types\/page"}],"author":[{"embeddable":true,"href":"https:\/\/quiberonsportnature.bzh\/index.php\/wp-json\/wp\/v2\/users\/2"}],"replies":[{"embeddable":true,"href":"https:\/\/quiberonsportnature.bzh\/index.php\/wp-json\/wp\/v2\/comments?post=4773"}],"version-history":[{"count":51,"href":"https:\/\/quiberonsportnature.bzh\/index.php\/wp-json\/wp\/v2\/pages\/4773\/revisions"}],"predecessor-version":[{"id":4947,"href":"https:\/\/quiberonsportnature.bzh\/index.php\/wp-json\/wp\/v2\/pages\/4773\/revisions\/4947"}],"up":[{"embeddable":true,"href":"https:\/\/quiberonsportnature.bzh\/index.php\/wp-json\/wp\/v2\/pages\/4242"}],"wp:attachment":[{"href":"https:\/\/quiberonsportnature.bzh\/index.php\/wp-json\/wp\/v2\/media?parent=4773"}],"curies":[{"name":"wp","href":"https:\/\/api.w.org\/{rel}","templated":true}]}}