{"id":5044,"date":"2020-04-01T07:48:10","date_gmt":"2020-04-01T07:48:10","guid":{"rendered":"http:\/\/quiberonsportnature.bzh\/?page_id=5044"},"modified":"2021-08-25T08:32:54","modified_gmt":"2021-08-25T08:32:54","slug":"elo-2020","status":"publish","type":"page","link":"https:\/\/quiberonsportnature.bzh\/index.php\/entre-landes-et-ocean\/elo-2020\/","title":{"rendered":"ELO 2020"},"content":{"rendered":"<h3><img loading=\"lazy\" class=\"wp-image-4890 aligncenter\" src=\"http:\/\/quiberonsportnature.bzh\/wp-content\/uploads\/2019\/08\/ELO-1-750x380.jpg\" alt=\"\" width=\"943\" height=\"478\" srcset=\"https:\/\/quiberonsportnature.bzh\/wp-content\/uploads\/2019\/08\/ELO-1-750x380.jpg 750w, https:\/\/quiberonsportnature.bzh\/wp-content\/uploads\/2019\/08\/ELO-1-250x127.jpg 250w, https:\/\/quiberonsportnature.bzh\/wp-content\/uploads\/2019\/08\/ELO-1-1024x519.jpg 1024w, https:\/\/quiberonsportnature.bzh\/wp-content\/uploads\/2019\/08\/ELO-1-50x25.jpg 50w\" sizes=\"(max-width: 943px) 100vw, 943px\" \/><\/h3>\n<h1 style=\"text-align: center;\"><strong>Course Nature \u00ab\u00a0Entre Lande et Oc\u00e9an\u00a0\u00bb2020<\/strong><\/h1>\n<h3 style=\"text-align: center;\"><strong><span style=\"color: #ff0000;\">Au profit de Tribu Cancer<\/span><\/strong><\/h3>\n<h3 style=\"text-align: center;\"><span style=\"color: #3366ff;\">Merci aux participants &#8230; et aux b\u00e9n\u00e9voles d&rsquo;avoir \u00e9t\u00e9 nombreux !<\/span><\/h3>\n<h2 style=\"text-align: center;\"><span style=\"color: #3366ff;\">Rendez-vous le Samedi 3 Avril 2021 pour la prochaine \u00e9dition<\/span><\/h2>\n<p>&nbsp;<\/p>\n<h2>Photos :<\/h2>\n<p><span style=\"color: #0000ff;\"><a style=\"color: #0000ff;\" href=\"https:\/\/www.facebook.com\/media\/set\/?vanity=quiberonsportnature&amp;set=a.2654495664763928\">Coureurs D\u00e9part\/Arriv\u00e9e n\u00b01<\/a><\/span><\/p>\n<p><span style=\"color: #0000ff;\"><a style=\"color: #0000ff;\" href=\"https:\/\/www.facebook.com\/media\/set?vanity=quiberonsportnature&amp;set=a.2654567461423415\">Coureurs D\u00e9part\/Arriv\u00e9e n\u00b02<\/a><\/span><\/p>\n<p><a href=\"https:\/\/www.facebook.com\/media\/set\/?vanity=quiberonsportnature&amp;set=a.2654364301443731\"><span style=\"color: #0000ff;\">20 km C\u00f4te Sauvage (Henri Leroux)<\/span><\/a><\/p>\n<p><span style=\"color: #0000ff;\"><a style=\"color: #0000ff;\" href=\"https:\/\/www.facebook.com\/media\/set\/?vanity=quiberonsportnature&amp;set=a.2654898764723618\">B\u00e9n\u00e9voles \/ Organisation<\/a><\/span><\/p>\n<p><span style=\"color: #0000ff;\"><a style=\"color: #0000ff;\" href=\"https:\/\/www.facebook.com\/media\/set?vanity=quiberonsportnature&amp;set=a.2654910281389133\">Podiums<\/a><\/span><\/p>\n<p><span style=\"color: #0000ff;\"><a style=\"color: #0000ff;\" href=\"https:\/\/www.facebook.com\/media\/set?vanity=quiberonsportnature&amp;set=a.2654931704720324\">QSN dans la course !<\/a><\/span><\/p>\n<p>&nbsp;<\/p>\n<h2>Les articles de presse sur ELO 2020 :<\/h2>\n<p><a href=\"https:\/\/www.letelegramme.fr\/running\/les-foulees-du-large-annulees-23-07-2020-12587926.php\"><span style=\"color: #0000ff;\">Annulation des FDL et report de l&rsquo;action caritative pour Tribu Cancer sur ELO 2020<\/span><\/a><\/p>\n<p class=\"column\"><span style=\"color: #0000ff;\"><a style=\"color: #0000ff;\" href=\"https:\/\/www.ouest-france.fr\/bretagne\/quiberon-56170\/quiberon-les-coureurs-vont-s-elancer-pour-une-bonne-cause-7005928\">Ouest France du 08 Octobre<\/a><\/span><\/p>\n<p><span style=\"color: #0000ff;\"><a style=\"color: #0000ff;\" href=\"https:\/\/www.ouest-france.fr\/sport\/running\/trail\/trail-a-quiberon-florian-le-vigouroux-imperial-7009873?fbclid=IwAR2MqgJb1w_puM_lKqgREBDrKpl8fa1itjGT3HLiChprVnuf1fOm7YEuIa8\">Ouest France du 11 Octobre<\/a><\/span><\/p>\n<p><span style=\"color: #0000ff;\"><a style=\"color: #0000ff;\" href=\"https:\/\/www.letelegramme.fr\/running\/entre-lande-et-ocean-florian-le-vigouroux-et-elodie-wanherdrick-dominent-le-20-km-11-10-2020-12635932.php?fbclid=IwAR3P5ccE77lgd8oyPE6PZUkRTJakOvAcamu808vwnUKfdqFRkB3A3dIRWi8\">Le T\u00e9l\u00e9gramme du 11 Octobre<\/a><\/span><\/p>\n<p><a href=\"https:\/\/www.letelegramme.fr\/morbihan\/quiberon\/plus-de-400-coureurs-se-sont-lances-dans-la-course-entre-lande-et-ocean-a-quiberon-12-10-2020-12636559.php\"><span style=\"color: #3366ff;\">Le T\u00e9l\u00e9gramme du 15 Octobre<\/span><\/a><\/p>\n<h2>Vid\u00e9os :<\/h2>\n<p><a href=\"http:\/\/bretagne-tele.fr\/tv-quiberon-running-entre-lande-et-ocean-2020\/?fbclid=IwAR2IDuwbBiYYcaeuDWyz6ExQ89q4_YzY_ksbWU2aHL-ntLxadPlCqLw0Yyg\"><span style=\"color: #0000ff;\">TV Quiberon<\/span><\/a><\/p>\n<p>&nbsp;<\/p>\n<h2>R\u00e9sultats<\/h2>\n<p><span style=\"color: #0000ff;\"><a style=\"color: #0000ff;\" href=\"http:\/\/quiberonsportnature.bzh\/wp-content\/uploads\/2020\/10\/10km-Re\u0301sultats-.pdf\">10 Km<\/a><\/span><\/p>\n<p><span style=\"color: #0000ff;\"><a style=\"color: #0000ff;\" href=\"http:\/\/quiberonsportnature.bzh\/wp-content\/uploads\/2020\/10\/20km-Re\u0301sultats.pdf\">20 Km<\/a><\/span><\/p>\n<p><img loading=\"lazy\" class=\"size-medium wp-image-5229 aligncenter\" src=\"http:\/\/quiberonsportnature.bzh\/wp-content\/uploads\/2020\/10\/HLR2276-750x353.jpg\" alt=\"\" width=\"750\" height=\"353\" srcset=\"https:\/\/quiberonsportnature.bzh\/wp-content\/uploads\/2020\/10\/HLR2276-750x353.jpg 750w, https:\/\/quiberonsportnature.bzh\/wp-content\/uploads\/2020\/10\/HLR2276-250x118.jpg 250w, https:\/\/quiberonsportnature.bzh\/wp-content\/uploads\/2020\/10\/HLR2276-1024x482.jpg 1024w, https:\/\/quiberonsportnature.bzh\/wp-content\/uploads\/2020\/10\/HLR2276-50x24.jpg 50w, https:\/\/quiberonsportnature.bzh\/wp-content\/uploads\/2020\/10\/HLR2276.jpg 1280w\" sizes=\"(max-width: 750px) 100vw, 750px\" \/><\/p>\n<p>Le vainqueur du 20 Km d&rsquo;ELO 2020, Florian Le Vigouroux et son dauphin Malo Le Bihan sur les hauteurs de Port Rhu<\/p>\n<p>&nbsp;<\/p>\n<h2>Le dimanche 11 octobre 2020<\/h2>\n<p>Deux courses natures, de<strong> 10 et 20 km,\u00a0<\/strong>par les chemins de la <strong>lande Quiberonnaise et la C\u00f4te Sauvage.<br \/>\n<\/strong><\/p>\n<p>D\u00e9part et arriv\u00e9e au <strong>Camping de Kern\u00e9<\/strong> \u00e0 Quiberon<\/p>\n<p>Les deux parcours sont identiques sur les 7 premiers km.<\/p>\n<p>Cette ann\u00e9e le 20 km effectuera les 10 derniers en sentier c\u00f4tier et sera donc plus technique.<\/p>\n<p>Le 10 km restera lui sur un terrain plus roulant et moins difficile dans sa fin de parcours.<\/p>\n<p><strong>Cette ann\u00e9e ELO devient le support de notre action caritative pour <span style=\"color: #3366ff;\"><a style=\"color: #3366ff;\" href=\"https:\/\/www.tribucancer.org\/\">Tribu Cancer<\/a><\/span>, \u00e0 cause de l&rsquo;annulation des FDL cet \u00e9t\u00e9.<\/strong><\/p>\n<p>&nbsp;<\/p>\n<p>&nbsp;<\/p>\n<h3><\/h3>\n<h2>Programme<\/h2>\n<p>&nbsp;<\/p>\n<p>\u25ca Retraits des dossards : sur place, entre 8 h et 9h45 .<img loading=\"lazy\" class=\" wp-image-5175 alignright\" src=\"http:\/\/quiberonsportnature.bzh\/wp-content\/uploads\/2020\/09\/Fl-ELO-2020-282x400.png\" alt=\"\" width=\"514\" height=\"729\" srcset=\"https:\/\/quiberonsportnature.bzh\/wp-content\/uploads\/2020\/09\/Fl-ELO-2020-282x400.png 282w, https:\/\/quiberonsportnature.bzh\/wp-content\/uploads\/2020\/09\/Fl-ELO-2020-176x250.png 176w, https:\/\/quiberonsportnature.bzh\/wp-content\/uploads\/2020\/09\/Fl-ELO-2020-35x50.png 35w, https:\/\/quiberonsportnature.bzh\/wp-content\/uploads\/2020\/09\/Fl-ELO-2020.png 571w\" sizes=\"(max-width: 514px) 100vw, 514px\" \/><\/p>\n<p>\u25ca D\u00e9parts des courses :<\/p>\n<ul>\n<li>9h45 pour le 20 km<\/li>\n<li>10h00 pour le 10 km<\/li>\n<\/ul>\n<p>&nbsp;<\/p>\n<p>&nbsp;<\/p>\n<h2 class=\"column\"><span style=\"color: #000000;\">R\u00e8glement de l&rsquo;\u00e9preuve :<\/span><\/h2>\n<p>Disponible\u00a0 : <a href=\"http:\/\/quiberonsportnature.bzh\/wp-content\/uploads\/2020\/09\/Reglement-ELO-2020-V4.pdf\"><span style=\"color: #0000ff;\">ici<\/span><\/a><\/p>\n<h2><\/h2>\n<h2><\/h2>\n<h2>Pr\u00e9cautions Sanitaires<\/h2>\n<p>Dans le cadre de la crise sanitaire, les adaptations suivantes recommand\u00e9es par la FFA seront mises en place dans l&rsquo;organisation de cet \u00e9v\u00e9nement\u00a0:<\/p>\n<ul>\n<li>respect des gestes barri\u00e8re<\/li>\n<li>port du masque obligatoire sur le site pour coureurs et b\u00e9n\u00e9voles<\/li>\n<li>pas de public autoris\u00e9 sur le site<\/li>\n<li>prise de temp\u00e9rature au retrait des dossards<\/li>\n<li>signature de la <a href=\"http:\/\/quiberonsportnature.bzh\/wp-content\/uploads\/2020\/09\/Charte-Coureur-V2.pdf\">Charte du coureur<\/a> ( COVID 19 ) par les participants<\/li>\n<li>pas d&rsquo;inscription sur place<\/li>\n<li>limitation des inscriptions par course<\/li>\n<li>d\u00e9sinfection r\u00e9guli\u00e8re des espaces communs<\/li>\n<li>mise en place sens de circuits \u00e0 sens unique (prise des dossards, ravitaillement arriv\u00e9e, &#8230;. )<\/li>\n<li>d\u00e9parts par vagues en fonction du nombre de participants<\/li>\n<li>pas de ravitaillement en course pour le 10 km<\/li>\n<li>pas de vestiaire ni de douche sur place<\/li>\n<\/ul>\n<p>&nbsp;<\/p>\n<h2><\/h2>\n<p>&nbsp;<\/p>\n<p>&nbsp;<\/p>\n<h2 class=\"column\">Trac\u00e9s des courses<img loading=\"lazy\" class=\" wp-image-4840 alignright\" src=\"http:\/\/quiberonsportnature.bzh\/wp-content\/uploads\/2019\/08\/Capture-d\u2019\u00e9cran-2019-08-21-\u00e0-08.09.32.png\" alt=\"\" width=\"677\" height=\"243\" srcset=\"https:\/\/quiberonsportnature.bzh\/wp-content\/uploads\/2019\/08\/Capture-d\u2019\u00e9cran-2019-08-21-\u00e0-08.09.32.png 557w, https:\/\/quiberonsportnature.bzh\/wp-content\/uploads\/2019\/08\/Capture-d\u2019\u00e9cran-2019-08-21-\u00e0-08.09.32-250x90.png 250w, https:\/\/quiberonsportnature.bzh\/wp-content\/uploads\/2019\/08\/Capture-d\u2019\u00e9cran-2019-08-21-\u00e0-08.09.32-50x18.png 50w\" sizes=\"(max-width: 677px) 100vw, 677px\" \/><\/h2>\n<p class=\"column\"><a href=\"http:\/\/quiberonsportnature.bzh\/wp-content\/uploads\/2020\/09\/10-Km.pdf\"><span style=\"color: #0000ff;\">10 km<\/span><\/a><\/p>\n<p><a href=\"http:\/\/quiberonsportnature.bzh\/wp-content\/uploads\/2020\/09\/20-Km.pdf\"><span style=\"color: #0000ff;\">20 Km<\/span><\/a><\/p>\n<p>&nbsp;<\/p>\n<h2><\/h2>\n<p>&nbsp;<\/p>\n<h2 class=\"column\">Ravitaillement en course :<\/h2>\n<div class=\"page\" title=\"Page 2\">\n<div class=\"layoutArea\">\n<div class=\"column\"><b><strong>\u25ca<\/strong> Pas de ravitaillement pour la course de 10 km<\/b><\/div>\n<div class=\"column\"><b><strong>\u25ca<\/strong> Ravitaillement eau au km 10 pour la course de 20 km<\/b><\/div>\n<\/div>\n<div>\n<div class=\"page\" title=\"Page 2\">\n<div class=\"layoutArea\">\n<div><\/div>\n<\/div>\n<\/div>\n<\/div>\n<\/div>\n<h2 class=\"column\"><\/h2>\n<p>&nbsp;<\/p>\n<div class=\"page\" title=\"Page 2\">\n<div class=\"layoutArea\">\n<div><\/div>\n<\/div>\n<\/div>\n<h2 class=\"column\">Inscriptions<\/h2>\n<h3 style=\"text-align: center;\"><span style=\"color: #ff0000;\"><strong>Attention !!\u00a0 Limitation du nombre de participants<\/strong><\/span><\/h3>\n<p style=\"text-align: center;\"><span style=\"color: #ff0000;\"><strong>200 maxi pour le 10 Km<\/strong><\/span><\/p>\n<p style=\"text-align: center;\"><span style=\"color: #ff0000;\"><strong>400 maxi pour le 20 Km<\/strong><\/span><\/p>\n<h2><strong><span style=\"color: #ff0000;\">Pas d&rsquo;inscription sur place !<\/span><br \/>\n<\/strong><\/h2>\n<p><em><strong>Licence FFA uniquement\u00a0<\/strong> sinon certificat m\u00e9dical avec mention<\/em><strong> \u00a0\u00bb autoris\u00e9 \u00e0 la course \u00e0 pied en comp\u00e9tition\u00a0\u00bb<\/strong><\/p>\n<p>( <span style=\"color: #ff0000;\">licence FFTri non admise !<\/span>&#8230; voir avec la F\u00e9d\u00e9 FFTri pour les r\u00e9clamations &#8230;.)<\/p>\n<h3><\/h3>\n<h3><\/h3>\n<div class=\"page\" title=\"Page 2\">\n<div class=\"layoutArea\">\n<h5 class=\"column\"><b><strong>\u25ca<\/strong> Par courrier en t\u00e9l\u00e9chargeant<\/b><strong> le <a href=\"http:\/\/quiberonsportnature.bzh\/wp-content\/uploads\/2020\/09\/Bulletin-dinscription-ELO-2020.pdf\"><span style=\"color: #0000ff;\">bulletin d&rsquo;inscription<\/span><\/a><\/strong><b><br \/>\n<\/b><\/h5>\n<p>Faire parvenir <span style=\"color: #ff0000;\"> <strong>avant le 09\/10\/2020.<\/strong><\/span><\/p>\n<p>Mr Sylvain GUEHO &#8211; ELO 2020, 5 rue Raymond Le Calv\u00e9 56700 Hennebont<\/p>\n<p>&nbsp;<\/p>\n<h5 class=\"column\"><b><strong>\u25ca<\/strong> E<\/b><strong>n ligne :<\/strong><\/h5>\n<p class=\"column\"><strong>sur\u00a0 <a href=\"https:\/\/www.klikego.com\/inscription\/courses-nature-entre-lande-et-ocean-2020\/course-a-pied-running\/1507195793301-6\"><span style=\"color: #3366ff;\">Klik\u00e9go<\/span><\/a> , <span style=\"color: #ff0000;\">avant le 10\/10\/2020 \u00e0 17h00<\/span><br \/>\n<\/strong><\/p>\n<h3 style=\"text-align: center;\"><span style=\"color: #ff0000;\"><strong>\u00a0<\/strong><\/span><\/h3>\n<h3><strong>\u00a0<\/strong><\/h3>\n<div class=\"column\">\n<p><strong>Contact inscriptions :<\/strong>\u00a0\u00a0T\u00e9l. 06 79 77 22 54<br \/>\n<a href=\"mailto:quiberonsportnature@gmail.com\">quiberonsportnature@gmail.com<\/a><\/p>\n<p><strong>Tarif des inscriptions<\/strong>\u00a0:<\/p>\n<ul>\n<li>8\u20ac pour le 10km<\/li>\n<li>12 \u20ac pour le 20km<\/li>\n<li><span style=\"color: #0000ff;\">Soyez rassur\u00e9s , si nous devions annuler , nous rembourserons totalement le prix de l&rsquo;inscription !<\/span><\/li>\n<\/ul>\n<\/div>\n<\/div>\n<\/div>\n<h2><\/h2>\n<h2><strong><img loading=\"lazy\" class=\"wp-image-4843 alignleft\" src=\"http:\/\/quiberonsportnature.bzh\/wp-content\/uploads\/2019\/08\/Capture-d\u2019\u00e9cran-2019-08-21-\u00e0-08.24.55.png\" alt=\"\" width=\"462\" height=\"318\" srcset=\"https:\/\/quiberonsportnature.bzh\/wp-content\/uploads\/2019\/08\/Capture-d\u2019\u00e9cran-2019-08-21-\u00e0-08.24.55.png 498w, https:\/\/quiberonsportnature.bzh\/wp-content\/uploads\/2019\/08\/Capture-d\u2019\u00e9cran-2019-08-21-\u00e0-08.24.55-250x172.png 250w, https:\/\/quiberonsportnature.bzh\/wp-content\/uploads\/2019\/08\/Capture-d\u2019\u00e9cran-2019-08-21-\u00e0-08.24.55-50x34.png 50w\" sizes=\"(max-width: 462px) 100vw, 462px\" \/>Organisation<\/strong><\/h2>\n<p>&nbsp;<\/p>\n<p><a href=\"http:\/\/quiberonsportnature.bzh\/\"> QUIBERON SPORT NATURE<\/a><\/p>\n<p>T\u00e9l. 06 50 45 07 73<\/p>\n<p><a href=\"mailto:quiberonsportnature@gmail.com\">quiberonsportnature@gmail.com<\/a><\/p>\n<h2><\/h2>\n<h2 class=\"column\"><\/h2>\n<p>&nbsp;<\/p>\n<p>&nbsp;<\/p>\n<p>&nbsp;<\/p>\n<p>&nbsp;<\/p>\n<h2 class=\"column\">Informations pratiques<\/h2>\n<p><strong>D\u00e9part et arriv\u00e9e :<\/strong> \u00a0Camping de Kern\u00e9, C\u00f4te Sauvage , Quiberon<\/p>\n<p><img loading=\"lazy\" class=\" wp-image-4489 alignright\" src=\"http:\/\/quiberonsportnature.bzh\/wp-content\/uploads\/2018\/10\/Plan-situation-Camping-Kern\u00e9-476x400.jpg\" alt=\"\" width=\"472\" height=\"396\" srcset=\"https:\/\/quiberonsportnature.bzh\/wp-content\/uploads\/2018\/10\/Plan-situation-Camping-Kern\u00e9-476x400.jpg 476w, https:\/\/quiberonsportnature.bzh\/wp-content\/uploads\/2018\/10\/Plan-situation-Camping-Kern\u00e9-250x210.jpg 250w, https:\/\/quiberonsportnature.bzh\/wp-content\/uploads\/2018\/10\/Plan-situation-Camping-Kern\u00e9.jpg 842w\" sizes=\"(max-width: 472px) 100vw, 472px\" \/><\/p>\n<p><strong>Parking : <\/strong>sur le site du d\u00e9part<\/p>\n<p><b>Informations diverses sur Quiberon :<br \/>\n<\/b>Office de Tourisme de Quiberon : 02 97 50 07 84 \u2013 <a href=\"http:\/\/www.quiberon.com\/\" target=\"_blank\" rel=\"noopener noreferrer\">www.quiberon.com<\/a><\/p>\n<h2><\/h2>\n<p>&nbsp;<\/p>\n","protected":false},"excerpt":{"rendered":"<p>Course Nature \u00ab\u00a0Entre Lande et Oc\u00e9an\u00a0\u00bb2020 Au profit de Tribu Cancer Merci aux participants &#8230; et aux b\u00e9n\u00e9voles d&rsquo;avoir \u00e9t\u00e9 nombreux ! Rendez-vous le Samedi 3 Avril 2021 pour la prochaine \u00e9dition &nbsp; Photos : Coureurs D\u00e9part\/Arriv\u00e9e n\u00b01 Coureurs D\u00e9part\/Arriv\u00e9e<\/p>\n","protected":false},"author":1,"featured_media":0,"parent":4242,"menu_order":15,"comment_status":"closed","ping_status":"closed","template":"","meta":[],"_links":{"self":[{"href":"https:\/\/quiberonsportnature.bzh\/index.php\/wp-json\/wp\/v2\/pages\/5044"}],"collection":[{"href":"https:\/\/quiberonsportnature.bzh\/index.php\/wp-json\/wp\/v2\/pages"}],"about":[{"href":"https:\/\/quiberonsportnature.bzh\/index.php\/wp-json\/wp\/v2\/types\/page"}],"author":[{"embeddable":true,"href":"https:\/\/quiberonsportnature.bzh\/index.php\/wp-json\/wp\/v2\/users\/1"}],"replies":[{"embeddable":true,"href":"https:\/\/quiberonsportnature.bzh\/index.php\/wp-json\/wp\/v2\/comments?post=5044"}],"version-history":[{"count":58,"href":"https:\/\/quiberonsportnature.bzh\/index.php\/wp-json\/wp\/v2\/pages\/5044\/revisions"}],"predecessor-version":[{"id":5537,"href":"https:\/\/quiberonsportnature.bzh\/index.php\/wp-json\/wp\/v2\/pages\/5044\/revisions\/5537"}],"up":[{"embeddable":true,"href":"https:\/\/quiberonsportnature.bzh\/index.php\/wp-json\/wp\/v2\/pages\/4242"}],"wp:attachment":[{"href":"https:\/\/quiberonsportnature.bzh\/index.php\/wp-json\/wp\/v2\/media?parent=5044"}],"curies":[{"name":"wp","href":"https:\/\/api.w.org\/{rel}","templated":true}]}}