{"id":5242,"date":"2020-11-30T17:55:10","date_gmt":"2020-11-30T17:55:10","guid":{"rendered":"http:\/\/quiberonsportnature.bzh\/?page_id=5242"},"modified":"2021-03-30T07:12:37","modified_gmt":"2021-03-30T07:12:37","slug":"elo-2021","status":"publish","type":"page","link":"https:\/\/quiberonsportnature.bzh\/index.php\/entre-landes-et-ocean\/elo-2021\/","title":{"rendered":"ELO 2021"},"content":{"rendered":"<h3><img loading=\"lazy\" class=\"wp-image-4890 aligncenter\" src=\"http:\/\/quiberonsportnature.bzh\/wp-content\/uploads\/2019\/08\/ELO-1-750x380.jpg\" alt=\"\" width=\"943\" height=\"478\" srcset=\"https:\/\/quiberonsportnature.bzh\/wp-content\/uploads\/2019\/08\/ELO-1-750x380.jpg 750w, https:\/\/quiberonsportnature.bzh\/wp-content\/uploads\/2019\/08\/ELO-1-250x127.jpg 250w, https:\/\/quiberonsportnature.bzh\/wp-content\/uploads\/2019\/08\/ELO-1-1024x519.jpg 1024w, https:\/\/quiberonsportnature.bzh\/wp-content\/uploads\/2019\/08\/ELO-1-50x25.jpg 50w\" sizes=\"(max-width: 943px) 100vw, 943px\" \/><\/h3>\n<h1 style=\"text-align: center;\"><span style=\"color: #333399;\"><strong>Course Nature \u00ab\u00a0Entre Lande et Oc\u00e9an\u00a0\u00bb 2021<\/strong><\/span><\/h1>\n<h2 style=\"text-align: center;\">Samedi 10 Avril 2021<\/h2>\n<h2 style=\"text-align: center;\"><strong><span style=\"color: #ff0000;\">ANNULATION DE L&rsquo;\u00c9PREUVE<\/span><\/strong><\/h2>\n<p style=\"text-align: center;\"><span style=\"color: #ff0000;\"><strong>Devant la persistance de la situation sanitaire d\u00e9grad\u00e9e nous avons d\u00e9cid\u00e9 d&rsquo;annuler ELO pr\u00e9vue le 10\/04\/21<\/strong><\/span><\/p>\n<p style=\"text-align: center;\"><strong><span style=\"color: #ff0000;\">Nous vous donnons rdv en Avril 2022 pour la prochaine \u00e9dition ! Portez vous bien&#8230;.<\/span><br \/>\n<\/strong><\/p>\n<p>&nbsp;<\/p>\n<p>&nbsp;<\/p>\n<h2><strong><img loading=\"lazy\" class=\" wp-image-5285 alignright\" src=\"http:\/\/quiberonsportnature.bzh\/wp-content\/uploads\/2020\/12\/Flyer-ELO-21-283x400.jpg\" alt=\"\" width=\"500\" height=\"707\" srcset=\"https:\/\/quiberonsportnature.bzh\/wp-content\/uploads\/2020\/12\/Flyer-ELO-21-283x400.jpg 283w, https:\/\/quiberonsportnature.bzh\/wp-content\/uploads\/2020\/12\/Flyer-ELO-21-177x250.jpg 177w, https:\/\/quiberonsportnature.bzh\/wp-content\/uploads\/2020\/12\/Flyer-ELO-21-724x1024.jpg 724w, https:\/\/quiberonsportnature.bzh\/wp-content\/uploads\/2020\/12\/Flyer-ELO-21-35x50.jpg 35w\" sizes=\"(max-width: 500px) 100vw, 500px\" \/><\/strong><\/h2>\n<p>Deux courses natures, de<strong> 10 et 20 km,\u00a0<\/strong>par les chemins de la <strong>lande Quiberonnaise et la C\u00f4te Sauvage.<br \/>\n<\/strong><\/p>\n<p>D\u00e9part et arriv\u00e9e au <strong>Camping de Kern\u00e9<\/strong> \u00e0 Quiberon<\/p>\n<p>Les deux parcours sont identiques sur les 7 premiers km.<\/p>\n<p>Pour le 20 km les 10 derniers empruntent le sentier c\u00f4tier et donc sont plus technique.<\/p>\n<p>Le 10 km lui est sur un terrain plus roulant et moins difficile dans sa fin de parcours.<\/p>\n<p>&nbsp;<\/p>\n<p>&nbsp;<\/p>\n<h3><\/h3>\n<h2>Programme<\/h2>\n<p>&nbsp;<\/p>\n<p>\u25ca Retraits des dossards : sur place, \u00e0 partir de 13h00.<\/p>\n<p>\u25ca D\u00e9parts des courses :<\/p>\n<ul>\n<li>14h30 pour le 20 km<\/li>\n<li>14h45 pour le 10 km<\/li>\n<\/ul>\n<h1><\/h1>\n<h1><\/h1>\n<h1><\/h1>\n<p>&nbsp;<\/p>\n<p>&nbsp;<\/p>\n<h2 class=\"column\">R\u00e8glement de l&rsquo;\u00e9preuve :<\/h2>\n<p>Disponible\u00a0 :<a href=\"http:\/\/quiberonsportnature.bzh\/wp-content\/uploads\/2021\/02\/Reglement-ELO-2021-1.pdf\"> Ici<\/a><\/p>\n<h2><\/h2>\n<h2><\/h2>\n<p>&nbsp;<\/p>\n<h2><\/h2>\n<h2>Pr\u00e9cautions Sanitaires\u00a0 (pr\u00e9vues \u00e0 l&rsquo;identique de l&rsquo;\u00e9preuve en 2020)<\/h2>\n<p>Dans le cadre de la crise sanitaire, les adaptations suivantes recommand\u00e9es par la FFA seront mises en place dans l&rsquo;organisation de cet \u00e9v\u00e9nement\u00a0:<\/p>\n<ul>\n<li>respect des gestes barri\u00e8re<\/li>\n<li>port du masque obligatoire sur le site pour coureurs et b\u00e9n\u00e9voles<\/li>\n<li>pas de public autoris\u00e9 sur le site<\/li>\n<li>prise de temp\u00e9rature au retrait des dossards<\/li>\n<li>approbation de la <a href=\"http:\/\/quiberonsportnature.bzh\/wp-content\/uploads\/2021\/02\/Charte-Covid-19.jpg\">Charte du coureur<\/a> ( COVID 19 ) par les participants sur Klik\u00e9go<\/li>\n<li>pas d&rsquo;inscription sur place<\/li>\n<li>limitation des inscriptions par course<\/li>\n<li>d\u00e9sinfection r\u00e9guli\u00e8re des espaces communs<\/li>\n<li>mise en place sens de circuits \u00e0 sens unique (prise des dossards, ravitaillement arriv\u00e9e, &#8230;. )<\/li>\n<li>d\u00e9parts par vagues en fonction du nombre de participants<\/li>\n<li>pas de ravitaillement en course pour le 10 km<\/li>\n<li>pas de vestiaire ni de douche sur place<\/li>\n<\/ul>\n<p>&nbsp;<\/p>\n<h2><\/h2>\n<h2 class=\"column\"><img loading=\"lazy\" class=\" wp-image-4840 alignright\" src=\"http:\/\/quiberonsportnature.bzh\/wp-content\/uploads\/2019\/08\/Capture-d\u2019\u00e9cran-2019-08-21-\u00e0-08.09.32.png\" alt=\"\" width=\"624\" height=\"224\" srcset=\"https:\/\/quiberonsportnature.bzh\/wp-content\/uploads\/2019\/08\/Capture-d\u2019\u00e9cran-2019-08-21-\u00e0-08.09.32.png 557w, https:\/\/quiberonsportnature.bzh\/wp-content\/uploads\/2019\/08\/Capture-d\u2019\u00e9cran-2019-08-21-\u00e0-08.09.32-250x90.png 250w, https:\/\/quiberonsportnature.bzh\/wp-content\/uploads\/2019\/08\/Capture-d\u2019\u00e9cran-2019-08-21-\u00e0-08.09.32-50x18.png 50w\" sizes=\"(max-width: 624px) 100vw, 624px\" \/><\/h2>\n<p>&nbsp;<\/p>\n<h2 class=\"column\">Trac\u00e9s des courses<\/h2>\n<p class=\"column\"><a href=\"http:\/\/quiberonsportnature.bzh\/wp-content\/uploads\/2020\/09\/10-Km.pdf\"><span style=\"color: #0000ff;\">10 km<\/span><\/a><\/p>\n<p><a href=\"http:\/\/quiberonsportnature.bzh\/wp-content\/uploads\/2020\/09\/20-Km.pdf\"><span style=\"color: #0000ff;\">20 Km<\/span><\/a><\/p>\n<p>&nbsp;<\/p>\n<h2><\/h2>\n<p>&nbsp;<\/p>\n<h1><\/h1>\n<h1><\/h1>\n<h1><\/h1>\n<h2 class=\"column\">Ravitaillement en course (selon la situation sanitaire) :<\/h2>\n<div class=\"page\" title=\"Page 2\">\n<div class=\"layoutArea\">\n<div class=\"column\"><b><strong>\u25ca<\/strong> Pas de ravitaillement pour la course de 10 km<\/b><\/div>\n<div class=\"column\"><b><strong>\u25ca<\/strong> Ravitaillement eau au km 10 pour la course de 20 km<\/b><\/div>\n<\/div>\n<div>\n<div class=\"page\" title=\"Page 2\">\n<div class=\"layoutArea\">\n<div><\/div>\n<\/div>\n<\/div>\n<\/div>\n<\/div>\n<h2 class=\"column\"><\/h2>\n<p>&nbsp;<\/p>\n<div class=\"page\" title=\"Page 2\">\n<div class=\"layoutArea\">\n<div><\/div>\n<\/div>\n<\/div>\n<h2 class=\"column\">Inscriptions<\/h2>\n<p><span style=\"color: #ff0000;\"><strong>Attention !!\u00a0 Limitation du nombre de participants<\/strong><\/span><\/p>\n<p><strong>200 maxi pour le 10 Km<\/strong><\/p>\n<p><strong>400 maxi pour le 20 Km<\/strong><\/p>\n<p><strong><span style=\"color: #ff0000;\">Pas d&rsquo;inscription sur place si la situation sanitaire l&rsquo;impose !<\/span><br \/>\n<\/strong><\/p>\n<p><em><strong>Licence FFA uniquement\u00a0<\/strong> sinon certificat m\u00e9dical avec mention<\/em><strong> \u00a0\u00bb autoris\u00e9 \u00e0 la course \u00e0 pied en comp\u00e9tition\u00a0\u00bb<\/strong><\/p>\n<p>( licence FFTri non admise !&#8230; voir avec la F\u00e9d\u00e9 FFTri pour les r\u00e9clamations &#8230;.)<\/p>\n<h3><\/h3>\n<div class=\"page\" title=\"Page 2\">\n<div class=\"layoutArea\">\n<h5 class=\"column\"><b><strong>\u25ca<\/strong> E<\/b><strong>n ligne :<\/strong><\/h5>\n<p class=\"column\"><strong>sur\u00a0 <span style=\"color: #3366ff;\"><a style=\"color: #3366ff;\" href=\"https:\/\/www.klikego.com\/inscription\/courses-nature-entre-lande-et-ocean-2021\/course-a-pied-running\/1507195793301-7\">Klik\u00e9go<\/a><\/span> , avant le 09\/04\/21 \u00e0 17h00<br \/>\n<\/strong><\/p>\n<h3><strong>\u00a0<\/strong><\/h3>\n<h3><strong>\u00a0<\/strong><\/h3>\n<div class=\"column\">\n<p><strong>Contact inscriptions :<\/strong>\u00a0\u00a0T\u00e9l. 06 79 77 22 54<br \/>\n<a href=\"mailto:quiberonsportnature@gmail.com\">quiberonsportnature@gmail.com<\/a><\/p>\n<p><strong>Tarif des inscriptions<\/strong>\u00a0:<\/p>\n<ul>\n<li>8\u20ac pour le 10km (+ 1\u20ac pour Klik\u00e9go )<\/li>\n<li>12 \u20ac pour le 20km (+ 1\u20ac pour Klik\u00e9go )<\/li>\n<li>Soyez rassur\u00e9s , si nous devions annuler , nous rembourserons le prix de l&rsquo;inscription ! ( mais pas l&rsquo;\u20ac de Klik\u00e9go&#8230; )<\/li>\n<\/ul>\n<\/div>\n<\/div>\n<\/div>\n<h2><\/h2>\n<h2><strong><img loading=\"lazy\" class=\"wp-image-4843 alignleft\" src=\"http:\/\/quiberonsportnature.bzh\/wp-content\/uploads\/2019\/08\/Capture-d\u2019\u00e9cran-2019-08-21-\u00e0-08.24.55.png\" alt=\"\" width=\"462\" height=\"318\" srcset=\"https:\/\/quiberonsportnature.bzh\/wp-content\/uploads\/2019\/08\/Capture-d\u2019\u00e9cran-2019-08-21-\u00e0-08.24.55.png 498w, https:\/\/quiberonsportnature.bzh\/wp-content\/uploads\/2019\/08\/Capture-d\u2019\u00e9cran-2019-08-21-\u00e0-08.24.55-250x172.png 250w, https:\/\/quiberonsportnature.bzh\/wp-content\/uploads\/2019\/08\/Capture-d\u2019\u00e9cran-2019-08-21-\u00e0-08.24.55-50x34.png 50w\" sizes=\"(max-width: 462px) 100vw, 462px\" \/>Organisation<\/strong><\/h2>\n<p>&nbsp;<\/p>\n<p><a href=\"http:\/\/quiberonsportnature.bzh\/\"> QUIBERON SPORT NATURE<\/a><\/p>\n<p>T\u00e9l. 06 50 45 07 73<\/p>\n<p><a href=\"mailto:quiberonsportnature@gmail.com\">quiberonsportnature@gmail.com<\/a><\/p>\n<h2><\/h2>\n<h2 class=\"column\"><\/h2>\n<p>&nbsp;<\/p>\n<p>&nbsp;<\/p>\n<p>&nbsp;<\/p>\n<p>&nbsp;<\/p>\n<h2 class=\"column\">Informations pratiques<\/h2>\n<p><strong>D\u00e9part et arriv\u00e9e :<\/strong> \u00a0Camping de Kern\u00e9, C\u00f4te Sauvage , Quiberon<\/p>\n<p><img loading=\"lazy\" class=\" wp-image-4489 alignright\" src=\"http:\/\/quiberonsportnature.bzh\/wp-content\/uploads\/2018\/10\/Plan-situation-Camping-Kern\u00e9-476x400.jpg\" alt=\"\" width=\"472\" height=\"396\" srcset=\"https:\/\/quiberonsportnature.bzh\/wp-content\/uploads\/2018\/10\/Plan-situation-Camping-Kern\u00e9-476x400.jpg 476w, https:\/\/quiberonsportnature.bzh\/wp-content\/uploads\/2018\/10\/Plan-situation-Camping-Kern\u00e9-250x210.jpg 250w, https:\/\/quiberonsportnature.bzh\/wp-content\/uploads\/2018\/10\/Plan-situation-Camping-Kern\u00e9.jpg 842w\" sizes=\"(max-width: 472px) 100vw, 472px\" \/><\/p>\n<p><strong>Parking : <\/strong>sur le site du d\u00e9part<\/p>\n<p><b>Informations diverses sur Quiberon :<br \/>\n<\/b>Office de Tourisme de Quiberon : 02 97 50 07 84 \u2013 <a href=\"http:\/\/www.quiberon.com\/\" target=\"_blank\" rel=\"noopener noreferrer\">www.quiberon.com<\/a><\/p>\n<h2><\/h2>\n<p>&nbsp;<\/p>\n","protected":false},"excerpt":{"rendered":"<p>Course Nature \u00ab\u00a0Entre Lande et Oc\u00e9an\u00a0\u00bb 2021 Samedi 10 Avril 2021 ANNULATION DE L&rsquo;\u00c9PREUVE Devant la persistance de la situation sanitaire d\u00e9grad\u00e9e nous avons d\u00e9cid\u00e9 d&rsquo;annuler ELO pr\u00e9vue le 10\/04\/21 Nous vous donnons rdv en Avril 2022 pour la prochaine<\/p>\n","protected":false},"author":1,"featured_media":0,"parent":4242,"menu_order":14,"comment_status":"closed","ping_status":"closed","template":"","meta":[],"_links":{"self":[{"href":"https:\/\/quiberonsportnature.bzh\/index.php\/wp-json\/wp\/v2\/pages\/5242"}],"collection":[{"href":"https:\/\/quiberonsportnature.bzh\/index.php\/wp-json\/wp\/v2\/pages"}],"about":[{"href":"https:\/\/quiberonsportnature.bzh\/index.php\/wp-json\/wp\/v2\/types\/page"}],"author":[{"embeddable":true,"href":"https:\/\/quiberonsportnature.bzh\/index.php\/wp-json\/wp\/v2\/users\/1"}],"replies":[{"embeddable":true,"href":"https:\/\/quiberonsportnature.bzh\/index.php\/wp-json\/wp\/v2\/comments?post=5242"}],"version-history":[{"count":29,"href":"https:\/\/quiberonsportnature.bzh\/index.php\/wp-json\/wp\/v2\/pages\/5242\/revisions"}],"predecessor-version":[{"id":5355,"href":"https:\/\/quiberonsportnature.bzh\/index.php\/wp-json\/wp\/v2\/pages\/5242\/revisions\/5355"}],"up":[{"embeddable":true,"href":"https:\/\/quiberonsportnature.bzh\/index.php\/wp-json\/wp\/v2\/pages\/4242"}],"wp:attachment":[{"href":"https:\/\/quiberonsportnature.bzh\/index.php\/wp-json\/wp\/v2\/media?parent=5242"}],"curies":[{"name":"wp","href":"https:\/\/api.w.org\/{rel}","templated":true}]}}