{"id":5540,"date":"2021-08-25T12:30:46","date_gmt":"2021-08-25T12:30:46","guid":{"rendered":"http:\/\/quiberonsportnature.bzh\/?page_id=5540"},"modified":"2022-04-17T16:55:24","modified_gmt":"2022-04-17T16:55:24","slug":"elo-22","status":"publish","type":"page","link":"https:\/\/quiberonsportnature.bzh\/index.php\/entre-landes-et-ocean\/elo-22\/","title":{"rendered":"ELO 2022"},"content":{"rendered":"\n<p class=\"has-medium-font-size\">Les Photos seront progressivement visibles sur notre page <strong><a href=\"https:\/\/www.facebook.com\/quiberonsportnature\/\">FaceBook<\/a><\/strong><\/p>\n\n\n\n<p class=\"has-text-align-center\">&#8212;&#8212;&#8212;&#8212;&#8212;-<\/p>\n\n\n\n<p class=\"has-text-align-center has-large-font-size\">R\u00e9sultats disponibles<\/p>\n\n\n\n<p class=\"has-text-align-center has-vivid-cyan-blue-color has-text-color has-medium-font-size\"> <a href=\"http:\/\/quiberonsportnature.bzh\/wp-content\/uploads\/2022\/04\/10km-ELO-2022.pdf\"><strong><span class=\"has-inline-color has-vivid-cyan-blue-color\">10 Km<\/span><\/strong><\/a><\/p>\n\n\n\n<p class=\"has-text-align-center has-vivid-red-color has-text-color has-medium-font-size\"><a href=\"http:\/\/quiberonsportnature.bzh\/wp-content\/uploads\/2022\/04\/20km-ELO-2022.pdf\"><span class=\"has-inline-color has-vivid-red-color\"><strong>20 Km<\/strong><\/span><\/a><\/p>\n\n\n\n<p class=\"has-text-align-center has-vivid-green-cyan-color has-text-color has-medium-font-size\"><a href=\"http:\/\/quiberonsportnature.bzh\/wp-content\/uploads\/2022\/04\/Canicross-2022.pdf\"><span class=\"has-inline-color has-vivid-green-cyan-color\"><strong>Canicross<\/strong><\/span><\/a><\/p>\n\n\n\n<p class=\"has-text-align-center has-medium-font-size\">Bonne r\u00e9cup &#8230; et \u00e0 l&rsquo;ann\u00e9e prochaine !<\/p>\n\n\n\n<p class=\"has-text-align-center has-vivid-red-color has-text-color has-medium-font-size\"><strong>Un grand merci \u00e0 tous nos b\u00e9n\u00e9voles !<\/strong><\/p>\n\n\n\n<p class=\"has-text-align-center\">&#8212;&#8212;&#8212;&#8212;&#8212;-<\/p>\n\n\n\n<div class=\"wp-block-image\"><figure class=\"aligncenter size-large\"><img loading=\"lazy\" width=\"715\" height=\"1024\" src=\"http:\/\/quiberonsportnature.bzh\/wp-content\/uploads\/2022\/03\/ELO-22-715x1024.jpeg\" alt=\"\" class=\"wp-image-5709\" srcset=\"https:\/\/quiberonsportnature.bzh\/wp-content\/uploads\/2022\/03\/ELO-22-715x1024.jpeg 715w, https:\/\/quiberonsportnature.bzh\/wp-content\/uploads\/2022\/03\/ELO-22-279x400.jpeg 279w, https:\/\/quiberonsportnature.bzh\/wp-content\/uploads\/2022\/03\/ELO-22-175x250.jpeg 175w, https:\/\/quiberonsportnature.bzh\/wp-content\/uploads\/2022\/03\/ELO-22-1073x1536.jpeg 1073w, https:\/\/quiberonsportnature.bzh\/wp-content\/uploads\/2022\/03\/ELO-22-1430x2048.jpeg 1430w, https:\/\/quiberonsportnature.bzh\/wp-content\/uploads\/2022\/03\/ELO-22-35x50.jpeg 35w, https:\/\/quiberonsportnature.bzh\/wp-content\/uploads\/2022\/03\/ELO-22-scaled.jpeg 1788w\" sizes=\"(max-width: 715px) 100vw, 715px\" \/><\/figure><\/div>\n\n\n<h3>\u00a0<\/h3>\n<h1 style=\"text-align: center;\"><strong>Trail &#8211; Course Nature <\/strong><\/h1>\n<h1 style=\"text-align: center;\"><strong><span style=\"color: #0000ff;\">\u00ab\u00a0Entre Lande et Oc\u00e9an 22\u00a0\u00bb<\/span><br \/><\/strong><\/h1>\n<h2 style=\"text-align: center;\">16 Avril 2022 &#8211; 14h00<\/h2>\n<h4 style=\"text-align: center;\"><span style=\"color: #ff0000;\">Ouverture des inscriptions du Canicross sur <a href=\"https:\/\/www.klikego.com\/inscription\/courses-nature-entre-lande-et-ocean-2022\/course-a-pied-running\/1507195793301-9\">Klik\u00e9go !<\/a><\/span><\/h4>\n<h3 style=\"text-align: center;\">&#x1f53a;&#x2757;&#xfe0f; INSCRIPTION SUR PLACE POSSIBLE &#x2757;&#xfe0f;&#x1f53a;<\/h3>\n<h2>\u00a0<\/h2>\n<p>Deux \u00e9preuves,<strong> 10 et 20 km,\u00a0<\/strong>par les chemins de la <strong>lande Quiberonnaise et la C\u00f4te Sauvage.<br \/><\/strong><\/p>\n<p>\u00a0<\/p>\n<p><span style=\"color: #333333;\"><strong>Nouvaut\u00e9 :<\/strong> Une course type Canicross sur le 10 Km<\/span><\/p>\n<p>D\u00e9part et arriv\u00e9e au <strong>Camping de Kern\u00e9<\/strong> \u00e0 Quiberon<\/p>\n<p>Les deux parcours sont identiques sur les 7 premiers km.<\/p>\n<p>Pour le 20 km les 10 derniers empruntent le sentier c\u00f4tier et donc sont un peu plus techniques.<\/p>\n<p>Le 10 km lui est sur un terrain plus roulant et moins difficile sur la fin de parcours.<\/p>\n<p>70 m\u00e8tres de d\u00e9nivel\u00e9 pour le 10 km et un peu moins de 100 pour le 20 km<\/p>\n<h3>\u00a0<\/h3>\n<h2>Programme<img loading=\"lazy\" class=\" wp-image-5599 alignright\" src=\"http:\/\/quiberonsportnature.bzh\/wp-content\/uploads\/2021\/10\/10-Km-376x400.jpg\" alt=\"\" width=\"244\" height=\"260\" srcset=\"https:\/\/quiberonsportnature.bzh\/wp-content\/uploads\/2021\/10\/10-Km-376x400.jpg 376w, https:\/\/quiberonsportnature.bzh\/wp-content\/uploads\/2021\/10\/10-Km-235x250.jpg 235w, https:\/\/quiberonsportnature.bzh\/wp-content\/uploads\/2021\/10\/10-Km-47x50.jpg 47w, https:\/\/quiberonsportnature.bzh\/wp-content\/uploads\/2021\/10\/10-Km.jpg 509w\" sizes=\"(max-width: 244px) 100vw, 244px\" \/><\/h2>\n<p>\u25ca Retraits des dossards : sur place \u00e0 partir de 12h30<\/p>\n<p>\u25ca D\u00e9parts des courses :<\/p>\n<ul>\n<li>14h00 pour le 20 km<\/li>\n<li>14h15 pour le 10 km<\/li>\n<li>14h30 Canicross<\/li>\n<\/ul>\n<h1>\u00a0<\/h1>\n<h2>\u00a0<\/h2>\n<h2 class=\"column\">\u00a0<\/h2>\n<h2 class=\"column\">Trac\u00e9s des courses<img loading=\"lazy\" class=\" wp-image-5597 alignright\" src=\"http:\/\/quiberonsportnature.bzh\/wp-content\/uploads\/2021\/10\/20-Km-320x400.jpg\" alt=\"\" width=\"287\" height=\"359\" srcset=\"https:\/\/quiberonsportnature.bzh\/wp-content\/uploads\/2021\/10\/20-Km-320x400.jpg 320w, https:\/\/quiberonsportnature.bzh\/wp-content\/uploads\/2021\/10\/20-Km-200x250.jpg 200w, https:\/\/quiberonsportnature.bzh\/wp-content\/uploads\/2021\/10\/20-Km-40x50.jpg 40w, https:\/\/quiberonsportnature.bzh\/wp-content\/uploads\/2021\/10\/20-Km.jpg 452w\" sizes=\"(max-width: 287px) 100vw, 287px\" \/><\/h2>\n<p class=\"column\"><a href=\"http:\/\/quiberonsportnature.bzh\/wp-content\/uploads\/2020\/09\/10-Km.pdf\">10 km<\/a><\/p>\n<p><a href=\"http:\/\/quiberonsportnature.bzh\/wp-content\/uploads\/2020\/09\/20-Km.pdf\">20 Km<\/a><\/p>\n<h2>\u00a0<\/h2>\n<h1>\u00a0<\/h1>\n<h1>\u00a0<\/h1>\n<h2>\u00a0<\/h2>\n<h2>\u00a0<\/h2>\n<p>\u00a0<\/p>\n<h2><span id=\"page24R_mcid121\" class=\"markedContent\"><span dir=\"ltr\" role=\"presentation\">Canicross <\/span><\/span><span id=\"page24R_mcid122\" class=\"markedContent\"><\/span><\/h2>\n<p><span id=\"page24R_mcid122\" class=\"markedContent\"><br role=\"presentation\" \/><span dir=\"ltr\" role=\"presentation\"><strong>20 participants maximum<\/strong> pour une course chronom\u00e9tr\u00e9e sur une distance de 10km<\/span><\/span><span id=\"page24R_mcid123\" class=\"markedContent\"><img loading=\"lazy\" class=\" wp-image-5695 alignright\" src=\"http:\/\/quiberonsportnature.bzh\/wp-content\/uploads\/2022\/02\/Capture-de\u0301cran-2022-02-17-a\u0300-11.17.05-533x400.png\" alt=\"\" width=\"457\" height=\"343\" srcset=\"https:\/\/quiberonsportnature.bzh\/wp-content\/uploads\/2022\/02\/Capture-de\u0301cran-2022-02-17-a\u0300-11.17.05-533x400.png 533w, https:\/\/quiberonsportnature.bzh\/wp-content\/uploads\/2022\/02\/Capture-de\u0301cran-2022-02-17-a\u0300-11.17.05-1024x768.png 1024w, https:\/\/quiberonsportnature.bzh\/wp-content\/uploads\/2022\/02\/Capture-de\u0301cran-2022-02-17-a\u0300-11.17.05-250x188.png 250w, https:\/\/quiberonsportnature.bzh\/wp-content\/uploads\/2022\/02\/Capture-de\u0301cran-2022-02-17-a\u0300-11.17.05-50x38.png 50w, https:\/\/quiberonsportnature.bzh\/wp-content\/uploads\/2022\/02\/Capture-de\u0301cran-2022-02-17-a\u0300-11.17.05.png 1440w\" sizes=\"(max-width: 457px) 100vw, 457px\" \/><\/span><span id=\"page24R_mcid124\" class=\"markedContent\"><\/span><\/p>\n<p><span id=\"page24R_mcid124\" class=\"markedContent\">M\u00eames conditions de participation pour les coureurs que sur le 10 km : Certificat m\u00e9dical, n\u00e9 avant 2006, &#8230;.<br \/><\/span><\/p>\n<p><span id=\"page24R_mcid124\" class=\"markedContent\"><br role=\"presentation\" \/><span dir=\"ltr\" role=\"presentation\">Sont admis \u00e0 participer :<\/span><\/span><span id=\"page24R_mcid125\" class=\"markedContent\"><br role=\"presentation\" \/><span dir=\"ltr\" role=\"presentation\">&#8211; tous les chiens, sans distinction de race \u00e2g\u00e9s de 12 mois au minimum le jour de<\/span><br role=\"presentation\" \/><span dir=\"ltr\" role=\"presentation\">l\u2019\u00e9preuve<\/span><\/span><span id=\"page24R_mcid126\" class=\"markedContent\"><br role=\"presentation\" \/><span dir=\"ltr\" role=\"presentation\">&#8211; les chiens devront \u00eatre obligatoirement identifi\u00e9s, vaccin\u00e9s, conform\u00e9ment aux<\/span><br role=\"presentation\" \/><span dir=\"ltr\" role=\"presentation\">directives de la DDPP (Direction D\u00e9partementale de la Protection des Populations)<\/span><\/span><span id=\"page24R_mcid127\" class=\"markedContent\"><br role=\"presentation\" \/><span dir=\"ltr\" role=\"presentation\">&#8211; un b\u00e9n\u00e9vole v\u00e9rifiera les informations avec<\/span><br role=\"presentation\" \/><span dir=\"ltr\" role=\"presentation\">un lecteur de puce.<\/span><\/span><span id=\"page24R_mcid128\" class=\"markedContent\"><br role=\"presentation\" \/><span dir=\"ltr\" role=\"presentation\">&#8211; l&rsquo;assurance responsabilit\u00e9 civile est obligatoire<\/span><\/span><span id=\"page24R_mcid129\" class=\"markedContent\"><br role=\"presentation\" \/><span dir=\"ltr\" role=\"presentation\">Mat\u00e9riel r\u00e9glementaire :<\/span><\/span><span id=\"page24R_mcid130\" class=\"markedContent\"><br role=\"presentation\" \/><span dir=\"ltr\" role=\"presentation\">&#8211; le chien doit porter un harnais<\/span><\/span><span id=\"page24R_mcid131\" class=\"markedContent\"><br role=\"presentation\" \/><span dir=\"ltr\" role=\"presentation\">&#8211; une laisse de 2 m maximum<\/span><\/span><span id=\"page24R_mcid132\" class=\"markedContent\"><br role=\"presentation\" \/><span dir=\"ltr\" role=\"presentation\">&#8211; le ma\u00eetre doit porter une ceinture ou un baudrier avec un anneau d\u2019attache<\/span><\/span><span id=\"page24R_mcid133\" class=\"markedContent\"><br role=\"presentation\" \/><span dir=\"ltr\" role=\"presentation\">&#8211; Un point d\u2019eau sera \u00e0 disposition \u00e0 mi- parcours<\/span><\/span><\/p>\n<h2 class=\"column\">\u00a0<\/h2>\n<h2 class=\"column\">\u00a0<\/h2>\n<h2 class=\"column\">R\u00e8glement d&rsquo;ELO 22 :<\/h2>\n<p>Disponible\u00a0 : <a href=\"http:\/\/quiberonsportnature.bzh\/wp-content\/uploads\/2022\/02\/Reglement-ELO-2022-V3.pdf\"><strong>Ici<\/strong><\/a><\/p>\n<h2>\u00a0<\/h2>\n<h2 class=\"column\">Ravitaillement en course\u00a0 :<\/h2>\n<p>Juste un point d&rsquo;eau sur le 20 km ( aux environs du km 10 )<\/p>\n<p>Canicross : un point d&rsquo;eau aussi <strong><em>pour les chiens<\/em> <\/strong>\u00e0 mi-parcours<\/p>\n<p>Pr\u00e9voyez votre ravitaillement si n\u00e9cessaire &#8230;.<\/p>\n<p>\u00a0<\/p>\n<h2 class=\"column\">Inscriptions<\/h2>\n<h3><strong>&#x1f53a;&#x2757;&#xfe0f; INSCRIPTION SUR PLACE POSSIBLE &#x2757;&#xfe0f;&#x1f53a; <\/strong><\/h3>\n<p><em><strong>Licence FFA uniquement\u00a0<\/strong> sinon certificat m\u00e9dical avec mention<\/em><strong> \u00a0\u00bb autoris\u00e9 \u00e0 la course \u00e0 pied en comp\u00e9tition\u00a0\u00bb<\/strong><\/p>\n<p>( D\u00e9sol\u00e9 pour les Triathl\u00e8te , licence FFTri non admise !&#8230; voir avec la F\u00e9d\u00e9 FFTri pour les r\u00e9clamations &#8230;.)<\/p>\n<h3>R\u00e9sultats en haut de page !<\/h3>\n<p>\u00a0<\/p>\n<div class=\"page\" title=\"Page 2\">\n<div class=\"layoutArea\">\n<h5 class=\"column\"><b><strong>\u25ca<\/strong> E<\/b><strong>n ligne :<\/strong><\/h5>\n<p class=\"column\"><strong>sur\u00a0 <a href=\"https:\/\/www.klikego.com\/inscription\/courses-nature-entre-lande-et-ocean-2022\/course-a-pied-running\/1507195793301-9\">Klik\u00e9go<\/a>\u00a0<\/strong><strong><br \/><\/strong><\/p>\n<h3><strong>\u00a0<\/strong><\/h3>\n<div class=\"column\">\n<p><strong>Contact inscriptions :<\/strong>\u00a0\u00a0T\u00e9l. 06 79 77 22 54<br \/><a href=\"mailto:quiberonsportnature@gmail.com\">quiberonsportnature@gmail.com<\/a><\/p>\n<p><strong>Tarif des inscriptions<\/strong>\u00a0:<\/p>\n<ul>\n<li>8\u20ac pour le 10km (+ 1\u20ac pour Klik\u00e9go )<\/li>\n<li>8\u20ac pour le Canicross 10km (+ 1\u20ac pour Klik\u00e9go )<\/li>\n<li>12 \u20ac pour le 20km (+ 1\u20ac pour Klik\u00e9go )<\/li>\n<li>Soyez rassur\u00e9s , si nous devions annuler , nous rembourserons le prix de l&rsquo;inscription ! ( mais pas l&rsquo;\u20ac de Klik\u00e9go&#8230; )<\/li>\n<\/ul>\n<\/div>\n<\/div>\n<\/div>\n<h2>\u00a0<\/h2>\n<h2><strong><img loading=\"lazy\" class=\"wp-image-4843 alignleft\" src=\"http:\/\/quiberonsportnature.bzh\/wp-content\/uploads\/2019\/08\/Capture-d\u2019\u00e9cran-2019-08-21-\u00e0-08.24.55.png\" alt=\"\" width=\"276\" height=\"190\" srcset=\"https:\/\/quiberonsportnature.bzh\/wp-content\/uploads\/2019\/08\/Capture-d\u2019\u00e9cran-2019-08-21-\u00e0-08.24.55.png 498w, https:\/\/quiberonsportnature.bzh\/wp-content\/uploads\/2019\/08\/Capture-d\u2019\u00e9cran-2019-08-21-\u00e0-08.24.55-250x172.png 250w, https:\/\/quiberonsportnature.bzh\/wp-content\/uploads\/2019\/08\/Capture-d\u2019\u00e9cran-2019-08-21-\u00e0-08.24.55-50x34.png 50w\" sizes=\"(max-width: 276px) 100vw, 276px\" \/>Organisation<\/strong><\/h2>\n<p><a href=\"http:\/\/quiberonsportnature.bzh\/\"> QUIBERON SPORT NATURE<\/a><\/p>\n<p>T\u00e9l. 06 50 45 07 73<\/p>\n<p><a href=\"mailto:quiberonsportnature@gmail.com\">quiberonsportnature@gmail.com<\/a><\/p>\n<h2>\u00a0<\/h2>\n<h2 class=\"column\">\u00a0<\/h2>\n<h2>\u00a0<\/h2>\n<h2>\u00a0<\/h2>\n<h2 class=\"column\">Informations pratiques<\/h2>\n<p><strong>D\u00e9part et arriv\u00e9e :<\/strong> \u00a0Camping de Kern\u00e9, C\u00f4te Sauvage , Quiberon<\/p>\n<p><img loading=\"lazy\" class=\"wp-image-4489 alignleft\" src=\"http:\/\/quiberonsportnature.bzh\/wp-content\/uploads\/2018\/10\/Plan-situation-Camping-Kern\u00e9-476x400.jpg\" alt=\"\" width=\"559\" height=\"470\" srcset=\"https:\/\/quiberonsportnature.bzh\/wp-content\/uploads\/2018\/10\/Plan-situation-Camping-Kern\u00e9-476x400.jpg 476w, https:\/\/quiberonsportnature.bzh\/wp-content\/uploads\/2018\/10\/Plan-situation-Camping-Kern\u00e9-250x210.jpg 250w, https:\/\/quiberonsportnature.bzh\/wp-content\/uploads\/2018\/10\/Plan-situation-Camping-Kern\u00e9.jpg 842w\" sizes=\"(max-width: 559px) 100vw, 559px\" \/><\/p>\n<p><strong>Parking : <\/strong>sur le site du d\u00e9part<\/p>\n<p><b>Informations diverses sur Quiberon :<br \/><\/b>Office de Tourisme de Quiberon : 02 97 50 07 84 \u2013 <a href=\"http:\/\/www.quiberon.com\/\" target=\"_blank\" rel=\"noopener noreferrer\">www.quiberon.com<\/a><\/p>\n<h2>\u00a0<\/h2>\n<p><strong>\u00a0<\/strong><\/p>","protected":false},"excerpt":{"rendered":"<p>Les Photos seront progressivement visibles sur notre page FaceBook &#8212;&#8212;&#8212;&#8212;&#8212;- R\u00e9sultats disponibles 10 Km 20 Km Canicross Bonne r\u00e9cup &#8230; et \u00e0 l&rsquo;ann\u00e9e prochaine ! Un grand merci \u00e0 tous nos b\u00e9n\u00e9voles ! &#8212;&#8212;&#8212;&#8212;&#8212;- \u00a0 Trail &#8211; Course Nature \u00ab\u00a0Entre<\/p>\n","protected":false},"author":1,"featured_media":0,"parent":4242,"menu_order":0,"comment_status":"closed","ping_status":"closed","template":"","meta":[],"_links":{"self":[{"href":"https:\/\/quiberonsportnature.bzh\/index.php\/wp-json\/wp\/v2\/pages\/5540"}],"collection":[{"href":"https:\/\/quiberonsportnature.bzh\/index.php\/wp-json\/wp\/v2\/pages"}],"about":[{"href":"https:\/\/quiberonsportnature.bzh\/index.php\/wp-json\/wp\/v2\/types\/page"}],"author":[{"embeddable":true,"href":"https:\/\/quiberonsportnature.bzh\/index.php\/wp-json\/wp\/v2\/users\/1"}],"replies":[{"embeddable":true,"href":"https:\/\/quiberonsportnature.bzh\/index.php\/wp-json\/wp\/v2\/comments?post=5540"}],"version-history":[{"count":58,"href":"https:\/\/quiberonsportnature.bzh\/index.php\/wp-json\/wp\/v2\/pages\/5540\/revisions"}],"predecessor-version":[{"id":5737,"href":"https:\/\/quiberonsportnature.bzh\/index.php\/wp-json\/wp\/v2\/pages\/5540\/revisions\/5737"}],"up":[{"embeddable":true,"href":"https:\/\/quiberonsportnature.bzh\/index.php\/wp-json\/wp\/v2\/pages\/4242"}],"wp:attachment":[{"href":"https:\/\/quiberonsportnature.bzh\/index.php\/wp-json\/wp\/v2\/media?parent=5540"}],"curies":[{"name":"wp","href":"https:\/\/api.w.org\/{rel}","templated":true}]}}