{"id":5926,"date":"2022-11-03T12:42:24","date_gmt":"2022-11-03T12:42:24","guid":{"rendered":"http:\/\/quiberonsportnature.bzh\/?page_id=5926"},"modified":"2023-04-03T13:40:57","modified_gmt":"2023-04-03T13:40:57","slug":"elo-23","status":"publish","type":"page","link":"https:\/\/quiberonsportnature.bzh\/index.php\/elo-23\/","title":{"rendered":"ELO 2023"},"content":{"rendered":"\n<p><\/p>\n\n\n\n<div class=\"wp-block-image\"><figure class=\"aligncenter size-large is-resized\"><img loading=\"lazy\" src=\"http:\/\/quiberonsportnature.bzh\/wp-content\/uploads\/2023\/02\/Trail10-20-Flyer-2023-730x1024.jpg\" alt=\"\" class=\"wp-image-5984\" width=\"647\" height=\"908\" srcset=\"https:\/\/quiberonsportnature.bzh\/wp-content\/uploads\/2023\/02\/Trail10-20-Flyer-2023-730x1024.jpg 730w, https:\/\/quiberonsportnature.bzh\/wp-content\/uploads\/2023\/02\/Trail10-20-Flyer-2023-285x400.jpg 285w, https:\/\/quiberonsportnature.bzh\/wp-content\/uploads\/2023\/02\/Trail10-20-Flyer-2023-178x250.jpg 178w, https:\/\/quiberonsportnature.bzh\/wp-content\/uploads\/2023\/02\/Trail10-20-Flyer-2023-1094x1536.jpg 1094w, https:\/\/quiberonsportnature.bzh\/wp-content\/uploads\/2023\/02\/Trail10-20-Flyer-2023-1459x2048.jpg 1459w, https:\/\/quiberonsportnature.bzh\/wp-content\/uploads\/2023\/02\/Trail10-20-Flyer-2023-36x50.jpg 36w, https:\/\/quiberonsportnature.bzh\/wp-content\/uploads\/2023\/02\/Trail10-20-Flyer-2023-scaled.jpg 1824w\" sizes=\"(max-width: 647px) 100vw, 647px\" \/><\/figure><\/div>\n\n\n\n<p><\/p>\n\n\n\n<p><\/p>\n\n\n\n<p><\/p>\n\n\n\n<p><\/p>\n\n\n<h3>\u00a0<\/h3>\n<h1 style=\"text-align: center;\"><strong>Trail &#8211; Course Nature <\/strong><\/h1>\n<h1 style=\"text-align: center;\"><strong><span style=\"color: #0000ff;\">\u00ab\u00a0Entre Lande et Oc\u00e9an 23\u00a0\u00bb<\/span><br \/><\/strong><\/h1>\n<h2 style=\"text-align: center;\">26 Mars 2023 &#8211; 10h30<\/h2>\n<h4 style=\"text-align: center;\"><span style=\"color: #ff0000;\"><span style=\"color: #000000;\">Inscriptions ouvertes ici\u00a0 :<\/span> <a href=\"https:\/\/www.klikego.com\/inscription\/courses-nature-entre-lande-et-ocean-2023\/course-a-pied-running\/1507195793301-11\">\u00a0\u00a0 ELO 23<\/a><br \/><\/span><\/h4>\n<p style=\"text-align: center;\"><strong><span style=\"color: #ff0000;\">&#8230; Inscriptions sur place possibles mais limit\u00e9es &#8230;<\/span><\/strong><\/p>\n<h3 style=\"text-align: center;\"><span style=\"color: #ff0000;\">!!\u00a0 Attention modifications des parcours sur les 7 premiers kilom\u00e8tres ( zones inond\u00e9es ) !!<\/span><\/h3>\n<p style=\"text-align: center;\"><span style=\"color: #ff0000;\">(Les trac\u00e9s ci-dessous sont \u00e0 jour)<\/span><\/p>\n<p>\u00a0<\/p>\n<h2 style=\"text-align: left;\"><strong>Les r\u00e9sultats : <\/strong><\/h2>\n<figure class=\"wp-block-image size-large\"><img loading=\"lazy\" class=\"wp-image-6073 alignright\" src=\"http:\/\/quiberonsportnature.bzh\/wp-content\/uploads\/2023\/04\/DSC06825-1024x768.jpeg\" alt=\"\" width=\"535\" height=\"401\" srcset=\"https:\/\/quiberonsportnature.bzh\/wp-content\/uploads\/2023\/04\/DSC06825-1024x768.jpeg 1024w, https:\/\/quiberonsportnature.bzh\/wp-content\/uploads\/2023\/04\/DSC06825-533x400.jpeg 533w, https:\/\/quiberonsportnature.bzh\/wp-content\/uploads\/2023\/04\/DSC06825-250x188.jpeg 250w, https:\/\/quiberonsportnature.bzh\/wp-content\/uploads\/2023\/04\/DSC06825-50x38.jpeg 50w, https:\/\/quiberonsportnature.bzh\/wp-content\/uploads\/2023\/04\/DSC06825.jpeg 1280w\" sizes=\"(max-width: 535px) 100vw, 535px\" \/><\/figure>\n<h2 style=\"text-align: left;\"><strong><\/strong><\/h2>\n<h3 style=\"text-align: left;\"><strong>&#8211; <\/strong><a href=\"http:\/\/quiberonsportnature.bzh\/wp-content\/uploads\/2023\/04\/Re\u0301sultats-10-km-ELO-23.pdf\" target=\"_blank\" rel=\"noopener\">10 Km<\/a><\/h3>\n<h3>&#8211; <a href=\"http:\/\/quiberonsportnature.bzh\/wp-content\/uploads\/2023\/04\/Re\u0301sultats-20-Km-ELO-23.pdf\" target=\"_blank\" rel=\"noopener\">20 Km<\/a><\/h3>\n<p>\u00a0<\/p>\n<h2>\u00a0<\/h2>\n\n<h2>Photos :\u00a0 \u00a0\u00a0 \u00a0\u00a0 \u00a0<a href=\"https:\/\/www.facebook.com\/quiberonsportnature\/photos_albums\" target=\"_blank\" rel=\"noopener\">Ici<\/a><\/h2>\n<h2><!-- \/wp:image --><\/h2>\n<h2>\u00a0<\/h2>\n<p>\u00a0<\/p>\n<p>\u00a0<\/p>\n<p>\u00a0<\/p>\n<p>Deux \u00e9preuves,<strong> 10 et 20 km,\u00a0<\/strong>par les chemins de la <strong>lande Quiberonnaise et la C\u00f4te Sauvage.<br \/><\/strong><\/p>\n<p>\u00a0<\/p>\n<p><span style=\"color: #333333;\">L&rsquo;\u00e9v\u00e8nement se d\u00e9roule essentiellement\u00a0 dans une zone prot\u00e9g\u00e9e Natura 2000 g\u00e9r\u00e9e par le Conservatoire du Littoral . <strong>Aucun d\u00e9chet admis : disqualification automatique pour les contrevenants !<\/strong><br \/><\/span><\/p>\n<p><span style=\"color: #000000;\"><strong>Brochure d&rsquo;infos sur la zone prot\u00e9g\u00e9e<\/strong> : <a href=\"http:\/\/quiberonsportnature.bzh\/wp-content\/uploads\/2023\/03\/Info-Lit-ELO-2023.pdf\"><strong>Ici<\/strong><\/a><\/span><\/p>\n<p>\u00a0<\/p>\n<p>D\u00e9part et arriv\u00e9e au <span style=\"color: #000000;\"><strong>Camping de Kern\u00e9<\/strong><\/span> \u00e0 Quiberon<\/p>\n<p>Les deux parcours sont identiques sur les 7 premiers km.<\/p>\n<p>Pour le 20 km les 10 derniers empruntent le sentier c\u00f4tier et donc sont un peu plus techniques.<\/p>\n<p>Le 10 km lui est sur un terrain plus roulant et moins difficile sur la fin de parcours.<\/p>\n<p>80 m\u00e8tres de d\u00e9nivel\u00e9 pour le 10 km et un peu moins de 150 pour le 20 km<\/p>\n<p>\u00a0<\/p>\n<h2>R\u00e9sultats<\/h2>\n<h3><strong>&#8211; <\/strong><a href=\"http:\/\/quiberonsportnature.bzh\/wp-content\/uploads\/2023\/04\/Re\u0301sultats-10-km-ELO-23.pdf\" target=\"_blank\" rel=\"noopener\">10 Km<\/a><\/h3>\n<h3>&#8211; <a href=\"http:\/\/quiberonsportnature.bzh\/wp-content\/uploads\/2023\/04\/Re\u0301sultats-20-Km-ELO-23.pdf\" target=\"_blank\" rel=\"noopener\">20 Km<\/a><\/h3>\n<p>\u00a0<\/p>\n<h3>\u00a0<\/h3>\n<h2>Programme<\/h2>\n<p>\u25ca Retraits des dossards : sur place \u00e0 partir de 08h30<img loading=\"lazy\" class=\" wp-image-5229 alignright\" src=\"http:\/\/quiberonsportnature.bzh\/wp-content\/uploads\/2020\/10\/HLR2276-750x353.jpg\" alt=\"\" width=\"534\" height=\"251\" srcset=\"https:\/\/quiberonsportnature.bzh\/wp-content\/uploads\/2020\/10\/HLR2276-750x353.jpg 750w, https:\/\/quiberonsportnature.bzh\/wp-content\/uploads\/2020\/10\/HLR2276-250x118.jpg 250w, https:\/\/quiberonsportnature.bzh\/wp-content\/uploads\/2020\/10\/HLR2276-1024x482.jpg 1024w, https:\/\/quiberonsportnature.bzh\/wp-content\/uploads\/2020\/10\/HLR2276-50x24.jpg 50w, https:\/\/quiberonsportnature.bzh\/wp-content\/uploads\/2020\/10\/HLR2276.jpg 1280w\" sizes=\"(max-width: 534px) 100vw, 534px\" \/><\/p>\n<p>\u25ca D\u00e9parts des courses :<\/p>\n<ul>\n<li>10h30 pour le 20 km<\/li>\n<li>10h45 pour le 10 km<\/li>\n<\/ul>\n<h1>\u00a0<\/h1>\n<h1>\u00a0<\/h1>\n<h1>Trac\u00e9s des courses\u00a0<\/h1>\n<p>( Cliquer les liens pour zoomer les parcours )<\/p>\n<p>\u00a0<\/p>\n<p><a href=\"http:\/\/quiberonsportnature.bzh\/wp-content\/uploads\/2022\/11\/10-Km-a.png\"><strong>10 Km<\/strong><\/a> \u00a0\u00a0 \u00a0 \u00a0 \u00a0 \u00a0 \u00a0 \u00a0 \u00a0 <a href=\"https:\/\/www.calculitineraires.fr\/serviceweb\/carteweb.php?id=1333123&amp;zoom=auto&amp;type=plan&amp;color=4035FF\">Trac\u00e9 GPX 10 km<\/a> \u00a0 \u00a0 \u00a0 \u00a0 \u00a0 \u00a0 \u00a0 \u00a0 \u00a0 \u00a0 \u00a0 \u00a0 \u00a0 \u00a0 \u00a0 \u00a0 \u00a0 \u00a0 \u00a0 \u00a0 \u00a0 \u00a0 \u00a0 \u00a0 \u00a0 \u00a0 \u00a0 \u00a0 \u00a0 \u00a0 \u00a0 \u00a0 \u00a0 \u00a0 \u00a0 \u00a0 \u00a0 \u00a0 \u00a0 \u00a0 \u00a0 \u00a0 \u00a0\u00a0\u00a0 \u00a0 \u00a0 \u00a0 \u00a0 \u00a0 \u00a0 \u00a0 \u00a0\u00a0 \u00a0\u00a0<a href=\"http:\/\/quiberonsportnature.bzh\/wp-content\/uploads\/2023\/03\/Capture-de\u0301cran-2023-03-14-a\u0300-10.10.49.png\"> <strong>20 Km<\/strong> \u00a0<\/a> \u00a0 \u00a0\u00a0 \u00a0 <a href=\"https:\/\/www.calculitineraires.fr\/serviceweb\/carteweb.php?id=1333550&amp;zoom=auto&amp;type=plan&amp;color=FF0000\" target=\"_blank\" rel=\"noopener\">Trac\u00e9 GPX 20 Km<\/a><\/p>\n<p class=\"column\">\u00a0<\/p>\n<p style=\"text-align: right;\">\u00a0<\/p>\n<p><!-- wp:image {\"align\":\"right\",\"id\":6024,\"width\":520,\"height\":514,\"sizeSlug\":\"large\",\"linkDestination\":\"none\"} --><\/p>\n<div class=\"wp-block-image\">\n<figure class=\"alignright size-large is-resized\"><img loading=\"lazy\" class=\"wp-image-6024\" src=\"http:\/\/quiberonsportnature.bzh\/wp-content\/uploads\/2023\/03\/20-km-new-1024x1012.png\" alt=\"\" width=\"520\" height=\"514\" srcset=\"https:\/\/quiberonsportnature.bzh\/wp-content\/uploads\/2023\/03\/20-km-new-1024x1012.png 1024w, https:\/\/quiberonsportnature.bzh\/wp-content\/uploads\/2023\/03\/20-km-new-405x400.png 405w, https:\/\/quiberonsportnature.bzh\/wp-content\/uploads\/2023\/03\/20-km-new-250x247.png 250w, https:\/\/quiberonsportnature.bzh\/wp-content\/uploads\/2023\/03\/20-km-new-50x50.png 50w, https:\/\/quiberonsportnature.bzh\/wp-content\/uploads\/2023\/03\/20-km-new.png 1164w\" sizes=\"(max-width: 520px) 100vw, 520px\" \/><\/figure>\n<\/div>\n<p><!-- \/wp:image --><\/p>\n<p><!-- wp:image {\"align\":\"left\",\"id\":6023,\"width\":519,\"height\":495,\"sizeSlug\":\"large\",\"linkDestination\":\"none\"} --><\/p>\n<div class=\"wp-block-image\">\n<figure class=\"alignleft size-large is-resized\"><img loading=\"lazy\" class=\"wp-image-6023\" src=\"http:\/\/quiberonsportnature.bzh\/wp-content\/uploads\/2023\/03\/10-Km-new-1024x980.png\" alt=\"\" width=\"519\" height=\"495\" srcset=\"https:\/\/quiberonsportnature.bzh\/wp-content\/uploads\/2023\/03\/10-Km-new-418x400.png 418w, https:\/\/quiberonsportnature.bzh\/wp-content\/uploads\/2023\/03\/10-Km-new-250x239.png 250w, https:\/\/quiberonsportnature.bzh\/wp-content\/uploads\/2023\/03\/10-Km-new-50x48.png 50w\" sizes=\"(max-width: 519px) 100vw, 519px\" \/><\/figure>\n<\/div>\n<p><!-- \/wp:image --><\/p>\n<h1>\u00a0<\/h1>\n<p>\u00a0<\/p>\n<h2>\u00a0<\/h2>\n<p>\u00a0<\/p>\n<h2 class=\"column\">\u00a0<\/h2>\n<h2 class=\"column\">\u00a0<\/h2>\n<h2>\u00a0<\/h2>\n<h2>\u00a0<\/h2>\n<h2>\u00a0<\/h2>\n<h2>\u00a0<\/h2>\n<p>\u00a0<\/p>\n<h2 class=\"column\">R\u00e8glement d&rsquo;ELO 23 :<\/h2>\n<p>Disponible et t\u00e9l\u00e9chargeable ici : <a href=\"http:\/\/quiberonsportnature.bzh\/wp-content\/uploads\/2023\/01\/Reglement-ELO-2023-version-3.pdf\">R\u00e8glement ELO23<\/a><\/p>\n<h2>\u00a0<\/h2>\n<h2 class=\"column\">Ravitaillement en course\u00a0 :<\/h2>\n<p>Juste un point d&rsquo;eau sur le 20 km ( aux environs du km 10 )<\/p>\n<p>Pr\u00e9voyez votre ravitaillement si n\u00e9cessaire &#8230;.<\/p>\n<p>\u00a0<\/p>\n<h2 class=\"column\">Inscriptions<\/h2>\n<h5><strong>Sur Klik\u00e9go : <a href=\"https:\/\/www.klikego.com\/inscription\/courses-nature-entre-lande-et-ocean-2023\/course-a-pied-running\/1507195793301-11\">ELO 23<\/a><br \/><\/strong><\/h5>\n<p><span style=\"color: #ff0000;\"><strong>Inscriptions sur place possibles mais limit\u00e9es<\/strong><\/span><\/p>\n<p><em><strong>Licence FFA uniquement\u00a0<\/strong> sinon certificat m\u00e9dical avec mention<\/em><strong> \u00a0\u00bb autoris\u00e9 \u00e0 la course \u00e0 pied en comp\u00e9tition\u00a0\u00bb<\/strong><\/p>\n<p><span style=\"color: #ff0000;\">( D\u00e9sol\u00e9 pour les Triathl\u00e8tes , licence FFTri non admise !&#8230; voir avec la F\u00e9d\u00e9 FFTri pour les r\u00e9clamations &#8230;.)<\/span><\/p>\n<p>\u00a0<\/p>\n<div class=\"page\" title=\"Page 2\">\n<div class=\"layoutArea\">\n<h3><strong>\u00a0<\/strong><\/h3>\n<div class=\"column\">\n<p><strong>Contact inscriptions :<\/strong>\u00a0\u00a0T\u00e9l. 06 79 77 22 54<br \/><a href=\"mailto:quiberonsportnature@gmail.com\">quiberonsportnature@gmail.com<\/a><\/p>\n<p><strong>Tarif des inscriptions<\/strong>\u00a0:<\/p>\n<ul>\n<li>8\u20ac pour le 10km (+ 1\u20ac pour Klik\u00e9go )<\/li>\n<li>12 \u20ac pour le 20km (+ 1\u20ac pour Klik\u00e9go )<\/li>\n<\/ul>\n<\/div>\n<\/div>\n<\/div>\n<h2>\u00a0<\/h2>\n<h2><strong><img loading=\"lazy\" class=\" wp-image-5950 alignleft\" src=\"http:\/\/quiberonsportnature.bzh\/wp-content\/uploads\/2022\/11\/Logo-2-QSN-234x400.jpg\" alt=\"\" width=\"164\" height=\"280\" srcset=\"https:\/\/quiberonsportnature.bzh\/wp-content\/uploads\/2022\/11\/Logo-2-QSN-234x400.jpg 234w, https:\/\/quiberonsportnature.bzh\/wp-content\/uploads\/2022\/11\/Logo-2-QSN-599x1024.jpg 599w, https:\/\/quiberonsportnature.bzh\/wp-content\/uploads\/2022\/11\/Logo-2-QSN-146x250.jpg 146w, https:\/\/quiberonsportnature.bzh\/wp-content\/uploads\/2022\/11\/Logo-2-QSN-899x1536.jpg 899w, https:\/\/quiberonsportnature.bzh\/wp-content\/uploads\/2022\/11\/Logo-2-QSN-29x50.jpg 29w, https:\/\/quiberonsportnature.bzh\/wp-content\/uploads\/2022\/11\/Logo-2-QSN.jpg 973w\" sizes=\"(max-width: 164px) 100vw, 164px\" \/>Organisation<\/strong><\/h2>\n<p><a href=\"http:\/\/quiberonsportnature.bzh\/\"> QUIBERON SPORT NATURE<\/a><\/p>\n<p>T\u00e9l. 06 50 45 07 73<\/p>\n<p><a href=\"mailto:quiberonsportnature@gmail.com\">quiberonsportnature@gmail.com<\/a><\/p>\n<h2>\u00a0<\/h2>\n<h2 class=\"column\">\u00a0<\/h2>\n<h2>\u00a0<\/h2>\n<h2>\u00a0<\/h2>\n<h2 class=\"column\">Informations pratiques<\/h2>\n<p><strong>D\u00e9part et arriv\u00e9e :<\/strong> \u00a0Camping de Kern\u00e9, C\u00f4te Sauvage , Quiberon<\/p>\n<p><img loading=\"lazy\" class=\"wp-image-4489 alignleft\" src=\"http:\/\/quiberonsportnature.bzh\/wp-content\/uploads\/2018\/10\/Plan-situation-Camping-Kern\u00e9-476x400.jpg\" alt=\"\" width=\"559\" height=\"470\" srcset=\"https:\/\/quiberonsportnature.bzh\/wp-content\/uploads\/2018\/10\/Plan-situation-Camping-Kern\u00e9-476x400.jpg 476w, https:\/\/quiberonsportnature.bzh\/wp-content\/uploads\/2018\/10\/Plan-situation-Camping-Kern\u00e9-250x210.jpg 250w, https:\/\/quiberonsportnature.bzh\/wp-content\/uploads\/2018\/10\/Plan-situation-Camping-Kern\u00e9.jpg 842w\" sizes=\"(max-width: 559px) 100vw, 559px\" \/><\/p>\n<p><strong>Parking : <\/strong>sur le site du d\u00e9part<\/p>\n<p><b>Informations diverses sur Quiberon :<br \/><\/b>Office de Tourisme de Quiberon : 02 97 50 07 84 \u2013 <a href=\"http:\/\/www.quiberon.com\/\" target=\"_blank\" rel=\"noopener noreferrer\">www.quiberon.com<\/a><\/p>\n<h2>\u00a0<\/h2>\n<p><strong>\u00a0<\/strong><\/p>\n<p><!-- wp:paragraph --><\/p>\n<p><!-- \/wp:paragraph --><\/p>","protected":false},"excerpt":{"rendered":"<p>\u00a0 Trail &#8211; Course Nature \u00ab\u00a0Entre Lande et Oc\u00e9an 23\u00a0\u00bb 26 Mars 2023 &#8211; 10h30 Inscriptions ouvertes ici\u00a0 : \u00a0\u00a0 ELO 23 &#8230; Inscriptions sur place possibles mais limit\u00e9es &#8230; !!\u00a0 Attention modifications des parcours sur les 7 premiers kilom\u00e8tres<\/p>\n","protected":false},"author":1,"featured_media":0,"parent":0,"menu_order":0,"comment_status":"closed","ping_status":"closed","template":"","meta":[],"_links":{"self":[{"href":"https:\/\/quiberonsportnature.bzh\/index.php\/wp-json\/wp\/v2\/pages\/5926"}],"collection":[{"href":"https:\/\/quiberonsportnature.bzh\/index.php\/wp-json\/wp\/v2\/pages"}],"about":[{"href":"https:\/\/quiberonsportnature.bzh\/index.php\/wp-json\/wp\/v2\/types\/page"}],"author":[{"embeddable":true,"href":"https:\/\/quiberonsportnature.bzh\/index.php\/wp-json\/wp\/v2\/users\/1"}],"replies":[{"embeddable":true,"href":"https:\/\/quiberonsportnature.bzh\/index.php\/wp-json\/wp\/v2\/comments?post=5926"}],"version-history":[{"count":70,"href":"https:\/\/quiberonsportnature.bzh\/index.php\/wp-json\/wp\/v2\/pages\/5926\/revisions"}],"predecessor-version":[{"id":6226,"href":"https:\/\/quiberonsportnature.bzh\/index.php\/wp-json\/wp\/v2\/pages\/5926\/revisions\/6226"}],"wp:attachment":[{"href":"https:\/\/quiberonsportnature.bzh\/index.php\/wp-json\/wp\/v2\/media?parent=5926"}],"curies":[{"name":"wp","href":"https:\/\/api.w.org\/{rel}","templated":true}]}}