{"id":593,"date":"2016-02-17T16:16:52","date_gmt":"2016-02-17T16:16:52","guid":{"rendered":"http:\/\/quiberonsportnature.bzh\/?page_id=593"},"modified":"2020-01-07T09:19:30","modified_gmt":"2020-01-07T09:19:30","slug":"les-foulees-du-large-2014","status":"publish","type":"page","link":"https:\/\/quiberonsportnature.bzh\/index.php\/foulees-du-large\/les-foulees-du-large-2014\/","title":{"rendered":"FDL  2014"},"content":{"rendered":"<h2 style=\"text-align: center;\">\u00a0<span style=\"color: #0077c6;\">Les\u00a0Foul\u00e9es\u00a0du Large\u00a02014 &#8211; 2\u00e8me \u00e9dition<\/span><\/h2>\n<p><img loading=\"lazy\" class=\"size-full wp-image-748 alignright\" src=\"http:\/\/quiberonsportnature.bzh\/wp-content\/uploads\/2016\/02\/vignette-affcihe2014.jpg\" alt=\"Foul\u00e9es du Large 2014\" width=\"300\" height=\"425\" srcset=\"https:\/\/quiberonsportnature.bzh\/wp-content\/uploads\/2016\/02\/vignette-affcihe2014.jpg 300w, https:\/\/quiberonsportnature.bzh\/wp-content\/uploads\/2016\/02\/vignette-affcihe2014-176x250.jpg 176w, https:\/\/quiberonsportnature.bzh\/wp-content\/uploads\/2016\/02\/vignette-affcihe2014-282x400.jpg 282w, https:\/\/quiberonsportnature.bzh\/wp-content\/uploads\/2016\/02\/vignette-affcihe2014-35x50.jpg 35w\" sizes=\"(max-width: 300px) 100vw, 300px\" \/>La deuxi\u00e8me \u00e9dition 2014 a eu lieu le samedi 26 juillet \u00e0 18h pour le d\u00e9part du 5km et \u00e0 19h pour le d\u00e9part du 10 km, deux courses au\u00a0profit de l&rsquo;association Tribu Cancer<br \/>\nIl a souffl\u00e9 en ce samedi un vent de solidarit\u00e9 \u00ab\u00a0force 8\u00a0\u00bb sur la presqu&rsquo;\u00eele de Quiberon.<\/p>\n<p><strong>Organisateur et contact<\/strong> : St\u00e9phane Boutet &#8211; T\u00e9l. 06 52 10 57 46\u00a0&#8211;\u00a0<span style=\"color: #0077c6;\"><a style=\"color: #0077c6;\" href=\"mailto:fouleesdularge@gmail.com\" target=\"_blank\" rel=\"noopener noreferrer\">fouleesdularge@gmail.com<\/a><\/span><br \/>\n<strong>Frais d&rsquo;inscription<\/strong> : 5\u20ac et 8\u20ac , totalement revers\u00e9s \u00e0 Tribu Cancer<br \/>\n<strong>Support technique<\/strong> : A.P. Lorient<br \/>\n<strong>Conseiller techniqu<\/strong>e : Maryse Le Gallo<\/p>\n<p>&nbsp;<\/p>\n<h3><span style=\"color: #0077c6;\"><strong>Affiche \u00e0 t\u00e9l\u00e9charger \u00a0 <\/strong><\/span><\/h3>\n<p><span style=\"color: #0077c6;\"><a style=\"color: #0077c6;\" href=\"http:\/\/quiberonsportnature.bzh\/wp-content\/uploads\/2016\/02\/affcihe-foulees-du-large-2014.pdf\" target=\"_blank\" rel=\"noopener noreferrer\">Foul\u00e9es du Large 2014<\/a><\/span><\/p>\n<h3><\/h3>\n<h3><span style=\"color: #0077c6;\">Articles de presse\u00a0<\/span><\/h3>\n<p>Le\u00a0T\u00e9l\u00e9gramme du 24 juillet 2014 : \u00a0\u00a0<span style=\"color: #0077c6;\"><a style=\"color: #0077c6;\" href=\"http:\/\/quiberonsportnature.bzh\/wp-content\/uploads\/2016\/02\/2014-07-24-Le-T\u00e9l\u00e9gramme-Deuxi\u00e8me-\u00e9dition-des-foul\u00e9es-du-large-1.pdf\" target=\"_blank\" rel=\"noopener noreferrer\">Deuxi\u00e8me \u00e9dition des foul\u00e9es du large<\/a><\/span><br \/>\nLe\u00a0T\u00e9l\u00e9gramme du 26 juillet 2014 : \u00a0\u00a0<span style=\"color: #0077c6;\"><a style=\"color: #0077c6;\" href=\"http:\/\/quiberonsportnature.bzh\/wp-content\/uploads\/2016\/02\/2014-07-26-Le-T\u00e9l\u00e9gramme-Pour-la-bonne-cause-1.pdf\" target=\"_blank\" rel=\"noopener noreferrer\">Foul\u00e9es du large: Pour la bonne cause<\/a><\/span><br \/>\nLe\u00a0T\u00e9l\u00e9gramme du 27 juillet 2014 : \u00a0<span style=\"color: #0077c6;\"><a style=\"color: #0077c6;\" href=\"http:\/\/quiberonsportnature.bzh\/wp-content\/uploads\/2016\/02\/2014-07-27-Telegramme-Leclere-et-Bocqueho-malgr\u00e9-le-vent-1.pdf\" target=\"_blank\" rel=\"noopener noreferrer\">Lecl\u00e8re et Bocqueho malgr\u00e9 le vent<\/a><\/span><br \/>\nOuest-France du 29 juillet 2014 : \u00a0\u00a0<span style=\"color: #0077c6;\"><a style=\"color: #0077c6;\" href=\"http:\/\/quiberonsportnature.bzh\/wp-content\/uploads\/2016\/02\/2014-07-29-Ouest-France-397-coureurs-aux-foul\u00e9es-du-large-1.pdf\" target=\"_blank\" rel=\"noopener noreferrer\">397 coureurs aux foul\u00e9es du large<\/a><\/span><\/p>\n<p>&nbsp;<\/p>\n<h3><span style=\"color: #0077c6;\">Classements et r\u00e9sultats<\/span><\/h3>\n<p><span style=\"color: #0077c6;\"><a style=\"color: #0077c6;\" href=\"http:\/\/quiberonsportnature.bzh\/wp-content\/uploads\/2016\/02\/Classement-5km-foulees-du-large2014.pdf\" target=\"_blank\" rel=\"noopener noreferrer\">Classement 5km Foul\u00e9es du Large 2014<\/a><\/span><\/p>\n<p><span style=\"color: #0077c6;\"><a style=\"color: #0077c6;\" href=\"http:\/\/quiberonsportnature.bzh\/wp-content\/uploads\/2016\/02\/Classement-10km-foulees-du-large2014.pdf\" target=\"_blank\" rel=\"noopener noreferrer\">Classement 10km Foul\u00e9es du Large 2014<\/a><\/span><\/p>\n<p>&nbsp;<\/p>\n<h3><span style=\"color: #0077c6;\">Galeries photos<\/span><\/h3>\n<p>Retrouvez toutes les photos des Foul\u00e9es du Large 2014 sur <strong>flickr<\/strong><\/p>\n<p><img loading=\"lazy\" class=\"alignnone size-full wp-image-766\" src=\"http:\/\/quiberonsportnature.bzh\/wp-content\/uploads\/2016\/02\/2014-galerie-equipe.jpg\" alt=\"Equipe et b\u00e9n\u00e9voles\" width=\"300\" height=\"199\" srcset=\"https:\/\/quiberonsportnature.bzh\/wp-content\/uploads\/2016\/02\/2014-galerie-equipe.jpg 300w, https:\/\/quiberonsportnature.bzh\/wp-content\/uploads\/2016\/02\/2014-galerie-equipe-250x166.jpg 250w, https:\/\/quiberonsportnature.bzh\/wp-content\/uploads\/2016\/02\/2014-galerie-equipe-50x33.jpg 50w\" sizes=\"(max-width: 300px) 100vw, 300px\" \/>\u00a0 \u00a0 \u00a0 \u00a0 \u00a0 \u00a0 \u00a0\u00a0<img loading=\"lazy\" class=\"alignnone size-full wp-image-764\" src=\"http:\/\/quiberonsportnature.bzh\/wp-content\/uploads\/2016\/02\/2014-galerie-avant-course.jpg\" alt=\"2014-galerie-avant-course\" width=\"300\" height=\"200\" srcset=\"https:\/\/quiberonsportnature.bzh\/wp-content\/uploads\/2016\/02\/2014-galerie-avant-course.jpg 300w, https:\/\/quiberonsportnature.bzh\/wp-content\/uploads\/2016\/02\/2014-galerie-avant-course-250x167.jpg 250w, https:\/\/quiberonsportnature.bzh\/wp-content\/uploads\/2016\/02\/2014-galerie-avant-course-50x33.jpg 50w\" sizes=\"(max-width: 300px) 100vw, 300px\" \/>\u00a0 \u00a0 \u00a0 \u00a0 \u00a0 \u00a0 \u00a0 \u00a0<img loading=\"lazy\" class=\"alignnone size-full wp-image-767\" src=\"http:\/\/quiberonsportnature.bzh\/wp-content\/uploads\/2016\/02\/2014-galerie-prix.jpg\" alt=\"Remise des prix\" width=\"300\" height=\"200\" srcset=\"https:\/\/quiberonsportnature.bzh\/wp-content\/uploads\/2016\/02\/2014-galerie-prix.jpg 300w, https:\/\/quiberonsportnature.bzh\/wp-content\/uploads\/2016\/02\/2014-galerie-prix-250x167.jpg 250w, https:\/\/quiberonsportnature.bzh\/wp-content\/uploads\/2016\/02\/2014-galerie-prix-50x33.jpg 50w\" sizes=\"(max-width: 300px) 100vw, 300px\" \/><\/p>\n<p><span style=\"color: #0077c6;\"><a style=\"color: #0077c6;\" href=\"https:\/\/www.flickr.com\/gp\/138613388@N03\/1SHU5y\" target=\"_blank\" rel=\"noopener noreferrer\">Equipe et b\u00e9n\u00e9voles<\/a><\/span>\u00a0 \u00a0 \u00a0 \u00a0 \u00a0 \u00a0 \u00a0 \u00a0 \u00a0 \u00a0 \u00a0 \u00a0 \u00a0 \u00a0 \u00a0 \u00a0 \u00a0 \u00a0 \u00a0 \u00a0 \u00a0 \u00a0 \u00a0 \u00a0 \u00a0 \u00a0 \u00a0 \u00a0<span style=\"color: #0077c6;\"><a style=\"color: #0077c6;\" href=\"https:\/\/www.flickr.com\/gp\/138613388@N03\/0b877f\" target=\"_blank\" rel=\"noopener noreferrer\">La course<\/a> <\/span>\u00a0 \u00a0 \u00a0 \u00a0 \u00a0 \u00a0 \u00a0 \u00a0 \u00a0 \u00a0 \u00a0 \u00a0 \u00a0 \u00a0 \u00a0 \u00a0 \u00a0 \u00a0 \u00a0 \u00a0 \u00a0 \u00a0 \u00a0 \u00a0 \u00a0 \u00a0 \u00a0 \u00a0 \u00a0 \u00a0 \u00a0 \u00a0 \u00a0 \u00a0 \u00a0 \u00a0 \u00a0 \u00a0<span style=\"color: #0077c6;\"><a style=\"color: #0077c6;\" href=\"https:\/\/www.flickr.com\/gp\/138613388@N03\/8mQ2YL\" target=\"_blank\" rel=\"noopener noreferrer\">Les prix<\/a><\/span><\/p>\n<p><img loading=\"lazy\" class=\"alignnone size-full wp-image-768\" src=\"http:\/\/quiberonsportnature.bzh\/wp-content\/uploads\/2016\/02\/2014-galerie-sortie.jpg\" alt=\"Sortie en bateau\" width=\"300\" height=\"200\" srcset=\"https:\/\/quiberonsportnature.bzh\/wp-content\/uploads\/2016\/02\/2014-galerie-sortie.jpg 300w, https:\/\/quiberonsportnature.bzh\/wp-content\/uploads\/2016\/02\/2014-galerie-sortie-250x167.jpg 250w, https:\/\/quiberonsportnature.bzh\/wp-content\/uploads\/2016\/02\/2014-galerie-sortie-50x33.jpg 50w\" sizes=\"(max-width: 300px) 100vw, 300px\" \/>\u00a0 \u00a0 \u00a0 \u00a0 \u00a0 \u00a0 \u00a0 \u00a0<img loading=\"lazy\" class=\"alignnone size-full wp-image-765\" src=\"http:\/\/quiberonsportnature.bzh\/wp-content\/uploads\/2016\/02\/2014-galerie-chrono.jpg\" alt=\"chronologie d'une course\" width=\"300\" height=\"200\" srcset=\"https:\/\/quiberonsportnature.bzh\/wp-content\/uploads\/2016\/02\/2014-galerie-chrono.jpg 300w, https:\/\/quiberonsportnature.bzh\/wp-content\/uploads\/2016\/02\/2014-galerie-chrono-250x167.jpg 250w, https:\/\/quiberonsportnature.bzh\/wp-content\/uploads\/2016\/02\/2014-galerie-chrono-50x33.jpg 50w\" sizes=\"(max-width: 300px) 100vw, 300px\" \/><\/p>\n<p><span style=\"color: #0077c6;\"><a style=\"color: #0077c6;\" href=\"https:\/\/www.flickr.com\/gp\/138613388@N03\/jw8r35\" target=\"_blank\" rel=\"noopener noreferrer\">Sortie en bateau<\/a> <\/span>\u00a0 \u00a0 \u00a0 \u00a0 \u00a0 \u00a0 \u00a0 \u00a0 \u00a0 \u00a0 \u00a0 \u00a0 \u00a0 \u00a0 \u00a0 \u00a0 \u00a0 \u00a0 \u00a0 \u00a0 \u00a0 \u00a0 \u00a0 \u00a0 \u00a0 \u00a0 \u00a0 \u00a0 \u00a0 \u00a0 \u00a0\u00a0<span style=\"color: #0077c6;\"><a style=\"color: #0077c6;\" href=\"https:\/\/www.flickr.com\/gp\/138613388@N03\/F48653\" target=\"_blank\" rel=\"noopener noreferrer\">Chronologie d&rsquo;une course<\/a><\/span><\/p>\n<p style=\"text-align: center;\"><strong>Merci aux partenaires et sponsors<\/strong><\/p>\n<p style=\"text-align: center;\"><a href=\"http:\/\/www.acmquiberon.fr\/accueil\/\" target=\"_blank\" rel=\"noopener noreferrer\"><img loading=\"lazy\" class=\"alignnone wp-image-651 size-full\" title=\"www.acmquiberon.fr\" src=\"http:\/\/quiberonsportnature.bzh\/wp-content\/uploads\/2016\/02\/acm.jpg\" alt=\"acm\" width=\"150\" height=\"93\" srcset=\"https:\/\/quiberonsportnature.bzh\/wp-content\/uploads\/2016\/02\/acm.jpg 150w, https:\/\/quiberonsportnature.bzh\/wp-content\/uploads\/2016\/02\/acm-50x31.jpg 50w\" sizes=\"(max-width: 150px) 100vw, 150px\" \/><\/a>\u00a0 \u00a0 \u00a0\u00a0<a href=\"http:\/\/ville-quiberon.fr\" target=\"_blank\" rel=\"noopener noreferrer\"><img loading=\"lazy\" class=\"alignnone wp-image-652 size-full\" title=\"ville-quiberon.fr\" src=\"http:\/\/quiberonsportnature.bzh\/wp-content\/uploads\/2016\/02\/ville-quiberon.jpg\" alt=\"ville-quiberon\" width=\"200\" height=\"75\" srcset=\"https:\/\/quiberonsportnature.bzh\/wp-content\/uploads\/2016\/02\/ville-quiberon.jpg 200w, https:\/\/quiberonsportnature.bzh\/wp-content\/uploads\/2016\/02\/ville-quiberon-50x19.jpg 50w\" sizes=\"(max-width: 200px) 100vw, 200px\" \/><\/a>\u00a0 \u00a0 \u00a0<a href=\"http:\/\/www.morbihan.fr\/accueil\/\" target=\"_blank\" rel=\"noopener noreferrer\"><img loading=\"lazy\" class=\"alignnone wp-image-659 size-full\" title=\"www.morbihan.fr\" src=\"http:\/\/quiberonsportnature.bzh\/wp-content\/uploads\/2016\/02\/2015-Morbihan.jpg\" alt=\"Conseil G\u00e9n\u00e9ral du Morbihan\" width=\"100\" height=\"101\" srcset=\"https:\/\/quiberonsportnature.bzh\/wp-content\/uploads\/2016\/02\/2015-Morbihan.jpg 100w, https:\/\/quiberonsportnature.bzh\/wp-content\/uploads\/2016\/02\/2015-Morbihan-50x50.jpg 50w\" sizes=\"(max-width: 100px) 100vw, 100px\" \/><\/a><\/p>\n<p style=\"text-align: center;\"><a href=\"http:\/\/www.campingduconguel.com\/\" target=\"_blank\" rel=\"noopener noreferrer\"><img loading=\"lazy\" class=\"alignnone wp-image-709 size-full\" title=\"www.campingduconguel.com\" src=\"http:\/\/quiberonsportnature.bzh\/wp-content\/uploads\/2016\/02\/conguel.jpg\" alt=\"Camping du Conguel\" width=\"82\" height=\"122\" srcset=\"https:\/\/quiberonsportnature.bzh\/wp-content\/uploads\/2016\/02\/conguel.jpg 82w, https:\/\/quiberonsportnature.bzh\/wp-content\/uploads\/2016\/02\/conguel-34x50.jpg 34w\" sizes=\"(max-width: 82px) 100vw, 82px\" \/><\/a><img loading=\"lazy\" class=\"alignnone wp-image-665 size-full\" title=\"www.carrefour.fr\" src=\"http:\/\/quiberonsportnature.bzh\/wp-content\/uploads\/2016\/02\/2015-Carrefour-City.jpg\" alt=\"Carrefour City\" width=\"122\" height=\"100\" srcset=\"https:\/\/quiberonsportnature.bzh\/wp-content\/uploads\/2016\/02\/2015-Carrefour-City.jpg 122w, https:\/\/quiberonsportnature.bzh\/wp-content\/uploads\/2016\/02\/2015-Carrefour-City-50x41.jpg 50w\" sizes=\"(max-width: 122px) 100vw, 122px\" \/><img loading=\"lazy\" class=\"alignnone wp-image-677 size-full\" src=\"http:\/\/quiberonsportnature.bzh\/wp-content\/uploads\/2016\/02\/2015-Quiberon-Ambulance.jpg\" alt=\"Quiberon Ambulances\" width=\"84\" height=\"100\" srcset=\"https:\/\/quiberonsportnature.bzh\/wp-content\/uploads\/2016\/02\/2015-Quiberon-Ambulance.jpg 84w, https:\/\/quiberonsportnature.bzh\/wp-content\/uploads\/2016\/02\/2015-Quiberon-Ambulance-42x50.jpg 42w\" sizes=\"(max-width: 84px) 100vw, 84px\" \/><a href=\"http:\/\/www.comptoir-de-locean.fr\" target=\"_blank\" rel=\"noopener noreferrer\"><img loading=\"lazy\" class=\"alignnone wp-image-674 size-full\" title=\"www.zephyr-biere.com\" src=\"http:\/\/quiberonsportnature.bzh\/wp-content\/uploads\/2016\/02\/2015-Zephir.jpg\" alt=\"Z\u00e9phyr\" width=\"90\" height=\"100\" srcset=\"https:\/\/quiberonsportnature.bzh\/wp-content\/uploads\/2016\/02\/2015-Zephir.jpg 90w, https:\/\/quiberonsportnature.bzh\/wp-content\/uploads\/2016\/02\/2015-Zephir-45x50.jpg 45w\" sizes=\"(max-width: 90px) 100vw, 90px\" \/><img loading=\"lazy\" class=\"alignnone wp-image-671 size-full\" title=\"www.kakicrazy.fr\" src=\"http:\/\/quiberonsportnature.bzh\/wp-content\/uploads\/2016\/02\/2015-Kaki-Crazy.jpg\" alt=\"Kaki Crazy\" width=\"105\" height=\"100\" srcset=\"https:\/\/quiberonsportnature.bzh\/wp-content\/uploads\/2016\/02\/2015-Kaki-Crazy.jpg 105w, https:\/\/quiberonsportnature.bzh\/wp-content\/uploads\/2016\/02\/2015-Kaki-Crazy-50x48.jpg 50w\" sizes=\"(max-width: 105px) 100vw, 105px\" \/><img loading=\"lazy\" class=\"alignnone wp-image-668 size-full\" title=\"cyclesportnature.fr\" src=\"http:\/\/quiberonsportnature.bzh\/wp-content\/uploads\/2016\/02\/2015-Cycles-sports.jpg\" alt=\"Cycle&amp;sport\" width=\"122\" height=\"100\" srcset=\"https:\/\/quiberonsportnature.bzh\/wp-content\/uploads\/2016\/02\/2015-Cycles-sports.jpg 122w, https:\/\/quiberonsportnature.bzh\/wp-content\/uploads\/2016\/02\/2015-Cycles-sports-50x41.jpg 50w\" sizes=\"(max-width: 122px) 100vw, 122px\" \/><img loading=\"lazy\" class=\"alignnone wp-image-669 size-full\" title=\"www.comptoir-de-locean.fr\" src=\"http:\/\/quiberonsportnature.bzh\/wp-content\/uploads\/2016\/02\/2015-Comptoir-Oc\u00e9an.jpg\" alt=\"Comptoir de l'Oc\u00e9an\" width=\"109\" height=\"100\" srcset=\"https:\/\/quiberonsportnature.bzh\/wp-content\/uploads\/2016\/02\/2015-Comptoir-Oc\u00e9an.jpg 109w, https:\/\/quiberonsportnature.bzh\/wp-content\/uploads\/2016\/02\/2015-Comptoir-Oc\u00e9an-50x46.jpg 50w\" sizes=\"(max-width: 109px) 100vw, 109px\" \/><img loading=\"lazy\" class=\"size-full wp-image-710 aligncenter\" src=\"http:\/\/quiberonsportnature.bzh\/wp-content\/uploads\/2016\/02\/mma.jpg\" alt=\"Denoel et Simon \" width=\"190\" height=\"31\" srcset=\"https:\/\/quiberonsportnature.bzh\/wp-content\/uploads\/2016\/02\/mma.jpg 190w, https:\/\/quiberonsportnature.bzh\/wp-content\/uploads\/2016\/02\/mma-50x8.jpg 50w\" sizes=\"(max-width: 190px) 100vw, 190px\" \/><\/a><\/p>\n<p style=\"text-align: center;\"><span style=\"color: #0077c6;\"><a style=\"color: #0077c6;\" href=\"http:\/\/quiberonsportnature.bzh\/index.php\/foulees-du-large\/les-foulees-du-large-2015\/\">&lt; Foul\u00e9es du Large 2015<\/a><\/span> \u00a0 \u00a0 \u00a0 \u00a0 \u00a0 \u00a0 \u00a0 \u00a0 \u00a0 \u00a0 \u00a0 \u00a0 \u00a0 \u00a0 \u00a0 \u00a0 \u00a0 \u00a0 \u00a0 \u00a0 \u00a0 \u00a0 \u00a0 \u00a0 <span style=\"color: #0077c6;\"><a style=\"color: #0077c6;\" href=\"http:\/\/quiberonsportnature.bzh\/index.php\/foulees-du-large\/les-foulees-du-large-2013\/\">Foul\u00e9es du large 2013 &gt;<\/a><\/span><\/p>\n","protected":false},"excerpt":{"rendered":"<p>\u00a0Les\u00a0Foul\u00e9es\u00a0du Large\u00a02014 &#8211; 2\u00e8me \u00e9dition La deuxi\u00e8me \u00e9dition 2014 a eu lieu le samedi 26 juillet \u00e0 18h pour le d\u00e9part du 5km et \u00e0 19h pour le d\u00e9part du 10 km, deux courses au\u00a0profit de l&rsquo;association Tribu Cancer Il<\/p>\n","protected":false},"author":2,"featured_media":0,"parent":26,"menu_order":13,"comment_status":"closed","ping_status":"closed","template":"","meta":[],"_links":{"self":[{"href":"https:\/\/quiberonsportnature.bzh\/index.php\/wp-json\/wp\/v2\/pages\/593"}],"collection":[{"href":"https:\/\/quiberonsportnature.bzh\/index.php\/wp-json\/wp\/v2\/pages"}],"about":[{"href":"https:\/\/quiberonsportnature.bzh\/index.php\/wp-json\/wp\/v2\/types\/page"}],"author":[{"embeddable":true,"href":"https:\/\/quiberonsportnature.bzh\/index.php\/wp-json\/wp\/v2\/users\/2"}],"replies":[{"embeddable":true,"href":"https:\/\/quiberonsportnature.bzh\/index.php\/wp-json\/wp\/v2\/comments?post=593"}],"version-history":[{"count":21,"href":"https:\/\/quiberonsportnature.bzh\/index.php\/wp-json\/wp\/v2\/pages\/593\/revisions"}],"predecessor-version":[{"id":4656,"href":"https:\/\/quiberonsportnature.bzh\/index.php\/wp-json\/wp\/v2\/pages\/593\/revisions\/4656"}],"up":[{"embeddable":true,"href":"https:\/\/quiberonsportnature.bzh\/index.php\/wp-json\/wp\/v2\/pages\/26"}],"wp:attachment":[{"href":"https:\/\/quiberonsportnature.bzh\/index.php\/wp-json\/wp\/v2\/media?parent=593"}],"curies":[{"name":"wp","href":"https:\/\/api.w.org\/{rel}","templated":true}]}}