{"id":610,"date":"2016-02-17T16:11:55","date_gmt":"2016-02-17T16:11:55","guid":{"rendered":"http:\/\/quiberonsportnature.bzh\/?page_id=610"},"modified":"2020-01-07T09:19:50","modified_gmt":"2020-01-07T09:19:50","slug":"les-foulees-du-large-2013","status":"publish","type":"page","link":"https:\/\/quiberonsportnature.bzh\/index.php\/foulees-du-large\/les-foulees-du-large-2013\/","title":{"rendered":"FDL  2013"},"content":{"rendered":"<h2 style=\"text-align: center;\"><span style=\"color: #0077c6;\">Les\u00a0Foul\u00e9es\u00a0du\u00a0Large 2013 &#8211; 1\u00e8re \u00e9dition\u00a0<\/span><\/h2>\n<p><img loading=\"lazy\" class=\"size-full wp-image-746 alignright\" src=\"http:\/\/quiberonsportnature.bzh\/wp-content\/uploads\/2016\/02\/vignette-affiche2013.jpg\" alt=\"Foul\u00e9es du Large 2013\" width=\"300\" height=\"419\" srcset=\"https:\/\/quiberonsportnature.bzh\/wp-content\/uploads\/2016\/02\/vignette-affiche2013.jpg 300w, https:\/\/quiberonsportnature.bzh\/wp-content\/uploads\/2016\/02\/vignette-affiche2013-179x250.jpg 179w, https:\/\/quiberonsportnature.bzh\/wp-content\/uploads\/2016\/02\/vignette-affiche2013-286x400.jpg 286w, https:\/\/quiberonsportnature.bzh\/wp-content\/uploads\/2016\/02\/vignette-affiche2013-36x50.jpg 36w\" sizes=\"(max-width: 300px) 100vw, 300px\" \/><\/p>\n<p>Cette\u00a0premi\u00e8re \u00e9dition des Foul\u00e9es du Large a eu lieu le samedi 26 juillet avec une \u00e9preuve de course de 8 km.<\/p>\n<p>Le montant des frais d&rsquo;inscription a \u00e9t\u00e9 enti\u00e8rement revers\u00e9 \u00e0 l&rsquo;association <strong>Tribu Cancer<\/strong>.<\/p>\n<p>&nbsp;<\/p>\n<h3><span style=\"color: #0077c6;\">Affiche \u00e0 t\u00e9l\u00e9charger<\/span><\/h3>\n<p><span style=\"color: #0077c6;\"><a style=\"color: #0077c6;\" href=\"http:\/\/quiberonsportnature.bzh\/wp-content\/uploads\/2016\/02\/Affiche-Les-foul\u00e9es-26-juillet2013.pdf\">Foul\u00e9es du Large 2013<\/a><\/span><\/p>\n<p>&nbsp;<\/p>\n<h3><span style=\"color: #0077c6;\">Reportage<\/span><\/h3>\n<p>Voir la vid\u00e9o du d\u00e9part de la course publi\u00e9e par Ouest-France<\/p>\n<p><iframe loading=\"lazy\" src=\"https:\/\/player.vimeo.com\/video\/71564244\" width=\"500\" height=\"378\" frameborder=\"0\" allowfullscreen=\"allowfullscreen\"><\/iframe><\/p>\n<h3><span style=\"color: #0077c6;\">Articles de presse<\/span><\/h3>\n<p>Ouest-France du 29 juillet 2013 : \u00a0 \u00a0<span style=\"color: #0077c6;\"><a style=\"color: #0077c6;\" href=\"http:\/\/quiberonsportnature.bzh\/wp-content\/uploads\/2016\/02\/2013-07-29-Ouest-France-Franc-succes.pdf\" target=\"_blank\" rel=\"noopener noreferrer\">Franc succ\u00e8s<\/a><\/span><br \/>\nLe T\u00e9l\u00e9gramme du 27 juillet 2013 : \u00a0\u00a0<span style=\"color: #0077c6;\"><a style=\"color: #0077c6;\" href=\"http:\/\/quiberonsportnature.bzh\/wp-content\/uploads\/2016\/02\/2013-07-27-28-Ouest-France-Plus-de-200-coureurs.pdf\" target=\"_blank\" rel=\"noopener noreferrer\">Plus de 200 coureurs<\/a><\/span><br \/>\nOuest-France du 27 juillet 2013 : \u00a0 \u00a0<span style=\"color: #0077c6;\"><a style=\"color: #0077c6;\" href=\"http:\/\/quiberonsportnature.bzh\/wp-content\/uploads\/2016\/02\/2013-07-27-Le-T\u00e9l\u00e9gramme-Les-r\u00e9sultats.pdf\" target=\"_blank\" rel=\"noopener noreferrer\">Les r\u00e9sultats<\/a><\/span><br \/>\nLe\u00a0T\u00e9l\u00e9gramme du 24 juillet 2013 : \u00a0\u00a0<span style=\"color: #0077c6;\"><a style=\"color: #0077c6;\" href=\"http:\/\/quiberonsportnature.bzh\/wp-content\/uploads\/2016\/02\/2013-07-24-Le-T\u00e9l\u00e9gramme-Tous-en-course-contre-la-maladie.pdf\" target=\"_blank\" rel=\"noopener noreferrer\">Tous en course contre la maladie<\/a><\/span><br \/>\nOuest-France du 23 juillet 2013 : \u00a0\u00a0<span style=\"color: #0077c6;\"><a style=\"color: #0077c6;\" href=\"http:\/\/quiberonsportnature.bzh\/wp-content\/uploads\/2016\/02\/2013-07-23-Ouest-France-Les-premi\u00e8res-Foul\u00e9es-du-large-se-pr\u00e9parent.pdf\" target=\"_blank\" rel=\"noopener noreferrer\">Les premi\u00e8res Foul\u00e9es du Large se pr\u00e9parent<\/a><\/span><br \/>\nLe\u00a0T\u00e9l\u00e9gramme du 5 juin 2013 : \u00a0\u00a0<span style=\"color: #0077c6;\"><a style=\"color: #0077c6;\" href=\"http:\/\/quiberonsportnature.bzh\/wp-content\/uploads\/2016\/02\/2013-06-05-Le-T\u00e9l\u00e9gramme-Premiere-\u00e9dition-le-26-juillet-2013.pdf\" target=\"_blank\" rel=\"noopener noreferrer\">Premi\u00e8re \u00e9dition le 26 juillet<\/a><\/span><br \/>\nOuest-France du 5 juin 2013 : \u00a0\u00a0<span style=\"color: #0077c6;\"><a style=\"color: #0077c6;\" href=\"http:\/\/quiberonsportnature.bzh\/wp-content\/uploads\/2016\/02\/2013-06-05-Ouest-France-Les-Foul\u00e9es-du-large-1.pdf\" target=\"_blank\" rel=\"noopener noreferrer\">Les Foul\u00e9es du Large<\/a><\/span><br \/>\nOuest-France du 13 mai 2013 : \u00a0 \u00a0<span style=\"color: #0077c6;\"><a style=\"color: #0077c6;\" href=\"http:\/\/quiberonsportnature.bzh\/wp-content\/uploads\/2016\/02\/2013-05-13-Ouest-France-Lancement-Les-Foul\u00e9es-du-Large.pdf\" target=\"_blank\" rel=\"noopener noreferrer\">Lancement Les Foul\u00e9es du Large<\/a><\/span><\/p>\n<p>&nbsp;<\/p>\n<h3 style=\"text-align: left;\"><span style=\"color: #0077c6;\">Galeries Photos<\/span><\/h3>\n<p>Suivez en image cette merveilleuse journ\u00e9e !<\/p>\n<p><img loading=\"lazy\" class=\"alignnone size-full wp-image-770\" src=\"http:\/\/quiberonsportnature.bzh\/wp-content\/uploads\/2016\/02\/2013-galerie-avant.jpg\" alt=\"Avant la course\" width=\"300\" height=\"200\" srcset=\"https:\/\/quiberonsportnature.bzh\/wp-content\/uploads\/2016\/02\/2013-galerie-avant.jpg 300w, https:\/\/quiberonsportnature.bzh\/wp-content\/uploads\/2016\/02\/2013-galerie-avant-250x167.jpg 250w, https:\/\/quiberonsportnature.bzh\/wp-content\/uploads\/2016\/02\/2013-galerie-avant-50x33.jpg 50w\" sizes=\"(max-width: 300px) 100vw, 300px\" \/>\u00a0 \u00a0 \u00a0 \u00a0 \u00a0 \u00a0 \u00a0 \u00a0<img loading=\"lazy\" class=\"alignnone size-full wp-image-776\" src=\"http:\/\/quiberonsportnature.bzh\/wp-content\/uploads\/2016\/02\/2013-course.jpg\" alt=\"Course\" width=\"300\" height=\"200\" srcset=\"https:\/\/quiberonsportnature.bzh\/wp-content\/uploads\/2016\/02\/2013-course.jpg 300w, https:\/\/quiberonsportnature.bzh\/wp-content\/uploads\/2016\/02\/2013-course-250x167.jpg 250w, https:\/\/quiberonsportnature.bzh\/wp-content\/uploads\/2016\/02\/2013-course-50x33.jpg 50w\" sizes=\"(max-width: 300px) 100vw, 300px\" \/><\/p>\n<p style=\"text-align: left;\"><a style=\"color: #0077c6;\" href=\"https:\/\/www.flickr.com\/gp\/138613388@N03\/KZW386\" target=\"_blank\" rel=\"noopener noreferrer\">Avant la course<\/a>\u00a0 \u00a0 \u00a0 \u00a0 \u00a0 \u00a0 \u00a0 \u00a0 \u00a0 \u00a0 \u00a0 \u00a0 \u00a0 \u00a0 \u00a0 \u00a0 \u00a0 \u00a0 \u00a0 \u00a0 \u00a0 \u00a0 \u00a0 \u00a0 \u00a0 \u00a0 \u00a0 \u00a0 \u00a0 \u00a0 \u00a0 \u00a0 \u00a0<a style=\"color: #0077c6;\" href=\"https:\/\/www.flickr.com\/gp\/138613388@N03\/141GoR\" target=\"_blank\" rel=\"noopener noreferrer\">La course<\/a><\/p>\n<p style=\"text-align: left;\"><img loading=\"lazy\" class=\"alignnone size-full wp-image-771\" src=\"http:\/\/quiberonsportnature.bzh\/wp-content\/uploads\/2016\/02\/2013-galerie-prix.jpg\" alt=\"Remise des prix\" width=\"300\" height=\"200\" srcset=\"https:\/\/quiberonsportnature.bzh\/wp-content\/uploads\/2016\/02\/2013-galerie-prix.jpg 300w, https:\/\/quiberonsportnature.bzh\/wp-content\/uploads\/2016\/02\/2013-galerie-prix-250x167.jpg 250w, https:\/\/quiberonsportnature.bzh\/wp-content\/uploads\/2016\/02\/2013-galerie-prix-50x33.jpg 50w\" sizes=\"(max-width: 300px) 100vw, 300px\" \/>\u00a0 \u00a0 \u00a0 \u00a0 \u00a0 \u00a0 \u00a0 \u00a0<img loading=\"lazy\" class=\"alignnone size-full wp-image-769\" src=\"http:\/\/quiberonsportnature.bzh\/wp-content\/uploads\/2016\/02\/2013-galerie-apres.jpg\" alt=\"Apr\u00e8s la course\" width=\"300\" height=\"200\" srcset=\"https:\/\/quiberonsportnature.bzh\/wp-content\/uploads\/2016\/02\/2013-galerie-apres.jpg 300w, https:\/\/quiberonsportnature.bzh\/wp-content\/uploads\/2016\/02\/2013-galerie-apres-250x167.jpg 250w, https:\/\/quiberonsportnature.bzh\/wp-content\/uploads\/2016\/02\/2013-galerie-apres-50x33.jpg 50w\" sizes=\"(max-width: 300px) 100vw, 300px\" \/><\/p>\n<p style=\"text-align: left;\"><a style=\"color: #0077c6;\" href=\"https:\/\/www.flickr.com\/gp\/138613388@N03\/gZZ450\" target=\"_blank\" rel=\"noopener noreferrer\">Les prix<\/a>\u00a0 \u00a0 \u00a0 \u00a0 \u00a0 \u00a0 \u00a0 \u00a0 \u00a0 \u00a0 \u00a0 \u00a0 \u00a0 \u00a0 \u00a0 \u00a0 \u00a0 \u00a0 \u00a0 \u00a0 \u00a0 \u00a0 \u00a0 \u00a0 \u00a0 \u00a0 \u00a0 \u00a0 \u00a0 \u00a0 \u00a0 \u00a0 \u00a0 \u00a0 \u00a0 \u00a0 \u00a0 \u00a0 \u00a0 <span style=\"color: #0077c6;\"><a style=\"color: #0077c6;\" href=\"https:\/\/www.flickr.com\/gp\/138613388@N03\/99pdRo\" target=\"_blank\" rel=\"noopener noreferrer\">Apr\u00e8s la course<\/a><\/span><\/p>\n<p style=\"text-align: center;\"><strong>Merci aux soutiens et sponsors<\/strong><\/p>\n<p style=\"text-align: center;\"><img loading=\"lazy\" class=\"alignnone size-full wp-image-663\" src=\"http:\/\/quiberonsportnature.bzh\/wp-content\/uploads\/2016\/02\/2015-Quiberonnaise.jpg\" alt=\"La Quiberonnaise\" width=\"104\" height=\"100\" srcset=\"https:\/\/quiberonsportnature.bzh\/wp-content\/uploads\/2016\/02\/2015-Quiberonnaise.jpg 104w, https:\/\/quiberonsportnature.bzh\/wp-content\/uploads\/2016\/02\/2015-Quiberonnaise-50x48.jpg 50w\" sizes=\"(max-width: 104px) 100vw, 104px\" \/><img loading=\"lazy\" class=\"alignnone size-full wp-image-664\" src=\"http:\/\/quiberonsportnature.bzh\/wp-content\/uploads\/2016\/02\/2015-Maison-Armorine.jpg\" alt=\"La Maison d'Armori\u00e9e\" width=\"125\" height=\"100\" srcset=\"https:\/\/quiberonsportnature.bzh\/wp-content\/uploads\/2016\/02\/2015-Maison-Armorine.jpg 125w, https:\/\/quiberonsportnature.bzh\/wp-content\/uploads\/2016\/02\/2015-Maison-Armorine-50x40.jpg 50w\" sizes=\"(max-width: 125px) 100vw, 125px\" \/><img loading=\"lazy\" class=\"alignnone size-full wp-image-665\" src=\"http:\/\/quiberonsportnature.bzh\/wp-content\/uploads\/2016\/02\/2015-Carrefour-City.jpg\" alt=\"Carrefour City\" width=\"122\" height=\"100\" srcset=\"https:\/\/quiberonsportnature.bzh\/wp-content\/uploads\/2016\/02\/2015-Carrefour-City.jpg 122w, https:\/\/quiberonsportnature.bzh\/wp-content\/uploads\/2016\/02\/2015-Carrefour-City-50x41.jpg 50w\" sizes=\"(max-width: 122px) 100vw, 122px\" \/><img loading=\"lazy\" class=\"alignnone size-full wp-image-677\" src=\"http:\/\/quiberonsportnature.bzh\/wp-content\/uploads\/2016\/02\/2015-Quiberon-Ambulance.jpg\" alt=\"Quiberon Ambulances\" width=\"84\" height=\"100\" srcset=\"https:\/\/quiberonsportnature.bzh\/wp-content\/uploads\/2016\/02\/2015-Quiberon-Ambulance.jpg 84w, https:\/\/quiberonsportnature.bzh\/wp-content\/uploads\/2016\/02\/2015-Quiberon-Ambulance-42x50.jpg 42w\" sizes=\"(max-width: 84px) 100vw, 84px\" \/><\/p>\n<p style=\"text-align: center;\"><img loading=\"lazy\" class=\"alignnone wp-image-710\" src=\"http:\/\/quiberonsportnature.bzh\/wp-content\/uploads\/2016\/02\/mma.jpg\" alt=\"Denoel et Simon\" width=\"190\" height=\"31\" srcset=\"https:\/\/quiberonsportnature.bzh\/wp-content\/uploads\/2016\/02\/mma.jpg 190w, https:\/\/quiberonsportnature.bzh\/wp-content\/uploads\/2016\/02\/mma-50x8.jpg 50w\" sizes=\"(max-width: 190px) 100vw, 190px\" \/><\/p>\n<p style=\"text-align: center;\"><strong> et au club Quiberon\u00a0Triathlon<\/strong><\/p>\n<p style=\"text-align: left;\"><span style=\"color: #0077c6;\"><a style=\"color: #0077c6;\" href=\"http:\/\/quiberonsportnature.bzh\/index.php\/foulees-du-large\/les-foulees-du-large-2014\/\">&lt; Foul\u00e9es du Large 2014<\/a><\/span><\/p>\n","protected":false},"excerpt":{"rendered":"<p>Les\u00a0Foul\u00e9es\u00a0du\u00a0Large 2013 &#8211; 1\u00e8re \u00e9dition\u00a0 Cette\u00a0premi\u00e8re \u00e9dition des Foul\u00e9es du Large a eu lieu le samedi 26 juillet avec une \u00e9preuve de course de 8 km. Le montant des frais d&rsquo;inscription a \u00e9t\u00e9 enti\u00e8rement revers\u00e9 \u00e0 l&rsquo;association Tribu Cancer. &nbsp;<\/p>\n","protected":false},"author":2,"featured_media":0,"parent":26,"menu_order":14,"comment_status":"closed","ping_status":"closed","template":"","meta":[],"_links":{"self":[{"href":"https:\/\/quiberonsportnature.bzh\/index.php\/wp-json\/wp\/v2\/pages\/610"}],"collection":[{"href":"https:\/\/quiberonsportnature.bzh\/index.php\/wp-json\/wp\/v2\/pages"}],"about":[{"href":"https:\/\/quiberonsportnature.bzh\/index.php\/wp-json\/wp\/v2\/types\/page"}],"author":[{"embeddable":true,"href":"https:\/\/quiberonsportnature.bzh\/index.php\/wp-json\/wp\/v2\/users\/2"}],"replies":[{"embeddable":true,"href":"https:\/\/quiberonsportnature.bzh\/index.php\/wp-json\/wp\/v2\/comments?post=610"}],"version-history":[{"count":24,"href":"https:\/\/quiberonsportnature.bzh\/index.php\/wp-json\/wp\/v2\/pages\/610\/revisions"}],"predecessor-version":[{"id":4657,"href":"https:\/\/quiberonsportnature.bzh\/index.php\/wp-json\/wp\/v2\/pages\/610\/revisions\/4657"}],"up":[{"embeddable":true,"href":"https:\/\/quiberonsportnature.bzh\/index.php\/wp-json\/wp\/v2\/pages\/26"}],"wp:attachment":[{"href":"https:\/\/quiberonsportnature.bzh\/index.php\/wp-json\/wp\/v2\/media?parent=610"}],"curies":[{"name":"wp","href":"https:\/\/api.w.org\/{rel}","templated":true}]}}