{"id":715,"date":"2016-02-19T17:25:13","date_gmt":"2016-02-19T17:25:13","guid":{"rendered":"http:\/\/quiberonsportnature.bzh\/?page_id=715"},"modified":"2020-01-07T09:18:48","modified_gmt":"2020-01-07T09:18:48","slug":"les-foulees-du-large-2016","status":"publish","type":"page","link":"https:\/\/quiberonsportnature.bzh\/index.php\/foulees-du-large\/les-foulees-du-large-2016\/","title":{"rendered":"FDL  2016"},"content":{"rendered":"<h2><a href=\"http:\/\/quiberonsportnature.bzh\/wp-content\/uploads\/2018\/08\/Bandeau-foulees-2016.jpg\"><img loading=\"lazy\" class=\"alignright size-full wp-image-4414\" src=\"http:\/\/quiberonsportnature.bzh\/wp-content\/uploads\/2018\/08\/Bandeau-foulees-2016.jpg\" alt=\"\" width=\"1796\" height=\"664\" srcset=\"https:\/\/quiberonsportnature.bzh\/wp-content\/uploads\/2018\/08\/Bandeau-foulees-2016.jpg 1796w, https:\/\/quiberonsportnature.bzh\/wp-content\/uploads\/2018\/08\/Bandeau-foulees-2016-250x92.jpg 250w, https:\/\/quiberonsportnature.bzh\/wp-content\/uploads\/2018\/08\/Bandeau-foulees-2016-750x277.jpg 750w, https:\/\/quiberonsportnature.bzh\/wp-content\/uploads\/2018\/08\/Bandeau-foulees-2016-1024x379.jpg 1024w\" sizes=\"(max-width: 1796px) 100vw, 1796px\" \/><\/a><\/h2>\n<h2 style=\"text-align: center;\"><span style=\"color: #0077c6;\">Les Foul\u00e9es du Large 2016 &#8211; 4\u00e8 \u00e9dition<br \/>\nSamedi 23 juillet 2016<\/span><\/h2>\n<p><img loading=\"lazy\" class=\"alignright wp-image-1010 size-full\" src=\"http:\/\/quiberonsportnature.bzh\/wp-content\/uploads\/2016\/02\/les-foulees-du-large-afficheA3-2016-V4-e1467321198413.jpg\" alt=\"Les Foul\u00e9es du Large 2016\" width=\"350\" height=\"495\" \/><\/p>\n<p>&nbsp;<\/p>\n<p>&nbsp;<\/p>\n<p style=\"text-align: justify;\">Apr\u00e8s les succ\u00e8s de 2013, 2014 et 2015, pour cette 4\u00e8me \u00e9dition, le trac\u00e9 du parcours des courses est maintenu avec un d\u00e9part\u00a0Esplanade Hoche et deux boucles : une \u00ab Centre Ville \u00bb de 1 km et une \u00ab Bord de Mer \u00bb de 4 km ; pour deux distances, 5 km et 10 km (ce dernier est mesur\u00e9 FFA).<\/p>\n<p style=\"text-align: justify;\">Les profits sont toujours int\u00e9gralement revers\u00e9 \u00e0 l\u2019association <span style=\"color: #0077c6;\"><a style=\"color: #0077c6;\" href=\"http:\/\/www.tribucancer.org\" target=\"_blank\" rel=\"noopener noreferrer\">Tribu Cancer<\/a><\/span>.<\/p>\n<p style=\"text-align: justify;\">Une marche est aussi organis\u00e9e, \u00ab A travers la Presqu\u2019\u00eele \u00bb, par Loisir et Culture Saint Pierre Quiberon pour permettre \u00e0 tous de participer \u00e0 une action en faveur de Tribu Cancer.<\/p>\n<p style=\"text-align: justify;\"><strong>Nouveaut\u00e9s en 2016<\/strong> avec un parcours de <span style=\"color: #0077c6;\"><strong>Marche Nordique<\/strong><\/span> en d\u00e9but d\u2019apr\u00e8s midi et des <span style=\"color: #0077c6;\"><strong>courses \u00abjeunes\u00bb<\/strong><\/span> en ouverture des 5 km et 10 km.<\/p>\n<p>&nbsp;<\/p>\n<h3><strong>D\u00e9tails, inscriptions et r\u00e9sultats<\/strong> :\u00a0<a style=\"color: #0077c6;\" href=\"http:\/\/www.yanoo.net\/evenement\/6713-les_foulees_du_large_2016.html\" target=\"_blank\" rel=\"noopener noreferrer\">Yanoo.net<\/a><\/h3>\n<h3><\/h3>\n<h3><\/h3>\n<p>&nbsp;<\/p>\n<p>&nbsp;<\/p>\n<h2><span style=\"color: #0077c6;\">Les \u00e9preuves<\/span><\/h2>\n<p>&#x2666; <strong>A 10h30<\/strong> <strong>: Marche Randonn\u00e9e \u00ab A Travers la Presqu\u2019\u00eele \u00bb<\/strong><\/p>\n<p style=\"text-align: justify;\">Elle se d\u00e9roule le m\u00eame jour que les courses, en matin\u00e9e et d\u00e9but d&rsquo;apr\u00e8s midi, au d\u00e9part de Penthi\u00e8vre en direction de l\u2019Esplanade Hoche. Elle utilise largement les chemins naturels avec un arr\u00eat pique nique \u00e0 Saint Pierre. La partie finale d\u2019environ 2 km (sur route) permettra \u00e0 tous de participer. L\u2019arriv\u00e9e sur la Place Hoche, une heure avant les courses \u00e0 pied, participe largement au rayonnement de l\u2019\u00e9v\u00e8nement. La section Randonn\u00e9e de Loisirs et Culture Saint Pierre Quiberon est charg\u00e9e d\u2019organiser cette marche caritative avec l\u2019aide des adh\u00e9rents de Tribu Cancer.<\/p>\n<p style=\"text-align: justify;\">\u00a0 \u00a0 \u00a0&gt;\u00a0<strong>T\u00e9l\u00e9charger le parcours de la\u00a0<span style=\"color: #0077c6;\"><a style=\"color: #0077c6;\" href=\"http:\/\/quiberonsportnature.bzh\/wp-content\/uploads\/2016\/02\/Marche-2016.pdf\" target=\"_blank\" rel=\"noopener noreferrer\">marche 2016<\/a><\/span><\/strong><\/p>\n<p style=\"text-align: justify;\"><strong>&#x2666;\u00a0<strong>A 14h30<\/strong>\u00a0: Parcours de Marche Nordique<\/strong><\/p>\n<p style=\"text-align: justify;\">Rendez-vous place Hoche, au pied de la Statue, puis direction la pointe du Conguel avant de rejoindre la C\u00f4te Sauvage pour rejoindre la randonn\u00e9e \u00abA Travers la Presqu\u2019\u00eele\u00bb et <span style=\"color: #0077c6;\"><strong>finir ensemble<\/strong><\/span>\u00a0vers \u00a017h00 sur la ligne d\u2019arriv\u00e9e des courses.<\/p>\n<p>&#x2666; <strong>A 17h00<\/strong> <strong>: 2 courses \u00ab jeunes \u00bb<\/strong> : 1 km et 2 km<\/p>\n<p>&#x2666; <strong>A 18h00<\/strong> <strong>: course de 5 km<\/strong><\/p>\n<p>&#x2666; <strong>A 19h00<\/strong> <strong>: course de 10 km<\/strong><\/p>\n<p><strong>\u00a0 \u00a0&gt; T\u00e9l\u00e9charger le <span style=\"color: #0077c6;\"><a style=\"color: #0077c6;\" href=\"http:\/\/quiberonsportnature.bzh\/wp-content\/uploads\/2016\/02\/Bulletin-inscription-course-2016.pdf\" target=\"_blank\" rel=\"noopener noreferrer\">bulletin d&rsquo;inscription aux courses<\/a><\/span><\/strong><\/p>\n<p style=\"padding-left: 90px;\">Cette ann\u00e9e les dossards sont personnalis\u00e9s !<\/p>\n<h2><\/h2>\n<h2><span style=\"color: #0077c6;\">Classements<\/span><\/h2>\n<p>Classement <span style=\"color: #0077c6;\"><a style=\"color: #0077c6;\" href=\"http:\/\/quiberonsportnature.bzh\/wp-content\/uploads\/2016\/02\/2016-Classement-course-5-km.pdf\" target=\"_blank\" rel=\"noopener noreferrer\">Course 5 km<\/a><\/span><\/p>\n<p>Classement <span style=\"color: #0077c6;\"><a style=\"color: #0077c6;\" href=\"http:\/\/quiberonsportnature.bzh\/wp-content\/uploads\/2016\/02\/2016-Classement-10-km.pdf\" target=\"_blank\" rel=\"noopener noreferrer\">Course 10 km<\/a><\/span><\/p>\n<h2><\/h2>\n<h2><span style=\"color: #0077c6;\">Articles de Presse<\/span><\/h2>\n<p>Le T\u00e9l\u00e9gramme du jeudi 14 juillet 2016 : <span style=\"color: #0077c6;\"><a style=\"color: #0077c6;\" href=\"http:\/\/quiberonsportnature.bzh\/wp-content\/uploads\/2016\/02\/T\u00e9l\u00e9gramme-14-juillet-2016.pdf\" target=\"_blank\" rel=\"noopener noreferrer\">Solidarit\u00e9. Naviguer avec Tribu Cancer<\/a><\/span><\/p>\n<p>Ouest France du mercredi 20 juillet 2016 : <span style=\"color: #0077c6;\"><a style=\"color: #0077c6;\" href=\"http:\/\/quiberonsportnature.bzh\/wp-content\/uploads\/2016\/02\/Ouest-France-20-juillet-2016.pdf\" target=\"_blank\" rel=\"noopener noreferrer\">Samedi, c&rsquo;est reparti pour les Foul\u00e9es du Large<\/a><\/span><\/p>\n<p><span style=\"color: #0077c6;\">\u00a0 \u00a0 \u00a0 \u00a0 \u00a0 \u00a0 \u00a0 \u00a0 \u00a0 \u00a0 \u00a0 \u00a0 \u00a0 \u00a0 \u00a0 \u00a0 \u00a0 \u00a0 \u00a0 \u00a0 \u00a0 \u00a0 \u00a0 \u00a0 \u00a0 \u00a0 \u00a0 \u00a0 \u00a0 \u00a0 \u00a0 \u00a0 \u00a0 \u00a0 \u00a0 \u00a0 \u00a0 \u00a0 \u00a0 <a style=\"color: #0077c6;\" href=\"http:\/\/quiberonsportnature.bzh\/wp-content\/uploads\/2016\/02\/Ouest-France-20-juillet-2016-marcheurs.pdf\" target=\"_blank\" rel=\"noopener noreferrer\">Les marcheurs invit\u00e9s au Foul\u00e9es du Large<\/a><\/span><\/p>\n<p>Le T\u00e9l\u00e9gramme du dimanche 24 juillet 2016 : <span style=\"color: #0077c6;\"><a style=\"color: #0077c6;\" href=\"http:\/\/quiberonsportnature.bzh\/wp-content\/uploads\/2016\/02\/T\u00e9l\u00e9gramme-24-juillet-2016.pdf\" target=\"_blank\" rel=\"noopener noreferrer\">Foul\u00e9es duLarge. Le Gallo et Haaz-Le Du main dans la main<\/a><\/span><\/p>\n<p>Le T\u00e9l\u00e9gramme du lundi 25 juillet 2016 : <span style=\"color: #0077c6;\"><a style=\"color: #0077c6;\" href=\"http:\/\/quiberonsportnature.bzh\/wp-content\/uploads\/2016\/02\/T\u00e9l\u00e9graet-2016.pdf\" target=\"_blank\" rel=\"noopener noreferrer\">Foul\u00e9es du Large. Sport, soleil et solidarit\u00e9<\/a><\/span><\/p>\n<p>Ouest France du lundi 25 juillet 2016 : <span style=\"color: #0077c6;\"><a style=\"color: #0077c6;\" href=\"http:\/\/quiberonsportnature.bzh\/wp-content\/uploads\/2016\/02\/Ouest-France-25-juillet-2016-coureurs.pdf\" target=\"_blank\" rel=\"noopener noreferrer\">534 coureurs au Foul\u00e9es du Large<\/a><\/span><\/p>\n<p><span style=\"color: #0077c6;\">\u00a0 \u00a0 \u00a0 \u00a0 \u00a0 \u00a0 \u00a0 \u00a0 \u00a0 \u00a0 \u00a0 \u00a0 \u00a0 \u00a0 \u00a0 \u00a0 \u00a0 \u00a0 \u00a0 \u00a0 \u00a0 \u00a0 \u00a0 \u00a0 \u00a0 \u00a0 \u00a0 \u00a0 \u00a0 \u00a0 \u00a0 \u00a0 \u00a0 \u00a0 \u00a0 \u00a0<a style=\"color: #0077c6;\" href=\"http:\/\/quiberonsportnature.bzh\/wp-content\/uploads\/2016\/02\/Ouest-France-25-juillet-2016-22-jeunes.pdf\" target=\"_blank\" rel=\"noopener noreferrer\">22 jeunes atteints de cancer accueillis au Yacht-Club<\/a><\/span><\/p>\n<p>&nbsp;<\/p>\n<h2><span style=\"color: #0077c6;\">Galeries photos<\/span><\/h2>\n<p>Marches, courses, remises de prix et b\u00e9n\u00e9voles, retrouvez <span style=\"color: #0077c6;\"><a style=\"color: #0077c6;\" href=\"http:\/\/quiberonsportnature.bzh\/index.php\/photos\/\" target=\"_blank\" rel=\"noopener noreferrer\"><strong>toutes les photos<\/strong><\/a> <\/span>dans notre rubrique m\u00e9dia<\/p>\n<p><a href=\"http:\/\/quiberonsportnature.bzh\/wp-content\/uploads\/2016\/02\/Foul\u00e9es-2016-marches.jpg\"><img loading=\"lazy\" class=\"alignleft size-full wp-image-1638\" src=\"http:\/\/quiberonsportnature.bzh\/wp-content\/uploads\/2016\/02\/Foul\u00e9es-2016-marches.jpg\" alt=\"Foul\u00e9es 2016-marches\" width=\"200\" height=\"133\" srcset=\"https:\/\/quiberonsportnature.bzh\/wp-content\/uploads\/2016\/02\/Foul\u00e9es-2016-marches.jpg 200w, https:\/\/quiberonsportnature.bzh\/wp-content\/uploads\/2016\/02\/Foul\u00e9es-2016-marches-50x33.jpg 50w\" sizes=\"(max-width: 200px) 100vw, 200px\" \/><\/a><\/p>\n<p><a href=\"http:\/\/quiberonsportnature.bzh\/wp-content\/uploads\/2016\/02\/Foul\u00e9es-2016-Courses-jeunes.jpg\"><img loading=\"lazy\" class=\"alignleft size-full wp-image-1639\" src=\"http:\/\/quiberonsportnature.bzh\/wp-content\/uploads\/2016\/02\/Foul\u00e9es-2016-Courses-jeunes.jpg\" alt=\"Foul\u00e9es 2016-Courses jeunes\" width=\"200\" height=\"133\" srcset=\"https:\/\/quiberonsportnature.bzh\/wp-content\/uploads\/2016\/02\/Foul\u00e9es-2016-Courses-jeunes.jpg 200w, https:\/\/quiberonsportnature.bzh\/wp-content\/uploads\/2016\/02\/Foul\u00e9es-2016-Courses-jeunes-50x33.jpg 50w\" sizes=\"(max-width: 200px) 100vw, 200px\" \/><\/a><\/p>\n<h4 style=\"text-align: left;\"><a href=\"http:\/\/quiberonsportnature.bzh\/wp-content\/uploads\/2016\/02\/Foul\u00e9es-2016-course-5km.jpg\"><img loading=\"lazy\" class=\"alignleft size-full wp-image-1640\" src=\"http:\/\/quiberonsportnature.bzh\/wp-content\/uploads\/2016\/02\/Foul\u00e9es-2016-course-5km.jpg\" alt=\"Foul\u00e9es 2016-course 5km\" width=\"200\" height=\"133\" srcset=\"https:\/\/quiberonsportnature.bzh\/wp-content\/uploads\/2016\/02\/Foul\u00e9es-2016-course-5km.jpg 200w, https:\/\/quiberonsportnature.bzh\/wp-content\/uploads\/2016\/02\/Foul\u00e9es-2016-course-5km-50x33.jpg 50w\" sizes=\"(max-width: 200px) 100vw, 200px\" \/><\/a><a href=\"http:\/\/quiberonsportnature.bzh\/wp-content\/uploads\/2016\/02\/Foul\u00e9es-2016-course-10km.jpg\"><img loading=\"lazy\" class=\"alignleft size-full wp-image-1641\" src=\"http:\/\/quiberonsportnature.bzh\/wp-content\/uploads\/2016\/02\/Foul\u00e9es-2016-course-10km.jpg\" alt=\"Foul\u00e9es 2016-course 10km\" width=\"200\" height=\"133\" srcset=\"https:\/\/quiberonsportnature.bzh\/wp-content\/uploads\/2016\/02\/Foul\u00e9es-2016-course-10km.jpg 200w, https:\/\/quiberonsportnature.bzh\/wp-content\/uploads\/2016\/02\/Foul\u00e9es-2016-course-10km-50x33.jpg 50w\" sizes=\"(max-width: 200px) 100vw, 200px\" \/><\/a><a href=\"http:\/\/quiberonsportnature.bzh\/wp-content\/uploads\/2016\/02\/Foul\u00e9es-2016-Remise-des-prix.jpg\"><img loading=\"lazy\" class=\"alignleft size-full wp-image-1642\" src=\"http:\/\/quiberonsportnature.bzh\/wp-content\/uploads\/2016\/02\/Foul\u00e9es-2016-Remise-des-prix.jpg\" alt=\"Foul\u00e9es 2016-Remise des prix\" width=\"200\" height=\"133\" srcset=\"https:\/\/quiberonsportnature.bzh\/wp-content\/uploads\/2016\/02\/Foul\u00e9es-2016-Remise-des-prix.jpg 200w, https:\/\/quiberonsportnature.bzh\/wp-content\/uploads\/2016\/02\/Foul\u00e9es-2016-Remise-des-prix-50x33.jpg 50w\" sizes=\"(max-width: 200px) 100vw, 200px\" \/><\/a><\/h4>\n<h4 style=\"text-align: left;\"><\/h4>\n<h4 style=\"text-align: left;\"><a href=\"http:\/\/quiberonsportnature.bzh\/wp-content\/uploads\/2016\/02\/Foul\u00e9es-2016-Les-benevoles.jpg\"><img loading=\"lazy\" class=\"alignleft size-full wp-image-1643\" src=\"http:\/\/quiberonsportnature.bzh\/wp-content\/uploads\/2016\/02\/Foul\u00e9es-2016-Les-benevoles.jpg\" alt=\"Foul\u00e9es 2016-Les benevoles\" width=\"200\" height=\"133\" srcset=\"https:\/\/quiberonsportnature.bzh\/wp-content\/uploads\/2016\/02\/Foul\u00e9es-2016-Les-benevoles.jpg 200w, https:\/\/quiberonsportnature.bzh\/wp-content\/uploads\/2016\/02\/Foul\u00e9es-2016-Les-benevoles-50x33.jpg 50w\" sizes=\"(max-width: 200px) 100vw, 200px\" \/><\/a><\/h4>\n<h4 style=\"text-align: left;\"><\/h4>\n<h4 style=\"text-align: left;\"><\/h4>\n<h4 style=\"text-align: left;\"><\/h4>\n<h4 style=\"text-align: left;\"><\/h4>\n<h4 style=\"text-align: left;\"><\/h4>\n<h4 style=\"text-align: left;\"><\/h4>\n<h4 style=\"text-align: left;\"><\/h4>\n<h4 style=\"text-align: left;\"><\/h4>\n<h4 style=\"text-align: left;\"><\/h4>\n<h4 style=\"text-align: left;\"><\/h4>\n<h4 style=\"text-align: left;\"><\/h4>\n<p>&nbsp;<\/p>\n<p>&nbsp;<\/p>\n<p>&nbsp;<\/p>\n<p>&nbsp;<\/p>\n<h4 style=\"text-align: left;\"><\/h4>\n<h4 style=\"text-align: left;\">Merci \u00e0 Jean Kervarec pour son animation et \u00e0 TONIO le clown pour son rire et sa bonne humeur<\/h4>\n<h4 style=\"text-align: left;\">Remerciements \u00e0 tous les b\u00e9n\u00e9voles et \u00e0 tous nos partenaires !<\/h4>\n<hr \/>\n<p style=\"text-align: left;\"><strong>Organisation et contact :\u00a0<\/strong> QUIBERON SPORT NATURE &#8211; T\u00e9l. 06 76 85 07 88 &#8211; <span style=\"color: #0077c6;\"><a style=\"color: #0077c6;\" href=\"mailto:fouleesdularge@gmail.com\" target=\"_blank\" rel=\"noopener noreferrer\">fouleesdularge@gmail.com<\/a><\/span><\/p>\n<p style=\"text-align: left;\"><strong>Conseiller technique :\u00a0<\/strong> Maryse Le Gallo, marathonienne de haut niveau.<\/p>\n<p style=\"text-align: left;\"><strong>Tarif des inscriptions :\u00a0<\/strong> 5\u20ac pour les marches, 3\u20ac pour les courses \u00ab\u00a0Jeunes\u00a0\u00bb, \u00a08\u20ac pour le 5 km et 10\u20ac pour le 10 km, int\u00e9gralement revers\u00e9s \u00e0 Tribu Cancer.<\/p>\n<hr \/>\n<p style=\"text-align: left;\"><a href=\"http:\/\/www.le-bretagne.com\" target=\"_blank\" rel=\"noopener noreferrer\"><img loading=\"lazy\" class=\"alignnone wp-image-657 size-full\" title=\"Breizh caf\u00e9\" src=\"http:\/\/quiberonsportnature.bzh\/wp-content\/uploads\/2016\/02\/2015-Breizh-caf\u00e9.jpg\" alt=\"Breizh caf\u00e9\" width=\"373\" height=\"115\" srcset=\"https:\/\/quiberonsportnature.bzh\/wp-content\/uploads\/2016\/02\/2015-Breizh-caf\u00e9.jpg 373w, https:\/\/quiberonsportnature.bzh\/wp-content\/uploads\/2016\/02\/2015-Breizh-caf\u00e9-250x77.jpg 250w, https:\/\/quiberonsportnature.bzh\/wp-content\/uploads\/2016\/02\/2015-Breizh-caf\u00e9-50x15.jpg 50w\" sizes=\"(max-width: 373px) 100vw, 373px\" \/><\/a><a href=\"http:\/\/www.sofitel-quiberon-thalassa.com\/fr\" target=\"_blank\" rel=\"noopener noreferrer\"><img loading=\"lazy\" class=\"alignnone wp-image-658 size-full\" title=\"Sofitel Thalassa Sea &amp; Spa\" src=\"http:\/\/quiberonsportnature.bzh\/wp-content\/uploads\/2016\/02\/2015-Sofitel.jpg\" alt=\"Sofitel Thalassa Sea &amp; Spa\" width=\"390\" height=\"113\" srcset=\"https:\/\/quiberonsportnature.bzh\/wp-content\/uploads\/2016\/02\/2015-Sofitel.jpg 390w, https:\/\/quiberonsportnature.bzh\/wp-content\/uploads\/2016\/02\/2015-Sofitel-250x72.jpg 250w, https:\/\/quiberonsportnature.bzh\/wp-content\/uploads\/2016\/02\/2015-Sofitel-50x14.jpg 50w\" sizes=\"(max-width: 390px) 100vw, 390px\" \/><\/a><\/p>\n<p style=\"text-align: left;\"><a href=\"http:\/\/ville-quiberon.fr\" target=\"_blank\" rel=\"noopener noreferrer\"><img loading=\"lazy\" class=\"alignleft wp-image-660 size-full\" title=\"Ville de Quiberon\" src=\"http:\/\/quiberonsportnature.bzh\/wp-content\/uploads\/2016\/02\/2015-Ville.jpg\" alt=\"Ville de Quiberon\" width=\"165\" height=\"100\" srcset=\"https:\/\/quiberonsportnature.bzh\/wp-content\/uploads\/2016\/02\/2015-Ville.jpg 165w, https:\/\/quiberonsportnature.bzh\/wp-content\/uploads\/2016\/02\/2015-Ville-50x30.jpg 50w\" sizes=\"(max-width: 165px) 100vw, 165px\" \/><\/a><\/p>\n<p style=\"text-align: left;\"><a href=\"http:\/\/www.saintpierrequiberon.fr\" target=\"_blank\" rel=\"noopener noreferrer\"><img loading=\"lazy\" class=\"alignleft wp-image-661 size-full\" title=\"Ville de Saint Pierre Quiberon\" src=\"http:\/\/quiberonsportnature.bzh\/wp-content\/uploads\/2016\/02\/2015-Saint-Pierre.jpg\" alt=\"Ville de Saint Pierre Quiberon\" width=\"129\" height=\"100\" srcset=\"https:\/\/quiberonsportnature.bzh\/wp-content\/uploads\/2016\/02\/2015-Saint-Pierre.jpg 129w, https:\/\/quiberonsportnature.bzh\/wp-content\/uploads\/2016\/02\/2015-Saint-Pierre-50x39.jpg 50w\" sizes=\"(max-width: 129px) 100vw, 129px\" \/><\/a><a href=\"http:\/\/www.laquiberonnaise.fr\"><img loading=\"lazy\" class=\"alignleft wp-image-663 size-full\" title=\"La Quiberonnaise\" src=\"http:\/\/quiberonsportnature.bzh\/wp-content\/uploads\/2016\/02\/2015-Quiberonnaise.jpg\" alt=\"La Quiberonnaise\" width=\"104\" height=\"100\" srcset=\"https:\/\/quiberonsportnature.bzh\/wp-content\/uploads\/2016\/02\/2015-Quiberonnaise.jpg 104w, https:\/\/quiberonsportnature.bzh\/wp-content\/uploads\/2016\/02\/2015-Quiberonnaise-50x48.jpg 50w\" sizes=\"(max-width: 104px) 100vw, 104px\" \/><\/a><\/p>\n<p style=\"text-align: left;\"><a href=\"http:\/\/www.maison-armorine.com\" target=\"_blank\" rel=\"noopener noreferrer\"><img loading=\"lazy\" class=\"alignleft wp-image-664 size-full\" title=\"La Maison d'Armorine\" src=\"http:\/\/quiberonsportnature.bzh\/wp-content\/uploads\/2016\/02\/2015-Maison-Armorine.jpg\" alt=\"La Maison d'Armorine\" width=\"125\" height=\"100\" srcset=\"https:\/\/quiberonsportnature.bzh\/wp-content\/uploads\/2016\/02\/2015-Maison-Armorine.jpg 125w, https:\/\/quiberonsportnature.bzh\/wp-content\/uploads\/2016\/02\/2015-Maison-Armorine-50x40.jpg 50w\" sizes=\"(max-width: 125px) 100vw, 125px\" \/><\/a><\/p>\n<p style=\"text-align: left;\"><a href=\"http:\/\/www.carrefour.fr\/magasin\/city-quiberon\" target=\"_blank\" rel=\"noopener noreferrer\"><img loading=\"lazy\" class=\"alignleft wp-image-665 size-full\" title=\"Carrefour City\" src=\"http:\/\/quiberonsportnature.bzh\/wp-content\/uploads\/2016\/02\/2015-Carrefour-City.jpg\" alt=\"Carrefour City\" width=\"122\" height=\"100\" srcset=\"https:\/\/quiberonsportnature.bzh\/wp-content\/uploads\/2016\/02\/2015-Carrefour-City.jpg 122w, https:\/\/quiberonsportnature.bzh\/wp-content\/uploads\/2016\/02\/2015-Carrefour-City-50x41.jpg 50w\" sizes=\"(max-width: 122px) 100vw, 122px\" \/><\/a><\/p>\n<p style=\"text-align: left;\"><a href=\"http:\/\/www.letelegramme.fr\/morbihan\/quiberon\/\" target=\"_blank\" rel=\"noopener noreferrer\"><img loading=\"lazy\" class=\"wp-image-662 size-full alignleft\" title=\"Le T\u00e9l\u00e9gramme\" src=\"http:\/\/quiberonsportnature.bzh\/wp-content\/uploads\/2016\/02\/2015-Le-Telegramme.jpg\" alt=\"Le T\u00e9l\u00e9gramme\" width=\"152\" height=\"100\" srcset=\"https:\/\/quiberonsportnature.bzh\/wp-content\/uploads\/2016\/02\/2015-Le-Telegramme.jpg 152w, https:\/\/quiberonsportnature.bzh\/wp-content\/uploads\/2016\/02\/2015-Le-Telegramme-50x33.jpg 50w\" sizes=\"(max-width: 152px) 100vw, 152px\" \/><\/a><\/p>\n<p style=\"text-align: left;\"><a href=\"http:\/\/www.acmquiberon.fr\/accueil\/\" target=\"_blank\" rel=\"noopener noreferrer\"><img loading=\"lazy\" class=\"alignleft wp-image-670 size-full\" title=\"ACM\" src=\"http:\/\/quiberonsportnature.bzh\/wp-content\/uploads\/2016\/02\/2015-ACM.jpg\" alt=\"ACM\" width=\"84\" height=\"100\" srcset=\"https:\/\/quiberonsportnature.bzh\/wp-content\/uploads\/2016\/02\/2015-ACM.jpg 84w, https:\/\/quiberonsportnature.bzh\/wp-content\/uploads\/2016\/02\/2015-ACM-42x50.jpg 42w\" sizes=\"(max-width: 84px) 100vw, 84px\" \/><\/a><\/p>\n<p style=\"text-align: left;\"><a href=\"http:\/\/www.kakicrazy.fr\" target=\"_blank\" rel=\"noopener noreferrer\"><img loading=\"lazy\" class=\"alignleft wp-image-671 size-full\" title=\"kakicraz\" src=\"http:\/\/quiberonsportnature.bzh\/wp-content\/uploads\/2016\/02\/2015-Kaki-Crazy.jpg\" alt=\"Kaki Crazy\" width=\"105\" height=\"100\" srcset=\"https:\/\/quiberonsportnature.bzh\/wp-content\/uploads\/2016\/02\/2015-Kaki-Crazy.jpg 105w, https:\/\/quiberonsportnature.bzh\/wp-content\/uploads\/2016\/02\/2015-Kaki-Crazy-50x48.jpg 50w\" sizes=\"(max-width: 105px) 100vw, 105px\" \/><\/a><\/p>\n<p style=\"text-align: left;\"><a href=\"https:\/\/www.cmb.fr\/banque\/\" target=\"_blank\" rel=\"noopener noreferrer\"><img loading=\"lazy\" class=\"alignleft wp-image-673 size-full\" title=\"CMB\" src=\"http:\/\/quiberonsportnature.bzh\/wp-content\/uploads\/2016\/02\/2015-CMB.jpg\" alt=\"Cr\u00e9dit Mutuel de Bretagne\" width=\"95\" height=\"100\" srcset=\"https:\/\/quiberonsportnature.bzh\/wp-content\/uploads\/2016\/02\/2015-CMB.jpg 95w, https:\/\/quiberonsportnature.bzh\/wp-content\/uploads\/2016\/02\/2015-CMB-48x50.jpg 48w\" sizes=\"(max-width: 95px) 100vw, 95px\" \/><\/a><a href=\"http:\/\/www.zephyr-biere.com\" target=\"_blank\" rel=\"noopener noreferrer\"><img loading=\"lazy\" class=\"alignleft wp-image-674 size-full\" title=\"http:\/\/www.zephyr-biere.com\" src=\"http:\/\/quiberonsportnature.bzh\/wp-content\/uploads\/2016\/02\/2015-Zephir.jpg\" alt=\"Z\u00e9phyr\" width=\"90\" height=\"100\" srcset=\"https:\/\/quiberonsportnature.bzh\/wp-content\/uploads\/2016\/02\/2015-Zephir.jpg 90w, https:\/\/quiberonsportnature.bzh\/wp-content\/uploads\/2016\/02\/2015-Zephir-45x50.jpg 45w\" sizes=\"(max-width: 90px) 100vw, 90px\" \/><\/a><img loading=\"lazy\" class=\"alignleft size-full wp-image-676\" src=\"http:\/\/quiberonsportnature.bzh\/wp-content\/uploads\/2016\/02\/2015-velocean.jpg\" alt=\"V\u00e9loc\u00e9an\" width=\"111\" height=\"101\" \/><a href=\"http:\/\/www.comptoir-de-locean.fr\" target=\"_blank\" rel=\"noopener noreferrer\"><img loading=\"lazy\" class=\"alignleft wp-image-669 \" title=\"Comptoir de l'Oc\u00e9an\" src=\"http:\/\/quiberonsportnature.bzh\/wp-content\/uploads\/2016\/02\/2015-Comptoir-Oc\u00e9an.jpg\" alt=\"Comptoir de l'Oc\u00e9an\" width=\"97\" height=\"89\" srcset=\"https:\/\/quiberonsportnature.bzh\/wp-content\/uploads\/2016\/02\/2015-Comptoir-Oc\u00e9an.jpg 109w, https:\/\/quiberonsportnature.bzh\/wp-content\/uploads\/2016\/02\/2015-Comptoir-Oc\u00e9an-50x46.jpg 50w\" sizes=\"(max-width: 97px) 100vw, 97px\" \/><\/a><\/p>\n<p style=\"text-align: left;\"><a href=\"http:\/\/enduranceshop.com\/nos-magasins\/vannes\/\"><img loading=\"lazy\" class=\"wp-image-993 size-full alignleft\" src=\"http:\/\/quiberonsportnature.bzh\/wp-content\/uploads\/2016\/02\/Endurance-shop-vannes-2016.jpg\" alt=\"Endurance Shop Vannes\" width=\"200\" height=\"100\" srcset=\"https:\/\/quiberonsportnature.bzh\/wp-content\/uploads\/2016\/02\/Endurance-shop-vannes-2016.jpg 200w, https:\/\/quiberonsportnature.bzh\/wp-content\/uploads\/2016\/02\/Endurance-shop-vannes-2016-50x25.jpg 50w\" sizes=\"(max-width: 200px) 100vw, 200px\" \/><img loading=\"lazy\" class=\"size-full wp-image-1006 alignleft\" src=\"http:\/\/quiberonsportnature.bzh\/wp-content\/uploads\/2016\/02\/Renault.png\" alt=\"Renault Quiberon\" width=\"72\" height=\"100\" srcset=\"https:\/\/quiberonsportnature.bzh\/wp-content\/uploads\/2016\/02\/Renault.png 72w, https:\/\/quiberonsportnature.bzh\/wp-content\/uploads\/2016\/02\/Renault-36x50.png 36w\" sizes=\"(max-width: 72px) 100vw, 72px\" \/><\/a>\u00a0 \u00a0 \u00a0\u00a0<a href=\"https:\/\/www.facebook.com\/pages\/La-Cabana\/189132847774967\" target=\"_blank\" rel=\"noopener noreferrer\"><img loading=\"lazy\" class=\"wp-image-1013 size-full alignleft\" src=\"http:\/\/quiberonsportnature.bzh\/wp-content\/uploads\/2016\/02\/la-cabana.jpg\" alt=\"la cabana\" width=\"65\" height=\"100\" srcset=\"https:\/\/quiberonsportnature.bzh\/wp-content\/uploads\/2016\/02\/la-cabana.jpg 65w, https:\/\/quiberonsportnature.bzh\/wp-content\/uploads\/2016\/02\/la-cabana-33x50.jpg 33w\" sizes=\"(max-width: 65px) 100vw, 65px\" \/><\/a><\/p>\n<p style=\"text-align: left;\"><span style=\"color: #0077c6;\"><a style=\"color: #0077c6;\" href=\"http:\/\/quiberonsportnature.bzh\/index.php\/foulees-du-large\/les-foulees-du-large-2015\/\">Foul\u00e9es <\/a><\/span><a style=\"color: #0077c6;\" href=\"http:\/\/quiberonsportnature.bzh\/index.php\/foulees-du-large\/les-foulees-du-large-2015\/\">du Large 2015 &gt;<\/a><\/p>\n","protected":false},"excerpt":{"rendered":"<p>Les Foul\u00e9es du Large 2016 &#8211; 4\u00e8 \u00e9dition Samedi 23 juillet 2016 &nbsp; &nbsp; Apr\u00e8s les succ\u00e8s de 2013, 2014 et 2015, pour cette 4\u00e8me \u00e9dition, le trac\u00e9 du parcours des courses est maintenu avec un d\u00e9part\u00a0Esplanade Hoche et deux<\/p>\n","protected":false},"author":2,"featured_media":0,"parent":26,"menu_order":11,"comment_status":"closed","ping_status":"closed","template":"","meta":[],"_links":{"self":[{"href":"https:\/\/quiberonsportnature.bzh\/index.php\/wp-json\/wp\/v2\/pages\/715"}],"collection":[{"href":"https:\/\/quiberonsportnature.bzh\/index.php\/wp-json\/wp\/v2\/pages"}],"about":[{"href":"https:\/\/quiberonsportnature.bzh\/index.php\/wp-json\/wp\/v2\/types\/page"}],"author":[{"embeddable":true,"href":"https:\/\/quiberonsportnature.bzh\/index.php\/wp-json\/wp\/v2\/users\/2"}],"replies":[{"embeddable":true,"href":"https:\/\/quiberonsportnature.bzh\/index.php\/wp-json\/wp\/v2\/comments?post=715"}],"version-history":[{"count":107,"href":"https:\/\/quiberonsportnature.bzh\/index.php\/wp-json\/wp\/v2\/pages\/715\/revisions"}],"predecessor-version":[{"id":4653,"href":"https:\/\/quiberonsportnature.bzh\/index.php\/wp-json\/wp\/v2\/pages\/715\/revisions\/4653"}],"up":[{"embeddable":true,"href":"https:\/\/quiberonsportnature.bzh\/index.php\/wp-json\/wp\/v2\/pages\/26"}],"wp:attachment":[{"href":"https:\/\/quiberonsportnature.bzh\/index.php\/wp-json\/wp\/v2\/media?parent=715"}],"curies":[{"name":"wp","href":"https:\/\/api.w.org\/{rel}","templated":true}]}}