{"id":79,"date":"2016-01-20T17:45:52","date_gmt":"2016-01-20T17:45:52","guid":{"rendered":"http:\/\/quiberonsportnature.bzh\/?page_id=79"},"modified":"2017-03-14T17:57:18","modified_gmt":"2017-03-14T17:57:18","slug":"medias","status":"publish","type":"page","link":"https:\/\/quiberonsportnature.bzh\/index.php\/medias\/","title":{"rendered":"M\u00e9dias"},"content":{"rendered":"<p><a href=\"http:\/\/quiberonsportnature.bzh\/wp-content\/uploads\/2016\/01\/bandeau-page-medias.jpg\"><img loading=\"lazy\" class=\"alignleft wp-image-3415 size-full\" src=\"http:\/\/quiberonsportnature.bzh\/wp-content\/uploads\/2016\/01\/bandeau-page-medias.jpg\" alt=\"Le club au Trail de Camors\" width=\"1198\" height=\"412\" srcset=\"https:\/\/quiberonsportnature.bzh\/wp-content\/uploads\/2016\/01\/bandeau-page-medias.jpg 1198w, https:\/\/quiberonsportnature.bzh\/wp-content\/uploads\/2016\/01\/bandeau-page-medias-250x86.jpg 250w, https:\/\/quiberonsportnature.bzh\/wp-content\/uploads\/2016\/01\/bandeau-page-medias-750x258.jpg 750w, https:\/\/quiberonsportnature.bzh\/wp-content\/uploads\/2016\/01\/bandeau-page-medias-1024x352.jpg 1024w, https:\/\/quiberonsportnature.bzh\/wp-content\/uploads\/2016\/01\/bandeau-page-medias-50x17.jpg 50w\" sizes=\"(max-width: 1198px) 100vw, 1198px\" \/><\/a><\/p>\n<h3><span style=\"color: #0077c6;\">Photos<img loading=\"lazy\" class=\"alignright wp-image-3367\" src=\"http:\/\/quiberonsportnature.bzh\/wp-content\/uploads\/2016\/01\/visuel-photos.jpg\" width=\"250\" height=\"162\" srcset=\"https:\/\/quiberonsportnature.bzh\/wp-content\/uploads\/2016\/01\/visuel-photos.jpg 300w, https:\/\/quiberonsportnature.bzh\/wp-content\/uploads\/2016\/01\/visuel-photos-250x162.jpg 250w, https:\/\/quiberonsportnature.bzh\/wp-content\/uploads\/2016\/01\/visuel-photos-50x32.jpg 50w\" sizes=\"(max-width: 250px) 100vw, 250px\" \/><\/span><\/h3>\n<p>&nbsp;<\/p>\n<p>Retrouvez toutes les photos du club : les sorties, les entra\u00eenements, les comp\u00e9titions&#8230;<\/p>\n<pre><a href=\"http:\/\/quiberonsportnature.bzh\/index.php\/photos\/\">Voir les photos  &gt;<\/a><\/pre>\n<h3><\/h3>\n<p>&nbsp;<\/p>\n<h3><span style=\"color: #0077c6;\">Vid\u00e9os<img loading=\"lazy\" class=\"alignright wp-image-307 size-full\" src=\"http:\/\/quiberonsportnature.bzh\/wp-content\/uploads\/2016\/02\/visuel-video-e1454353045538.jpg\" alt=\"Les vid\u00e9os sur You tube\" width=\"250\" height=\"167\" \/><\/span><\/h3>\n<p>&nbsp;<\/p>\n<p>Retrouvez nos vid\u00e9os sur You tube<\/p>\n<pre><a href=\"http:\/\/quiberonsportnature.bzh\/index.php\/videos\/\">Voir les vid\u00e9os\u00a0 &gt;<\/a><\/pre>\n<p>&nbsp;<\/p>\n<p>&nbsp;<\/p>\n<h3><span style=\"color: #0077c6;\">Presse<img loading=\"lazy\" class=\"alignright wp-image-308 size-full\" src=\"http:\/\/quiberonsportnature.bzh\/wp-content\/uploads\/2016\/02\/visuel-presse-e1454353135811.jpg\" alt=\"Presse\" width=\"250\" height=\"167\" \/><\/span><\/h3>\n<p>&nbsp;<\/p>\n<p>Les articles au sujet\u00a0du club et des Foul\u00e9es du Large<\/p>\n<pre><a href=\"http:\/\/quiberonsportnature.bzh\/index.php\/presse\/\">Voir les articles de presse\u00a0 &gt;<\/a><\/pre>\n<p>&nbsp;<\/p>\n","protected":false},"excerpt":{"rendered":"<p>Photos &nbsp; Retrouvez toutes les photos du club : les sorties, les entra\u00eenements, les comp\u00e9titions&#8230; Voir les photos &gt; &nbsp; Vid\u00e9os &nbsp; Retrouvez nos vid\u00e9os sur You tube Voir les vid\u00e9os\u00a0 &gt; &nbsp; &nbsp; Presse &nbsp; Les articles au sujet\u00a0du<\/p>\n","protected":false},"author":2,"featured_media":0,"parent":0,"menu_order":14,"comment_status":"closed","ping_status":"closed","template":"","meta":[],"_links":{"self":[{"href":"https:\/\/quiberonsportnature.bzh\/index.php\/wp-json\/wp\/v2\/pages\/79"}],"collection":[{"href":"https:\/\/quiberonsportnature.bzh\/index.php\/wp-json\/wp\/v2\/pages"}],"about":[{"href":"https:\/\/quiberonsportnature.bzh\/index.php\/wp-json\/wp\/v2\/types\/page"}],"author":[{"embeddable":true,"href":"https:\/\/quiberonsportnature.bzh\/index.php\/wp-json\/wp\/v2\/users\/2"}],"replies":[{"embeddable":true,"href":"https:\/\/quiberonsportnature.bzh\/index.php\/wp-json\/wp\/v2\/comments?post=79"}],"version-history":[{"count":22,"href":"https:\/\/quiberonsportnature.bzh\/index.php\/wp-json\/wp\/v2\/pages\/79\/revisions"}],"predecessor-version":[{"id":3417,"href":"https:\/\/quiberonsportnature.bzh\/index.php\/wp-json\/wp\/v2\/pages\/79\/revisions\/3417"}],"wp:attachment":[{"href":"https:\/\/quiberonsportnature.bzh\/index.php\/wp-json\/wp\/v2\/media?parent=79"}],"curies":[{"name":"wp","href":"https:\/\/api.w.org\/{rel}","templated":true}]}}